{"id":1085,"date":"2023-07-21T09:42:23","date_gmt":"2023-07-21T09:42:23","guid":{"rendered":"https:\/\/noucartallers.es\/?page_id=1085"},"modified":"2023-07-21T09:48:50","modified_gmt":"2023-07-21T09:48:50","slug":"itv","status":"publish","type":"page","link":"https:\/\/noucartallers.es\/ca\/serveis\/itv","title":{"rendered":"ITV"},"content":{"rendered":"<div class=\"wpb-content-wrapper\"><div data-vc-full-width=\"true\" data-vc-full-width-temp=\"true\" data-vc-full-width-init=\"false\" data-vc-stretch-content=\"true\" class=\"vc_row wpb_row vc_row-fluid vc_custom_1689932243650 vc_row-has-fill vc_row-no-padding\"><div class=\"wpb_column vc_column_container vc_col-sm-12 vc_hidden-md vc_hidden-sm vc_hidden-xs vc_col-has-fill\"><div class=\"vc_column-inner vc_custom_1689932333424\"><div class=\"wpb_wrapper\"><div class=\"boc_spacing\" style=\"height: 350px\"><\/div>\n\t<div class=\"wpb_text_column wpb_content_element vc_custom_1689932366945\" >\n\t\t<div class=\"wpb_wrapper\">\n\t\t\t<h1 style=\"font-weight: bold; text-align: center;\"><span style=\"color: #ffffff;\">ITV<\/span><\/h1>\n\n\t\t<\/div>\n\t<\/div>\n<div class=\"boc_spacing\" style=\"height: 20px\"><\/div><\/div><\/div><\/div><\/div><div class=\"vc_row-full-width vc_clearfix\"><\/div><div data-vc-full-width=\"true\" data-vc-full-width-temp=\"true\" data-vc-full-width-init=\"false\" data-vc-stretch-content=\"true\" class=\"vc_row wpb_row vc_row-fluid vc_custom_1656325280887 vc_row-no-padding\"><div class=\"wpb_column vc_column_container vc_col-sm-12 vc_hidden-lg vc_col-has-fill\"><div class=\"vc_column-inner vc_custom_1689932336873\"><div class=\"wpb_wrapper\"><div class=\"boc_spacing\" style=\"height: 150px\"><\/div>\n\t<div class=\"wpb_text_column wpb_content_element\" >\n\t\t<div class=\"wpb_wrapper\">\n\t\t\t<h1 style=\"font-weight: bold; text-align: center;\"><span style=\"color: #ffffff;\">ITV<\/span><\/h1>\n\n\t\t<\/div>\n\t<\/div>\n<div class=\"boc_spacing\" style=\"height: 20px\"><\/div><\/div><\/div><\/div><\/div><div class=\"vc_row-full-width vc_clearfix\"><\/div><div class=\"vc_row wpb_row vc_row-fluid\"><div class=\"wpb_column vc_column_container vc_col-sm-12\"><div class=\"vc_column-inner\"><div class=\"wpb_wrapper\"><div class=\"boc_spacing\" style=\"height: 20px\"><\/div><\/div><\/div><\/div><\/div><div class=\"vc_row wpb_row vc_row-fluid vc_custom_1657104679870 vc_column-gap-35\"><div class=\"wpb_column vc_column_container vc_col-sm-6\"><div class=\"vc_column-inner\"><div class=\"wpb_wrapper\">\n\t<div class=\"wpb_text_column wpb_content_element\" >\n\t\t<div class=\"wpb_wrapper\">\n\t\t\t<h2>NOU CAR TALLERS: Servei d&#039;ITV r\u00e0pid i de confian\u00e7a per a turismes i flotacions de vehicles<\/h2>\n<p style=\"text-align: justify;\">Al nostre taller, oferim un servei d&#039;Inspecci\u00f3 T\u00e8cnica de Vehicles (ITV) r\u00e0pid, de confian\u00e7a i convenient per a turismes i flots de vehicles. Sabem que el teu temps \u00e9s valu\u00f3s, per la qual cosa ens encarreguem de concertar la cita per tu i realitzem una exhaustiva Pre-ITV per garantir que el teu vehicle compleixi amb els requisits necessaris.<\/p>\n\n\t\t<\/div>\n\t<\/div>\n<\/div><\/div><\/div><div class=\"wpb_column vc_column_container vc_col-sm-6\"><div class=\"vc_column-inner\"><div class=\"wpb_wrapper\">\n\t<div  class=\"wpb_single_image wpb_content_element vc_align_left wpb_content_element\">\n\t\t\n\t\t<figure class=\"wpb_wrapper vc_figure\">\n\t\t\t<div class=\"vc_single_image-wrapper   vc_box_border_grey\"><img loading=\"lazy\" decoding=\"async\" width=\"1920\" height=\"1280\" src=\"https:\/\/noucartallers.es\/wp-content\/uploads\/2022\/12\/workshop-3758513_1920.jpg\" class=\"vc_single_image-img attachment-full\" alt=\"\" title=\"taller de cotxe a Barcelona\" srcset=\"https:\/\/noucartallers.es\/wp-content\/uploads\/2022\/12\/workshop-3758513_1920.jpg 1920w, https:\/\/noucartallers.es\/wp-content\/uploads\/2022\/12\/workshop-3758513_1920-300x200.jpg 300w, https:\/\/noucartallers.es\/wp-content\/uploads\/2022\/12\/workshop-3758513_1920-1024x683.jpg 1024w, https:\/\/noucartallers.es\/wp-content\/uploads\/2022\/12\/workshop-3758513_1920-768x512.jpg 768w, https:\/\/noucartallers.es\/wp-content\/uploads\/2022\/12\/workshop-3758513_1920-1536x1024.jpg 1536w\" sizes=\"auto, (max-width: 1920px) 100vw, 1920px\" \/><\/div>\n\t\t<\/figure>\n\t<\/div>\n<\/div><\/div><\/div><\/div><div class=\"vc_row wpb_row vc_row-fluid vc_custom_1657104679870 vc_column-gap-35\"><div class=\"wpb_column vc_column_container vc_col-sm-12\"><div class=\"vc_column-inner\"><div class=\"wpb_wrapper\"><div class=\"boc_spacing\" style=\"height: 20px\"><\/div><\/div><\/div><\/div><\/div><div class=\"vc_row wpb_row vc_row-fluid\"><div class=\"botones wpb_column vc_column_container vc_col-sm-12\"><div class=\"vc_column-inner\"><div class=\"wpb_wrapper\"><div class=\"boc_spacing\" style=\"height: 1px\"><\/div><h3 class=\"boc_heading  center  boc_subheading\"  style=\"margin-bottom: 20px;margin-top: 0px;color: #333333;\"><span>Confia en nosaltres, tenim <strong>la soluci\u00f3 al teu problema<\/strong><\/span><\/h3><div class=\"boc_spacing\" style=\"height: 30px\"><\/div><\/div><\/div><\/div><\/div><div class=\"vc_row wpb_row vc_row-fluid vc_custom_1657104679870 vc_column-gap-35\"><div class=\"wpb_column vc_column_container vc_col-sm-12\"><div class=\"vc_column-inner\"><div class=\"wpb_wrapper\">\n\t<div class=\"wpb_text_column wpb_content_element\" >\n\t\t<div class=\"wpb_wrapper\">\n\t\t\t<p style=\"text-align: center;\"><strong>BENEFICI DE CONFIAR-NOS LA TEVA REVISI\u00d3 D&#039;ITV<\/strong><\/p>\n\n\t\t<\/div>\n\t<\/div>\n<\/div><\/div><\/div><\/div><div class=\"vc_row wpb_row vc_row-fluid vc_custom_1657104679870 vc_column-gap-35\"><div class=\"wpb_column vc_column_container vc_col-sm-3\"><div class=\"vc_column-inner\"><div class=\"wpb_wrapper\"><div id=\"top_icon_box_582\" class=\"top_icon_box type1\"><div class=\"icon_holder\"><div class=\"icon_bgr\"><\/div><div class=\"icon_center\"><i class=\"icon icon-clock3\"><\/i><\/div><\/div><h3> Ahorrament de temps<\/h3><p><\/p>\n<p style=\"text-align: center;\">El nostre servei d&#039;ITV et permet ahorrar temps per evitar llargs esperis i tr\u00e0mits burocr\u00e0tics. Ens encarreguem de gestionar la cita per tu i realitzar la Pre-ITV, perqu\u00e8 puguis centrar-te en les teves activitats di\u00e0ries sense preocupacions.<\/p>\n<p><\/p><\/div><\/div><\/div><\/div><div class=\"wpb_column vc_column_container vc_col-sm-3\"><div class=\"vc_column-inner\"><div class=\"wpb_wrapper\"><div id=\"top_icon_box_81920\" class=\"top_icon_box type1\"><div class=\"icon_holder\"><div class=\"icon_bgr\"><\/div><div class=\"icon_center\"><i class=\"icon icon-check2\"><\/i><\/div><\/div><h3> Tranquil\u00b7litat i confiabilitat<\/h3><p>Realitzem una minuciosa Pre-ITV amb controls exhaustius que inclouen diagnosi, nivells, llums, habitacle i pneum\u00e0tics. Aix\u00f2 garanteix que el teu vehicle compleixi amb els est\u00e0ndards de seguretat i emissions, brindant-te tranquil\u00b7litat i confian\u00e7a a la carretera.<\/p><\/div><\/div><\/div><\/div><div class=\"wpb_column vc_column_container vc_col-sm-3\"><div class=\"vc_column-inner\"><div class=\"wpb_wrapper\"><div id=\"top_icon_box_67439\" class=\"top_icon_box type1\"><div class=\"icon_holder\"><div class=\"icon_bgr\"><\/div><div class=\"icon_center\"><i class=\"icon icon-thumbs-up\"><\/i><\/div><\/div><h3> Atenci\u00f3 personalitzada<\/h3><p>El nostre equip d\u00b4experts s\u00b4assegurar\u00e0 de brindar-te un servei personalitzat i amigable. Estarem encantats de resoldre totes les teves dubtes i brindar-te assessorament professional per assegurar que el teu vehicle superi la ITV sense problemes.<\/p><\/div><\/div><\/div><\/div><div class=\"wpb_column vc_column_container vc_col-sm-3\"><div class=\"vc_column-inner\"><div class=\"wpb_wrapper\"><div id=\"top_icon_box_77699\" class=\"top_icon_box type1\"><div class=\"icon_holder\"><div class=\"icon_bgr\"><\/div><div class=\"icon_center\"><i class=\"icon icon-truck2\"><\/i><\/div><\/div><h3> Servei per a flotacions de vehicles<\/h3><p><\/p>\n<div class=\"traductor-textarea form-group\">\n<div class=\"textarea-desti col-xs-12 col-sm-6\">\n<div class=\"form-control second-textarea\">Entenem que les flotes de vehicles necessiten un servei eficient i r\u00e0pid. Amb la nostra atenci\u00f3 especialitzada, podr\u00e0s optimitzar el temps dels teus conductors, evitant que passin temps a la ITV i permetent-los centrar-se en les activitats de repartiment o treball, sense interrupcions.<\/div>\n<\/div>\n<\/div>\n<p><\/p><\/div><\/div><\/div><\/div><\/div><div class=\"vc_row wpb_row vc_row-fluid\"><div class=\"wpb_column vc_column_container vc_col-sm-12\"><div class=\"vc_column-inner\"><div class=\"wpb_wrapper\">\n\t<div class=\"wpb_text_column wpb_content_element\" >\n\t\t<div class=\"wpb_wrapper\">\n\t\t\t<p>Punts de control Pre-ITV:<\/p>\n<p>-Control amb diagnosi<\/p>\n<p>-Control de nivells<\/p>\n<p>-Control de llums<\/p>\n<p>-Control habitacle<\/p>\n<p>-Control pneum\u00e0tics<\/p>\n\n\t\t<\/div>\n\t<\/div>\n<\/div><\/div><\/div><\/div><div class=\"vc_row wpb_row vc_row-fluid\"><div class=\"wpb_column vc_column_container vc_col-sm-12\"><div class=\"vc_column-inner\"><div class=\"wpb_wrapper\"><div class=\"boc_spacing\" style=\"height: 30px\"><\/div><\/div><\/div><\/div><\/div>\n<\/div>","protected":false},"excerpt":{"rendered":"ITV ITV NOU CAR TALLERS: Servei d'ITV r\u00e0pid i de confian\u00e7a per a turismes i flotes de vehicles En el nostre taller, oferim un servei d'Inspecci\u00f3 T\u00e8cnica de Vehicles (ITV) r\u00e0pid, de confian\u00e7a i convenient per a turismes i flotes de vehicles. Sabem que el teu temps \u00e9s valu\u00f3s, per la qual cosa ens encarreguem de concertar la cita per<div class=\"h10\"><\/div><a class=\"more-link1\" href=\"https:\/\/noucartallers.es\/ca\/serveis\/itv\">Read more<\/a>","protected":false},"author":1,"featured_media":0,"parent":577,"menu_order":0,"comment_status":"closed","ping_status":"closed","template":"","meta":{"footnotes":""},"class_list":["post-1085","page","type-page","status-publish","hentry"],"yoast_head":"<!-- This site is optimized with the Yoast SEO plugin v26.7 - https:\/\/yoast.com\/wordpress\/plugins\/seo\/ -->\n<title>ITV - Nou Car Tallers<\/title>\n<meta name=\"robots\" content=\"index, follow, max-snippet:-1, max-image-preview:large, max-video-preview:-1\" \/>\n<link rel=\"canonical\" href=\"https:\/\/noucartallers.es\/ca\/serveis\/itv\" \/>\n<meta property=\"og:locale\" content=\"ca_ES\" \/>\n<meta property=\"og:type\" content=\"article\" \/>\n<meta property=\"og:title\" content=\"ITV - Nou Car Tallers\" \/>\n<meta property=\"og:url\" content=\"https:\/\/noucartallers.es\/ca\/serveis\/itv\" \/>\n<meta property=\"og:site_name\" content=\"Nou Car Tallers\" \/>\n<meta property=\"article:modified_time\" content=\"2023-07-21T09:48:50+00:00\" \/>\n<meta name=\"twitter:card\" content=\"summary_large_image\" \/>\n<meta name=\"twitter:label1\" content=\"Temps estimat de lectura\" \/>\n\t<meta name=\"twitter:data1\" content=\"3 minuts\" \/>\n<script type=\"application\/ld+json\" class=\"yoast-schema-graph\">{\"@context\":\"https:\/\/schema.org\",\"@graph\":[{\"@type\":\"WebPage\",\"@id\":\"https:\/\/noucartallers.es\/ca\/serveis\/itv\",\"url\":\"https:\/\/noucartallers.es\/ca\/serveis\/itv\",\"name\":\"ITV - Nou Car Tallers\",\"isPartOf\":{\"@id\":\"https:\/\/noucartallers.es\/#website\"},\"datePublished\":\"2023-07-21T09:42:23+00:00\",\"dateModified\":\"2023-07-21T09:48:50+00:00\",\"breadcrumb\":{\"@id\":\"https:\/\/noucartallers.es\/ca\/serveis\/itv#breadcrumb\"},\"inLanguage\":\"ca\",\"potentialAction\":[{\"@type\":\"ReadAction\",\"target\":[\"https:\/\/noucartallers.es\/ca\/serveis\/itv\"]}]},{\"@type\":\"BreadcrumbList\",\"@id\":\"https:\/\/noucartallers.es\/ca\/serveis\/itv#breadcrumb\",\"itemListElement\":[{\"@type\":\"ListItem\",\"position\":1,\"name\":\"Portada\",\"item\":\"https:\/\/noucartallers.es\/\"},{\"@type\":\"ListItem\",\"position\":2,\"name\":\"SERVEIS\",\"item\":\"https:\/\/noucartallers.es\/ca\/serveis\"},{\"@type\":\"ListItem\",\"position\":3,\"name\":\"ITV\"}]},{\"@type\":\"WebSite\",\"@id\":\"https:\/\/noucartallers.es\/#website\",\"url\":\"https:\/\/noucartallers.es\/\",\"name\":\"Nou Car Tallers\",\"description\":\"Servicio de mantenimiento y reparaciones para todo tipo de veh\u00edculos\",\"potentialAction\":[{\"@type\":\"SearchAction\",\"target\":{\"@type\":\"EntryPoint\",\"urlTemplate\":\"https:\/\/noucartallers.es\/?s={search_term_string}\"},\"query-input\":{\"@type\":\"PropertyValueSpecification\",\"valueRequired\":true,\"valueName\":\"search_term_string\"}}],\"inLanguage\":\"ca\"}]}<\/script>\n<!-- \/ Yoast SEO plugin. -->","yoast_head_json":{"title":"ITV - Nou Car Tallers","robots":{"index":"index","follow":"follow","max-snippet":"max-snippet:-1","max-image-preview":"max-image-preview:large","max-video-preview":"max-video-preview:-1"},"canonical":"https:\/\/noucartallers.es\/ca\/serveis\/itv","og_locale":"ca_ES","og_type":"article","og_title":"ITV - Nou Car Tallers","og_url":"https:\/\/noucartallers.es\/ca\/serveis\/itv","og_site_name":"Nou Car Tallers","article_modified_time":"2023-07-21T09:48:50+00:00","twitter_card":"summary_large_image","twitter_misc":{"Temps estimat de lectura":"3 minuts"},"schema":{"@context":"https:\/\/schema.org","@graph":[{"@type":"WebPage","@id":"https:\/\/noucartallers.es\/ca\/serveis\/itv","url":"https:\/\/noucartallers.es\/ca\/serveis\/itv","name":"ITV - Nou Car Tallers","isPartOf":{"@id":"https:\/\/noucartallers.es\/#website"},"datePublished":"2023-07-21T09:42:23+00:00","dateModified":"2023-07-21T09:48:50+00:00","breadcrumb":{"@id":"https:\/\/noucartallers.es\/ca\/serveis\/itv#breadcrumb"},"inLanguage":"ca","potentialAction":[{"@type":"ReadAction","target":["https:\/\/noucartallers.es\/ca\/serveis\/itv"]}]},{"@type":"BreadcrumbList","@id":"https:\/\/noucartallers.es\/ca\/serveis\/itv#breadcrumb","itemListElement":[{"@type":"ListItem","position":1,"name":"Portada","item":"https:\/\/noucartallers.es\/"},{"@type":"ListItem","position":2,"name":"SERVEIS","item":"https:\/\/noucartallers.es\/ca\/serveis"},{"@type":"ListItem","position":3,"name":"ITV"}]},{"@type":"WebSite","@id":"https:\/\/noucartallers.es\/#website","url":"https:\/\/noucartallers.es\/","name":"Nou Car Tallers","description":"Servicio de mantenimiento y reparaciones para todo tipo de veh\u00edculos","potentialAction":[{"@type":"SearchAction","target":{"@type":"EntryPoint","urlTemplate":"https:\/\/noucartallers.es\/?s={search_term_string}"},"query-input":{"@type":"PropertyValueSpecification","valueRequired":true,"valueName":"search_term_string"}}],"inLanguage":"ca"}]}},"_links":{"self":[{"href":"https:\/\/noucartallers.es\/ca\/wp-json\/wp\/v2\/pages\/1085","targetHints":{"allow":["GET"]}}],"collection":[{"href":"https:\/\/noucartallers.es\/ca\/wp-json\/wp\/v2\/pages"}],"about":[{"href":"https:\/\/noucartallers.es\/ca\/wp-json\/wp\/v2\/types\/page"}],"author":[{"embeddable":true,"href":"https:\/\/noucartallers.es\/ca\/wp-json\/wp\/v2\/users\/1"}],"replies":[{"embeddable":true,"href":"https:\/\/noucartallers.es\/ca\/wp-json\/wp\/v2\/comments?post=1085"}],"version-history":[{"count":3,"href":"https:\/\/noucartallers.es\/ca\/wp-json\/wp\/v2\/pages\/1085\/revisions"}],"predecessor-version":[{"id":1089,"href":"https:\/\/noucartallers.es\/ca\/wp-json\/wp\/v2\/pages\/1085\/revisions\/1089"}],"up":[{"embeddable":true,"href":"https:\/\/noucartallers.es\/ca\/wp-json\/wp\/v2\/pages\/577"}],"wp:attachment":[{"href":"https:\/\/noucartallers.es\/ca\/wp-json\/wp\/v2\/media?parent=1085"}],"curies":[{"name":"wp","href":"https:\/\/api.w.org\/{rel}","templated":true}]}}