{"id":1182,"date":"2023-09-01T07:25:37","date_gmt":"2023-09-01T07:25:37","guid":{"rendered":"https:\/\/noucartallers.es\/reparacion-de-camiones-granollers-copy"},"modified":"2023-09-01T07:27:11","modified_gmt":"2023-09-01T07:27:11","slug":"taller-mecanico-camiones-barcelona","status":"publish","type":"page","link":"https:\/\/noucartallers.es\/ca\/taller-mecanico-camiones\/taller-mecanico-camiones-barcelona","title":{"rendered":"Taller mec\u00e0nic camions Barcelona"},"content":{"rendered":"<div class=\"wpb-content-wrapper\"><div class=\"vc_row wpb_row vc_row-fluid vc_column-gap-35\"><div class=\"wpb_column vc_column_container vc_col-sm-8 vc_hidden-md vc_hidden-sm vc_hidden-xs\"><div class=\"vc_column-inner\"><div class=\"wpb_wrapper\">\n\t\t\t\t\t<!-- Image Slider -->\n\t\t\t\t\t<script type=\"text\/javascript\">\n\n\t\t\t\t\t\tjQuery(document).ready(function($) {\n\t\t\t\t\t\t\t\n\t\t\t\t\t\t\t\/\/ Load carousel after its images are loaded\n\t\t\t\t\t\t\tpreloadImages($(\"#img_slider_19dbc48335402881c7b8a734b4b1ec6f img\"), function () {\n\t\t\t\t\t\t\t\t\n\t\t\t\t\t\t\t\tvar carousel = $(\"#img_slider_19dbc48335402881c7b8a734b4b1ec6f\");\n\t\t\t\t\t\t\t\t\n\t\t\t\t\t\t\t\tvar args = {\n\t\t\t\t\t\t\t\t\titems: \t\t\t1,\n\t\t\t\t\t\t\t\t\tmouseDrag:\t\ttrue,\n\t\t\t\t\t\t\t\t\tautoplay:\t\ttrue,\n\t\t\t\t\t\t\t\t\tautoplayTimeout:8000,\n\t\t\t\t\t\t\t\t\tnav: \t\t\ttrue,\n\t\t\t\t\t\t\t\t\tdots: \t\t\tfalse,\n\t\t\t\t\t\t\t\t\tloop: \t\t\ttrue,\n\t\t\t\t\t\t\t\t\tautoHeight: \ttrue,\n\t\t\t\t\t\t\t\t\tsmartSpeed:\t\t250,\n\t\t\t\t\t\t\tnavText:\t\t\t[\"<span class='icon icon-arrow-left8'><\/span>\",\"<span class='icon icon-uniE708'><\/span>\"],\n\t\t\t\t\t\t\t\t\tslideBy: \t\t1,\n\t\t\t\t\t\t\t\t\tnavRewind: \t\tfalse,\n\t\t\t\t\t\t\t\t\trtl: \t\t\tfalse,\n\t\t\t\t\t\t\t\t\tonInitialized:  \tshowCarousel_19dbc48335402881c7b8a734b4b1ec6f,\n\t\t\t\t\t\t\t\t\t\n\t\t\t\t\t\t\t\t};\n\t\t\t\t\t\t\t\t\n\t\t\t\t\t\t\t\tcarousel.owlCarousel(args);\n\n\t\t\t\t\t\t\t\tvar initital_width = carousel.css(\"width\");\t\t\n\t\t\t\t\t\t\t\t\n\t\t\t\t\t\t\t\t\/* Refresh it for full width rows *\/\n\t\t\t\t\t\t\t\t$(window).load(function(){\n\t\t\t\t\t\t\t\t\tif(carousel.css(\"width\") != initital_width) {\n\t\t\t\t\t\t\t\t\t\tcarousel.trigger(\"destroy.owl.carousel\").removeClass(\"owl-carousel owl-loaded\");\n\t\t\t\t\t\t\t\t\t\tcarousel.find(\".owl-stage-outer\").children().unwrap();\n\t\t\t\t\t\t\t\t\t\tcarousel.owlCarousel(args);\n\t\t\t\t\t\t\t\t\t}\n\t\t\t\t\t\t\t\t});\n\t\t\t\t\t\t\t});\n\t\t\t\t\t\t\t\n\t\t\t\t\t\t\t\n\t\t\t\t\t\t\t\/* Show after initialized *\/\n\t\t\t\t\t\t\tfunction showCarousel_19dbc48335402881c7b8a734b4b1ec6f() {\n\t\t\t\t\t\t\t\t$(\"#img_slider_19dbc48335402881c7b8a734b4b1ec6f\").fadeTo(0,1);\n\t\t\t\t\t\t\t\t$(\"#img_slider_19dbc48335402881c7b8a734b4b1ec6f .owl-item .boc_owl_lazy\").css(\"opacity\",\"1\");\n\t\t\t\t\t\t\t}\t\t\t\t\t\t\t\n\t\t\t\t\t\t\t\n\t\t\t\t\t\t\t\n\t\t\t\t\t\t});\n\n\t\t\t\t\t<\/script>\n\t\t\t\t\t<!-- Image Slider :: END --><div class=\"img_slider mfp_gallery\" id=\"img_slider_19dbc48335402881c7b8a734b4b1ec6f\" style=\"opacity:0;\"><div class=\"img_slider_item boc_owl_lazy\"><img decoding=\"async\" src=\"https:\/\/noucartallers.es\/wp-content\/uploads\/2022\/05\/mecanica.jpg\" alt=\"\" title=\"\"\/><\/div><div class=\"img_slider_item boc_owl_lazy\"><img decoding=\"async\" src=\"https:\/\/noucartallers.es\/wp-content\/uploads\/2022\/05\/mecanico.jpg\" alt=\"\" title=\"\"\/><\/div><div class=\"img_slider_item boc_owl_lazy\"><img decoding=\"async\" src=\"https:\/\/noucartallers.es\/wp-content\/uploads\/2022\/05\/mantenimiento.jpg\" alt=\"\" title=\"\"\/><\/div><\/div><div class=\"boc_spacing\" style=\"height: 20px\"><\/div>\n\t<div class=\"wpb_text_column wpb_content_element\" >\n\t\t<div class=\"wpb_wrapper\">\n\t\t\t<p style=\"text-align: justify;\">El manteniment i la cura \u00e9s necessari per a qualsevol vehicle, especialment si parlem de camions. Els camions solen estar constantment a les carreteres, fent llargs viatges i treballant dia i nit, per la qual cosa trobar un <strong>taller mec\u00e0nic de camions a Barcelona<\/strong> de confian\u00e7a que s&#039;encarregui de manera professional de tenir-ne cura \u00e9s fonamental.<\/p>\n<p style=\"text-align: justify;\">Els camions s\u00f3n m\u00e9s complexos de reparar per les seves caracter\u00edstiques particulars. \u00c9s per aix\u00f2 que la reparaci\u00f3 de camions sovint requereix un bon conjunt dhabilitats, coneixements i experi\u00e8ncia.<\/p>\n<p style=\"text-align: justify;\">Per aix\u00f2, triar un bon <strong>taller mec\u00e0nic de camions a Barcelona<\/strong> \u00e9s tan important com comprar el cami\u00f3 duna marca reconeguda. Amb una gran quantitat de tallers de servei, es torna una tasca dif\u00edcil triar el correcte. Un bon <strong>taller mec\u00e0nic de camions a Barcelona <\/strong>no nom\u00e9s compta amb els millors professionals del sector, sin\u00f3 que tamb\u00e9 hi suma anys d&#039;experi\u00e8ncia, utilitzen la millor tecnologia disponible i brinden la millor atenci\u00f3 personalitzada.<\/p>\n<p style=\"text-align: justify;\">Aix\u00ed mateix, un <strong>taller mec\u00e0nic de camions a Barcelona<\/strong> de renom i confian\u00e7a tendeixen a oferir una estimaci\u00f3 de costos transparent i detallada abans de finalitzar el treball de reparaci\u00f3. Una estimaci\u00f3 detallada sovint descriur\u00e0 l&#039;estimaci\u00f3 de cada element modificat durant la reparaci\u00f3 a l&#039;estimaci\u00f3 del cost total.<\/p>\n<p style=\"text-align: justify;\">Tamb\u00e9 l&#039;empatia \u00e9s una de les millors maneres de garantir una gran satisfacci\u00f3 del client. Aquesta \u00e9s una de les qualitats que realment demostra un personal ben capacitat. El personal cort\u00e8s sempre garanteix la tranquil\u00b7litat del client i garanteix que el problema que enfronten s&#039;entendr\u00e0 com a propi.<\/p>\n<p style=\"text-align: justify;\">Aquesta pol\u00edtica no sols els permet oferir un bon servei sin\u00f3 tamb\u00e9 aconseguir un gran creixement empresarial en poc temps. Aquest proc\u00e9s tamb\u00e9 t\u00e9 altres avantatges, com refer\u00e8ncies honestes i una gran base de clients, cosa que fa que el negoci sigui rendible i de bona reputaci\u00f3 a llarg termini<\/p>\n<p style=\"text-align: justify;\">Un taller pot estar esgotat amb lubricants i peces petites per tot arreu. Cal esperar un desordre normal, atesa la seva naturalesa. No obstant aix\u00f2, cal assegurar-se que el <strong>taller mec\u00e0nic de camions a Barcelona<\/strong> no estigui gaire desordenat.<\/p>\n<p style=\"text-align: justify;\">Si b\u00e9 pot ser que no sigui tan net com caldria esperar, les observacions s&#039;han de fer mentre es miren llocs com una sala d&#039;espera. Si el lloc sembla tan brut com el vesteix fa una setmana, \u00e9s un senyal clar d&#039;un ambient desordenat. \u00c9s probable que el servei de l&#039;autom\u00f2bil es vegi afectat. Per tant, sovint cal buscar un <strong>taller mec\u00e0nic de camions a Barcelona<\/strong> en bon estat.<\/p>\n<p style=\"text-align: justify;\">Si est\u00e0 buscant el millor <strong>taller mec\u00e0nic de camions a Barcelona <\/strong>no dubteu a comptar amb nosaltres. Els nostres professionals tenen anys d\u00b4experi\u00e8ncia i s\u00f3n els m\u00e9s reconeguts del sector. A m\u00e9s, tot l\u00b4equip s\u00b4esfor\u00e7a per brindar el millor servei i una experi\u00e8ncia satisfact\u00f2ria.<\/p>\n\n\t\t<\/div>\n\t<\/div>\n<\/div><\/div><\/div><div class=\"wpb_column vc_column_container vc_col-sm-4 vc_hidden-md vc_hidden-sm vc_hidden-xs\"><div class=\"vc_column-inner\"><div class=\"wpb_wrapper\">\n\t<div class=\"wpb_text_column wpb_content_element\" >\n\t\t<div class=\"wpb_wrapper\">\n\t\t\t<h3 style=\"text-align: center;\">Contacta&#039;ns per obtenir m\u00e9s informaci\u00f3<\/h3>\n<hr \/>\n\n\t\t<\/div>\n\t<\/div>\n\n<div class=\"wpcf7 no-js\" id=\"wpcf7-f140-o1\" lang=\"es-ES\" dir=\"ltr\" data-wpcf7-id=\"140\">\n<div class=\"screen-reader-response\"><p role=\"status\" aria-live=\"polite\" aria-atomic=\"true\"><\/p> <ul><\/ul><\/div>\n<form action=\"\/ca\/wp-json\/wp\/v2\/pages\/1182#wpcf7-f140-o1\" method=\"post\" class=\"wpcf7-form init\" aria-label=\"Formulario de contacto\" novalidate=\"novalidate\" data-status=\"init\" data-trp-original-action=\"\/ca\/wp-json\/wp\/v2\/pages\/1182#wpcf7-f140-o1\">\n<fieldset class=\"hidden-fields-container\"><input type=\"hidden\" name=\"_wpcf7\" value=\"140\" \/><input type=\"hidden\" name=\"_wpcf7_version\" value=\"6.1.4\" \/><input type=\"hidden\" name=\"_wpcf7_locale\" value=\"es_ES\" \/><input type=\"hidden\" name=\"_wpcf7_unit_tag\" value=\"wpcf7-f140-o1\" \/><input type=\"hidden\" name=\"_wpcf7_container_post\" value=\"0\" \/><input type=\"hidden\" name=\"_wpcf7_posted_data_hash\" value=\"\" \/><input type=\"hidden\" name=\"_wpcf7_recaptcha_response\" value=\"\" \/>\n<\/fieldset>\n<p><label><span class=\"wpcf7-form-control-wrap\" data-name=\"your-name\"><input size=\"40\" maxlength=\"400\" class=\"wpcf7-form-control wpcf7-text wpcf7-validates-as-required\" aria-required=\"true\" aria-invalid=\"false\" placeholder=\"Nom\" value=\"\" type=\"text\" name=\"your-name\" \/><\/span><\/label>\n<\/p>\n<p><label><span class=\"wpcf7-form-control-wrap\" data-name=\"your-surname\"><input size=\"40\" maxlength=\"400\" class=\"wpcf7-form-control wpcf7-text wpcf7-validates-as-required\" aria-required=\"true\" aria-invalid=\"false\" placeholder=\"Cognoms\" value=\"\" type=\"text\" name=\"your-surname\" \/><\/span><\/label>\n<\/p>\n<p><label><span class=\"wpcf7-form-control-wrap\" data-name=\"your-email\"><input size=\"40\" maxlength=\"400\" class=\"wpcf7-form-control wpcf7-text wpcf7-validates-as-required\" aria-required=\"true\" aria-invalid=\"false\" placeholder=\"Email\" value=\"\" type=\"text\" name=\"your-email\" \/><\/span><\/label>\n<\/p>\n<p><label><span class=\"wpcf7-form-control-wrap\" data-name=\"your-phone\"><input size=\"40\" maxlength=\"400\" class=\"wpcf7-form-control wpcf7-text wpcf7-validates-as-required\" aria-required=\"true\" aria-invalid=\"false\" placeholder=\"Tel\u00e8fon de contacte\" value=\"\" type=\"text\" name=\"your-phone\" \/><\/span><\/label>\n<\/p>\n<p><label><span class=\"wpcf7-form-control-wrap\" data-name=\"your-message\"><textarea cols=\"40\" rows=\"1\" maxlength=\"2000\" class=\"wpcf7-form-control wpcf7-textarea\" aria-invalid=\"false\" placeholder=\"Missatge\" name=\"your-message\"><\/textarea><\/span><\/label>\n<\/p>\n<p><span class=\"wpcf7-form-control-wrap\" data-name=\"Enviodedatos\"><span class=\"wpcf7-form-control wpcf7-acceptance\"><span class=\"wpcf7-list-item\"><label><input type=\"checkbox\" name=\"Enviodedatos\" value=\"1\" aria-invalid=\"false\" \/><span class=\"wpcf7-list-item-label\">Acceptes l&#039;enviament de dades?<\/span><\/label><\/span><\/span><\/span>\n<\/p>\n<p><span class=\"wpcf7-form-control-wrap\" data-name=\"Enviodedatos\"><span class=\"wpcf7-form-control wpcf7-acceptance\"><span class=\"wpcf7-list-item\"><label><input type=\"checkbox\" name=\"Enviodedatos\" value=\"1\" aria-invalid=\"false\" \/><span class=\"wpcf7-list-item-label\">Acceptes la <a href=\"\/ca\/politica-de-privacidad-y-cookies\/\"><strong>pol\u00edtica de privadesa<\/strong><\/a>?<\/span><\/label><\/span><\/span><\/span>\n<\/p>\n<span class=\"wpcf7-form-control-wrap recaptcha\" data-name=\"recaptcha\"><span data-sitekey=\"6LecJqwgAAAAAIx4kA2F6fqXxLAlpdJDKYGhH-Mb\" class=\"wpcf7-form-control wpcf7-recaptcha g-recaptcha\"><\/span>\r\n<noscript>\r\n\t<div class=\"grecaptcha-noscript\">\r\n\t\t<iframe loading=\"lazy\" src=\"https:\/\/www.google.com\/recaptcha\/api\/fallback?k=6LecJqwgAAAAAIx4kA2F6fqXxLAlpdJDKYGhH-Mb\" frameborder=\"0\" scrolling=\"no\" width=\"310\" height=\"430\">\r\n\t\t<\/iframe>\r\n\t\t<textarea name=\"g-recaptcha-response\" rows=\"3\" cols=\"40\" placeholder=\"Aqu\u00ed la respuesta de reCAPTCHA\">\r\n\t\t<\/textarea>\r\n\t<\/div>\r\n<\/noscript>\r\n<\/span>\n<p><input class=\"wpcf7-form-control wpcf7-submit has-spinner\" type=\"submit\" value=\"Enviar\" \/>\n<\/p><div class=\"wpcf7-response-output\" aria-hidden=\"true\"><\/div>\n<input type=\"hidden\" name=\"trp-form-language\" value=\"ca\"\/><\/form>\n<\/div>\n\n\t<div class=\"wpb_raw_code wpb_raw_html wpb_content_element\" >\n\t\t<div class=\"wpb_wrapper\">\n\t\t\t<p><\/p>\n<h3 style=\"text-align: center;\">On som?<\/h3>\n<hr \/>\n<p><strong>Direcci\u00f3<\/strong>: <span class=\"LrzXr\">Carrer Bes\u00f2s, 1, 08150 Parets del Vall\u00e8s, Barcelona<\/span><\/p>\n\n<p><strong>Tel\u00e8fon<\/strong>: 935 62 47 56<\/p>\n\n<p><strong>Email<\/strong>: info@noucartallers.es<\/p>\n<p><\/p>\n\t\t<\/div>\n\t<\/div>\n<div class=\"wpb_gmaps_widget wpb_content_element\"><div class=\"wpb_wrapper\"><div class=\"wpb_map_wraper\"><iframe src=\"https:\/\/www.google.com\/maps\/embed?pb=!1m14!1m8!1m3!1d11942.611652863743!2d2.2321874!3d41.5551118!3m2!1i1024!2i768!4f13.1!3m3!1m2!1s0x0%3A0x47142286ee159be5!2sNOU%20CAR%20Tallers%3A%20Taller%20mec%C3%A1nico%20Parets%20del%20Vall%C3%A9s!5e0!3m2!1ses!2ses!4v1656494612426!5m2!1ses!2ses\" width=\"600\" height=\"350\" style=\"border:0;\" allowfullscreen=\"\" loading=\"lazy\" referrerpolicy=\"no-referrer-when-downgrade\"><\/iframe><\/div><\/div><\/div><\/div><\/div><\/div><\/div><div class=\"vc_row wpb_row vc_row-fluid\"><div class=\"botones wpb_column vc_column_container vc_col-sm-12\"><div class=\"vc_column-inner\"><div class=\"wpb_wrapper\">\n\t<div class=\"wpb_text_column wpb_content_element\" >\n\t\t<div class=\"wpb_wrapper\">\n\t\t\t<h3 style=\"font-weight: bold; text-align: center;\">Confia en nosaltres, tenim <strong>la soluci\u00f3 al teu problema<\/strong><\/h3>\n\n\t\t<\/div>\n\t<\/div>\n<a\thref=\"\/ca\/contacto\/\" \n\t\t\t\tclass=\"button btn_large btn_theme_color btn_squared btn_3d\"  target='_self'><span>Contacta&#039;ns ara<\/span><\/a><\/div><\/div><\/div><\/div><div class=\"vc_row wpb_row vc_row-fluid\"><div class=\"wpb_column vc_column_container vc_col-sm-12\"><div class=\"vc_column-inner\"><div class=\"wpb_wrapper\"><div class=\"boc_spacing\" style=\"height: 30px\"><\/div><\/div><\/div><\/div><\/div>\n<\/div>","protected":false},"excerpt":{"rendered":"El mantenimiento y cuidado es necesario para cualquier veh\u00edculo, especialmente si hablamos de camiones. Los camiones suelen estar constantemente en las carreteras, haciendo largos viajes y trabajando d\u00eda y noche, por lo que encontrar un taller mec\u00e1nico de camiones en Barcelona de confianza que se encargue de forma profesional de su cuidado es fundamental. Los camiones son m\u00e1s complejos de<div class=\"h10\"><\/div><a class=\"more-link1\" href=\"https:\/\/noucartallers.es\/ca\/taller-mecanico-camiones\/taller-mecanico-camiones-barcelona\">Read more<\/a>","protected":false},"author":1,"featured_media":0,"parent":832,"menu_order":0,"comment_status":"closed","ping_status":"closed","template":"","meta":{"footnotes":""},"class_list":["post-1182","page","type-page","status-publish","hentry"],"yoast_head":"<!-- This site is optimized with the Yoast SEO plugin v26.7 - https:\/\/yoast.com\/wordpress\/plugins\/seo\/ -->\n<title>Taller mec\u00e1nico camiones Barcelona - Nou Car Tallers<\/title>\n<meta name=\"robots\" content=\"index, follow, max-snippet:-1, max-image-preview:large, max-video-preview:-1\" \/>\n<link rel=\"canonical\" href=\"https:\/\/noucartallers.es\/ca\/taller-mecanico-camiones\/taller-mecanico-camiones-barcelona\/\" \/>\n<meta property=\"og:locale\" content=\"ca_ES\" \/>\n<meta property=\"og:type\" content=\"article\" \/>\n<meta property=\"og:title\" content=\"Taller mec\u00e1nico camiones Barcelona - Nou Car Tallers\" \/>\n<meta property=\"og:url\" content=\"https:\/\/noucartallers.es\/ca\/taller-mecanico-camiones\/taller-mecanico-camiones-barcelona\/\" \/>\n<meta property=\"og:site_name\" content=\"Nou Car Tallers\" \/>\n<meta property=\"article:modified_time\" content=\"2023-09-01T07:27:11+00:00\" \/>\n<meta name=\"twitter:card\" content=\"summary_large_image\" \/>\n<meta name=\"twitter:label1\" content=\"Temps estimat de lectura\" \/>\n\t<meta name=\"twitter:data1\" content=\"3 minuts\" \/>\n<script type=\"application\/ld+json\" class=\"yoast-schema-graph\">{\"@context\":\"https:\/\/schema.org\",\"@graph\":[{\"@type\":\"WebPage\",\"@id\":\"https:\/\/noucartallers.es\/taller-mecanico-camiones\/taller-mecanico-camiones-barcelona\",\"url\":\"https:\/\/noucartallers.es\/taller-mecanico-camiones\/taller-mecanico-camiones-barcelona\",\"name\":\"Taller mec\u00e1nico camiones Barcelona - Nou Car Tallers\",\"isPartOf\":{\"@id\":\"https:\/\/noucartallers.es\/#website\"},\"datePublished\":\"2023-09-01T07:25:37+00:00\",\"dateModified\":\"2023-09-01T07:27:11+00:00\",\"breadcrumb\":{\"@id\":\"https:\/\/noucartallers.es\/taller-mecanico-camiones\/taller-mecanico-camiones-barcelona#breadcrumb\"},\"inLanguage\":\"ca\",\"potentialAction\":[{\"@type\":\"ReadAction\",\"target\":[\"https:\/\/noucartallers.es\/taller-mecanico-camiones\/taller-mecanico-camiones-barcelona\"]}]},{\"@type\":\"BreadcrumbList\",\"@id\":\"https:\/\/noucartallers.es\/taller-mecanico-camiones\/taller-mecanico-camiones-barcelona#breadcrumb\",\"itemListElement\":[{\"@type\":\"ListItem\",\"position\":1,\"name\":\"Portada\",\"item\":\"https:\/\/noucartallers.es\/\"},{\"@type\":\"ListItem\",\"position\":2,\"name\":\"Taller mec\u00e1nico camiones\",\"item\":\"https:\/\/noucartallers.es\/taller-mecanico-camiones\"},{\"@type\":\"ListItem\",\"position\":3,\"name\":\"Taller mec\u00e1nico camiones Barcelona\"}]},{\"@type\":\"WebSite\",\"@id\":\"https:\/\/noucartallers.es\/#website\",\"url\":\"https:\/\/noucartallers.es\/\",\"name\":\"Nou Car Tallers\",\"description\":\"Servicio de mantenimiento y reparaciones para todo tipo de veh\u00edculos\",\"potentialAction\":[{\"@type\":\"SearchAction\",\"target\":{\"@type\":\"EntryPoint\",\"urlTemplate\":\"https:\/\/noucartallers.es\/?s={search_term_string}\"},\"query-input\":{\"@type\":\"PropertyValueSpecification\",\"valueRequired\":true,\"valueName\":\"search_term_string\"}}],\"inLanguage\":\"ca\"}]}<\/script>\n<!-- \/ Yoast SEO plugin. -->","yoast_head_json":{"title":"Taller mec\u00e1nico camiones Barcelona - Nou Car Tallers","robots":{"index":"index","follow":"follow","max-snippet":"max-snippet:-1","max-image-preview":"max-image-preview:large","max-video-preview":"max-video-preview:-1"},"canonical":"https:\/\/noucartallers.es\/ca\/taller-mecanico-camiones\/taller-mecanico-camiones-barcelona\/","og_locale":"ca_ES","og_type":"article","og_title":"Taller mec\u00e1nico camiones Barcelona - Nou Car Tallers","og_url":"https:\/\/noucartallers.es\/ca\/taller-mecanico-camiones\/taller-mecanico-camiones-barcelona\/","og_site_name":"Nou Car Tallers","article_modified_time":"2023-09-01T07:27:11+00:00","twitter_card":"summary_large_image","twitter_misc":{"Temps estimat de lectura":"3 minuts"},"schema":{"@context":"https:\/\/schema.org","@graph":[{"@type":"WebPage","@id":"https:\/\/noucartallers.es\/taller-mecanico-camiones\/taller-mecanico-camiones-barcelona","url":"https:\/\/noucartallers.es\/taller-mecanico-camiones\/taller-mecanico-camiones-barcelona","name":"Taller mec\u00e1nico camiones Barcelona - Nou Car Tallers","isPartOf":{"@id":"https:\/\/noucartallers.es\/#website"},"datePublished":"2023-09-01T07:25:37+00:00","dateModified":"2023-09-01T07:27:11+00:00","breadcrumb":{"@id":"https:\/\/noucartallers.es\/taller-mecanico-camiones\/taller-mecanico-camiones-barcelona#breadcrumb"},"inLanguage":"ca","potentialAction":[{"@type":"ReadAction","target":["https:\/\/noucartallers.es\/taller-mecanico-camiones\/taller-mecanico-camiones-barcelona"]}]},{"@type":"BreadcrumbList","@id":"https:\/\/noucartallers.es\/taller-mecanico-camiones\/taller-mecanico-camiones-barcelona#breadcrumb","itemListElement":[{"@type":"ListItem","position":1,"name":"Portada","item":"https:\/\/noucartallers.es\/"},{"@type":"ListItem","position":2,"name":"Taller mec\u00e1nico camiones","item":"https:\/\/noucartallers.es\/taller-mecanico-camiones"},{"@type":"ListItem","position":3,"name":"Taller mec\u00e1nico camiones Barcelona"}]},{"@type":"WebSite","@id":"https:\/\/noucartallers.es\/#website","url":"https:\/\/noucartallers.es\/","name":"Nou Car Tallers","description":"Servicio de mantenimiento y reparaciones para todo tipo de veh\u00edculos","potentialAction":[{"@type":"SearchAction","target":{"@type":"EntryPoint","urlTemplate":"https:\/\/noucartallers.es\/?s={search_term_string}"},"query-input":{"@type":"PropertyValueSpecification","valueRequired":true,"valueName":"search_term_string"}}],"inLanguage":"ca"}]}},"_links":{"self":[{"href":"https:\/\/noucartallers.es\/ca\/wp-json\/wp\/v2\/pages\/1182","targetHints":{"allow":["GET"]}}],"collection":[{"href":"https:\/\/noucartallers.es\/ca\/wp-json\/wp\/v2\/pages"}],"about":[{"href":"https:\/\/noucartallers.es\/ca\/wp-json\/wp\/v2\/types\/page"}],"author":[{"embeddable":true,"href":"https:\/\/noucartallers.es\/ca\/wp-json\/wp\/v2\/users\/1"}],"replies":[{"embeddable":true,"href":"https:\/\/noucartallers.es\/ca\/wp-json\/wp\/v2\/comments?post=1182"}],"version-history":[{"count":2,"href":"https:\/\/noucartallers.es\/ca\/wp-json\/wp\/v2\/pages\/1182\/revisions"}],"predecessor-version":[{"id":1184,"href":"https:\/\/noucartallers.es\/ca\/wp-json\/wp\/v2\/pages\/1182\/revisions\/1184"}],"up":[{"embeddable":true,"href":"https:\/\/noucartallers.es\/ca\/wp-json\/wp\/v2\/pages\/832"}],"wp:attachment":[{"href":"https:\/\/noucartallers.es\/ca\/wp-json\/wp\/v2\/media?parent=1182"}],"curies":[{"name":"wp","href":"https:\/\/api.w.org\/{rel}","templated":true}]}}