{"id":509,"date":"2022-07-20T11:01:05","date_gmt":"2022-07-20T11:01:05","guid":{"rendered":"https:\/\/noucartallers.es\/?page_id=509"},"modified":"2023-03-27T08:30:31","modified_gmt":"2023-03-27T08:30:31","slug":"el-taller-de-coches","status":"publish","type":"page","link":"https:\/\/noucartallers.es\/ca\/el-taller-de-coches","title":{"rendered":"Taller de cotxes"},"content":{"rendered":"<div class=\"wpb-content-wrapper\"><div class=\"vc_row wpb_row vc_row-fluid vc_column-gap-35\"><div class=\"wpb_column vc_column_container vc_col-sm-8\"><div class=\"vc_column-inner\"><div class=\"wpb_wrapper\">\n\t\t\t\t\t<!-- Image Slider -->\n\t\t\t\t\t<script type=\"text\/javascript\">\n\n\t\t\t\t\t\tjQuery(document).ready(function($) {\n\t\t\t\t\t\t\t\n\t\t\t\t\t\t\t\/\/ Load carousel after its images are loaded\n\t\t\t\t\t\t\tpreloadImages($(\"#img_slider_19dbc48335402881c7b8a734b4b1ec6f img\"), function () {\n\t\t\t\t\t\t\t\t\n\t\t\t\t\t\t\t\tvar carousel = $(\"#img_slider_19dbc48335402881c7b8a734b4b1ec6f\");\n\t\t\t\t\t\t\t\t\n\t\t\t\t\t\t\t\tvar args = {\n\t\t\t\t\t\t\t\t\titems: \t\t\t1,\n\t\t\t\t\t\t\t\t\tmouseDrag:\t\ttrue,\n\t\t\t\t\t\t\t\t\tautoplay:\t\ttrue,\n\t\t\t\t\t\t\t\t\tautoplayTimeout:8000,\n\t\t\t\t\t\t\t\t\tnav: \t\t\ttrue,\n\t\t\t\t\t\t\t\t\tdots: \t\t\tfalse,\n\t\t\t\t\t\t\t\t\tloop: \t\t\ttrue,\n\t\t\t\t\t\t\t\t\tautoHeight: \ttrue,\n\t\t\t\t\t\t\t\t\tsmartSpeed:\t\t250,\n\t\t\t\t\t\t\tnavText:\t\t\t[\"<span class='icon icon-arrow-left8'><\/span>\",\"<span class='icon icon-uniE708'><\/span>\"],\n\t\t\t\t\t\t\t\t\tslideBy: \t\t1,\n\t\t\t\t\t\t\t\t\tnavRewind: \t\tfalse,\n\t\t\t\t\t\t\t\t\trtl: \t\t\tfalse,\n\t\t\t\t\t\t\t\t\tonInitialized:  \tshowCarousel_19dbc48335402881c7b8a734b4b1ec6f,\n\t\t\t\t\t\t\t\t\t\n\t\t\t\t\t\t\t\t};\n\t\t\t\t\t\t\t\t\n\t\t\t\t\t\t\t\tcarousel.owlCarousel(args);\n\n\t\t\t\t\t\t\t\tvar initital_width = carousel.css(\"width\");\t\t\n\t\t\t\t\t\t\t\t\n\t\t\t\t\t\t\t\t\/* Refresh it for full width rows *\/\n\t\t\t\t\t\t\t\t$(window).load(function(){\n\t\t\t\t\t\t\t\t\tif(carousel.css(\"width\") != initital_width) {\n\t\t\t\t\t\t\t\t\t\tcarousel.trigger(\"destroy.owl.carousel\").removeClass(\"owl-carousel owl-loaded\");\n\t\t\t\t\t\t\t\t\t\tcarousel.find(\".owl-stage-outer\").children().unwrap();\n\t\t\t\t\t\t\t\t\t\tcarousel.owlCarousel(args);\n\t\t\t\t\t\t\t\t\t}\n\t\t\t\t\t\t\t\t});\n\t\t\t\t\t\t\t});\n\t\t\t\t\t\t\t\n\t\t\t\t\t\t\t\n\t\t\t\t\t\t\t\/* Show after initialized *\/\n\t\t\t\t\t\t\tfunction showCarousel_19dbc48335402881c7b8a734b4b1ec6f() {\n\t\t\t\t\t\t\t\t$(\"#img_slider_19dbc48335402881c7b8a734b4b1ec6f\").fadeTo(0,1);\n\t\t\t\t\t\t\t\t$(\"#img_slider_19dbc48335402881c7b8a734b4b1ec6f .owl-item .boc_owl_lazy\").css(\"opacity\",\"1\");\n\t\t\t\t\t\t\t}\t\t\t\t\t\t\t\n\t\t\t\t\t\t\t\n\t\t\t\t\t\t\t\n\t\t\t\t\t\t});\n\n\t\t\t\t\t<\/script>\n\t\t\t\t\t<!-- Image Slider :: END --><div class=\"img_slider mfp_gallery\" id=\"img_slider_19dbc48335402881c7b8a734b4b1ec6f\" style=\"opacity:0;\"><div class=\"img_slider_item boc_owl_lazy\"><img decoding=\"async\" src=\"https:\/\/noucartallers.es\/wp-content\/uploads\/2022\/05\/mecanica.jpg\" alt=\"\" title=\"\"\/><\/div><div class=\"img_slider_item boc_owl_lazy\"><img decoding=\"async\" src=\"https:\/\/noucartallers.es\/wp-content\/uploads\/2022\/05\/mecanico.jpg\" alt=\"\" title=\"\"\/><\/div><div class=\"img_slider_item boc_owl_lazy\"><img decoding=\"async\" src=\"https:\/\/noucartallers.es\/wp-content\/uploads\/2022\/05\/mantenimiento.jpg\" alt=\"\" title=\"\"\/><\/div><\/div><div class=\"boc_spacing\" style=\"height: 20px\"><\/div>\n\t<div class=\"wpb_text_column wpb_content_element\" >\n\t\t<div class=\"wpb_wrapper\">\n\t\t\t<p style=\"text-align: justify;\">Descobreix un <strong>taller de cotxes<\/strong> especialitzat que podr\u00e0 oferir-te solucions personalitzades, tenint en compte les necessitats del teu vehicle a cada moment i que et presentar\u00e0 la resposta m\u00e9s encertada per a cada ocasi\u00f3 a Nou Car Tallers. Al nostre taller disposem d\u00b4un equip altament qualificat per abordar totes aquelles anomalies i avaries que pugui presentar cada vehicle, a trav\u00e9s d\u00b4un servei especialitzat i comptant amb les eines adequades i sempre de m\u00e0xima qualitat.<\/p>\n<p style=\"text-align: justify;\">Treballem dia a dia per continuar innovant i perfeccionant els nostres serveis de reparaci\u00f3 i manteniment dels vehicles amb la ferma intenci\u00f3 d&#039;allargar la vida \u00fatil dels mateixos el m\u00e0xim possible, ja que una cura professional dels vehicles fa que es mantinguin en bon estat durant m\u00e9s temps. A Nou Car Tallers som un <strong>taller de cotxes<\/strong> especialitzat en xapa i pintura i aix\u00f2 ens permet oferir les m\u00e0ximes garanties als clients, creant opcions espec\u00edfiques i de gran qualitat per cuidar la carrosseria dels vehicles, perqu\u00e8 aquests presentin una est\u00e8tica impecable i es mantingui en perfecte estat en tot moment.<\/p>\n<p style=\"text-align: justify;\">A Nou Car Tallers podem oferir-te tota mena de serveis especialitzats, com les tasques mec\u00e0niques, recollida i entrega de vehicles a domicili a uns 30 quil\u00f2metres, la reparaci\u00f3 de planxa i de pintura, electricitat\u2026 i tenint l&#039;opci\u00f3 que el client faci finan\u00e7ament, si aix\u00ed ho prefereix, fent pressupostos sense compromisos i ofertes puntuals en reparacions o revisions, aix\u00ed com la ITV. Ens dediquem tamb\u00e9 a la reparaci\u00f3 de flotes d\u00b4empresa i de vehicles, tant a nivell industrial com a nivell particular, aix\u00ed com els vehicles de direcci\u00f3 i abastem professionalment totes les necessitats que presentin els nostres clients.<\/p>\n<p style=\"text-align: justify;\">Comptant amb una ajuda de confian\u00e7a com la del nostre <strong>taller de cotxes<\/strong>, podr\u00e0s obtenir els millors resultats en poc temps i disposar d\u00b4un equip especialitzat que t\u00b4ofereixi les solucions m\u00e9s eficients i duradores del mercat, sempre amb pressupostos justos i desglossant cadascuna de les tasques que s\u00b4han dut a terme, perqu\u00e8 siguis conscient del proc\u00e9s en tot moment de manera clara i transparent.<\/p>\n<p style=\"text-align: justify;\">Al nostre <strong>taller de cotxes<\/strong> treballem de forma transparent i realitzem els nostres treballs de manera eficient, tenint especial cura en cada pas que fem, per anticipar-nos als problemes i per si sorgeixen imprevistos o sorpreses d&#039;\u00faltima hora.<\/p>\n<p style=\"text-align: justify;\">Per saber m\u00e9s del nostre <strong>taller de cotxes<\/strong> et convidem a entrar a la nostra p\u00e0gina web i posar-te en contacte amb nosaltres, per saber m\u00e9s sobre tot el que et podem oferir. Pots omplir el nostre formulari web amb les teves dades i consulta, sol\u00b7licitar un pressupost i consultar tots els teus dubtes sempre que ho necessitis i respondrem de forma r\u00e0pida i eficient per resoldre les teves consultes.<\/p>\n\n\t\t<\/div>\n\t<\/div>\n<\/div><\/div><\/div><div class=\"wpb_column vc_column_container vc_col-sm-4\"><div class=\"vc_column-inner\"><div class=\"wpb_wrapper\">\n\t<div class=\"wpb_text_column wpb_content_element\" >\n\t\t<div class=\"wpb_wrapper\">\n\t\t\t<h3 style=\"text-align: center;\">Contacta&#039;ns per obtenir m\u00e9s informaci\u00f3<\/h3>\n<hr \/>\n\n\t\t<\/div>\n\t<\/div>\n\n<div class=\"wpcf7 no-js\" id=\"wpcf7-f140-o1\" lang=\"es-ES\" dir=\"ltr\" data-wpcf7-id=\"140\">\n<div class=\"screen-reader-response\"><p role=\"status\" aria-live=\"polite\" aria-atomic=\"true\"><\/p> <ul><\/ul><\/div>\n<form action=\"\/ca\/wp-json\/wp\/v2\/pages\/509#wpcf7-f140-o1\" method=\"post\" class=\"wpcf7-form init\" aria-label=\"Formulario de contacto\" novalidate=\"novalidate\" data-status=\"init\" data-trp-original-action=\"\/ca\/wp-json\/wp\/v2\/pages\/509#wpcf7-f140-o1\">\n<fieldset class=\"hidden-fields-container\"><input type=\"hidden\" name=\"_wpcf7\" value=\"140\" \/><input type=\"hidden\" name=\"_wpcf7_version\" value=\"6.1.4\" \/><input type=\"hidden\" name=\"_wpcf7_locale\" value=\"es_ES\" \/><input type=\"hidden\" name=\"_wpcf7_unit_tag\" value=\"wpcf7-f140-o1\" \/><input type=\"hidden\" name=\"_wpcf7_container_post\" value=\"0\" \/><input type=\"hidden\" name=\"_wpcf7_posted_data_hash\" value=\"\" \/><input type=\"hidden\" name=\"_wpcf7_recaptcha_response\" value=\"\" \/>\n<\/fieldset>\n<p><label><span class=\"wpcf7-form-control-wrap\" data-name=\"your-name\"><input size=\"40\" maxlength=\"400\" class=\"wpcf7-form-control wpcf7-text wpcf7-validates-as-required\" aria-required=\"true\" aria-invalid=\"false\" placeholder=\"Nom\" value=\"\" type=\"text\" name=\"your-name\" \/><\/span><\/label>\n<\/p>\n<p><label><span class=\"wpcf7-form-control-wrap\" data-name=\"your-surname\"><input size=\"40\" maxlength=\"400\" class=\"wpcf7-form-control wpcf7-text wpcf7-validates-as-required\" aria-required=\"true\" aria-invalid=\"false\" placeholder=\"Cognoms\" value=\"\" type=\"text\" name=\"your-surname\" \/><\/span><\/label>\n<\/p>\n<p><label><span class=\"wpcf7-form-control-wrap\" data-name=\"your-email\"><input size=\"40\" maxlength=\"400\" class=\"wpcf7-form-control wpcf7-text wpcf7-validates-as-required\" aria-required=\"true\" aria-invalid=\"false\" placeholder=\"Email\" value=\"\" type=\"text\" name=\"your-email\" \/><\/span><\/label>\n<\/p>\n<p><label><span class=\"wpcf7-form-control-wrap\" data-name=\"your-phone\"><input size=\"40\" maxlength=\"400\" class=\"wpcf7-form-control wpcf7-text wpcf7-validates-as-required\" aria-required=\"true\" aria-invalid=\"false\" placeholder=\"Tel\u00e8fon de contacte\" value=\"\" type=\"text\" name=\"your-phone\" \/><\/span><\/label>\n<\/p>\n<p><label><span class=\"wpcf7-form-control-wrap\" data-name=\"your-message\"><textarea cols=\"40\" rows=\"1\" maxlength=\"2000\" class=\"wpcf7-form-control wpcf7-textarea\" aria-invalid=\"false\" placeholder=\"Missatge\" name=\"your-message\"><\/textarea><\/span><\/label>\n<\/p>\n<p><span class=\"wpcf7-form-control-wrap\" data-name=\"Enviodedatos\"><span class=\"wpcf7-form-control wpcf7-acceptance\"><span class=\"wpcf7-list-item\"><label><input type=\"checkbox\" name=\"Enviodedatos\" value=\"1\" aria-invalid=\"false\" \/><span class=\"wpcf7-list-item-label\">Acceptes l&#039;enviament de dades?<\/span><\/label><\/span><\/span><\/span>\n<\/p>\n<p><span class=\"wpcf7-form-control-wrap\" data-name=\"Enviodedatos\"><span class=\"wpcf7-form-control wpcf7-acceptance\"><span class=\"wpcf7-list-item\"><label><input type=\"checkbox\" name=\"Enviodedatos\" value=\"1\" aria-invalid=\"false\" \/><span class=\"wpcf7-list-item-label\">Acceptes la <a href=\"\/ca\/politica-de-privacidad-y-cookies\/\"><strong>pol\u00edtica de privadesa<\/strong><\/a>?<\/span><\/label><\/span><\/span><\/span>\n<\/p>\n<span class=\"wpcf7-form-control-wrap recaptcha\" data-name=\"recaptcha\"><span data-sitekey=\"6LecJqwgAAAAAIx4kA2F6fqXxLAlpdJDKYGhH-Mb\" class=\"wpcf7-form-control wpcf7-recaptcha g-recaptcha\"><\/span>\r\n<noscript>\r\n\t<div class=\"grecaptcha-noscript\">\r\n\t\t<iframe loading=\"lazy\" src=\"https:\/\/www.google.com\/recaptcha\/api\/fallback?k=6LecJqwgAAAAAIx4kA2F6fqXxLAlpdJDKYGhH-Mb\" frameborder=\"0\" scrolling=\"no\" width=\"310\" height=\"430\">\r\n\t\t<\/iframe>\r\n\t\t<textarea name=\"g-recaptcha-response\" rows=\"3\" cols=\"40\" placeholder=\"Aqu\u00ed la respuesta de reCAPTCHA\">\r\n\t\t<\/textarea>\r\n\t<\/div>\r\n<\/noscript>\r\n<\/span>\n<p><input class=\"wpcf7-form-control wpcf7-submit has-spinner\" type=\"submit\" value=\"Enviar\" \/>\n<\/p><div class=\"wpcf7-response-output\" aria-hidden=\"true\"><\/div>\n<input type=\"hidden\" name=\"trp-form-language\" value=\"ca\"\/><\/form>\n<\/div>\n<\/div><\/div><\/div><\/div><div class=\"vc_row wpb_row vc_row-fluid\"><div class=\"botones wpb_column vc_column_container vc_col-sm-12\"><div class=\"vc_column-inner\"><div class=\"wpb_wrapper\">\n\t<div class=\"wpb_text_column wpb_content_element\" >\n\t\t<div class=\"wpb_wrapper\">\n\t\t\t<h3 style=\"font-weight: bold; text-align: center;\">Confia en nosaltres, tenim <strong>la soluci\u00f3 al teu problema<\/strong><\/h3>\n\n\t\t<\/div>\n\t<\/div>\n<a\thref=\"\/ca\/contacto\/\" \n\t\t\t\tclass=\"button btn_large btn_theme_color btn_squared btn_3d\"  target='_self'><span>Contacta&#039;ns ara<\/span><\/a><\/div><\/div><\/div><\/div><div class=\"vc_row wpb_row vc_row-fluid\"><div class=\"wpb_column vc_column_container vc_col-sm-12\"><div class=\"vc_column-inner\"><div class=\"wpb_wrapper\"><div class=\"boc_spacing\" style=\"height: 30px\"><\/div><\/div><\/div><\/div><\/div>\n<\/div>","protected":false},"excerpt":{"rendered":"Descubre un taller de coches especializado que podr\u00e1 ofrecerte soluciones personalizadas, teniendo en cuenta las necesidades de tu veh\u00edculo en cada momento y que te presentar\u00e1 la respuesta m\u00e1s acertada para cada ocasi\u00f3n en Nou Car Tallers. En nuestro taller disponemos de un equipo altamente cualificado para abordar todas aquellas anomal\u00edas y aver\u00edas que pueda presentar cada veh\u00edculo, a trav\u00e9s<div class=\"h10\"><\/div><a class=\"more-link1\" href=\"https:\/\/noucartallers.es\/ca\/el-taller-de-coches\">Read more<\/a>","protected":false},"author":1,"featured_media":0,"parent":0,"menu_order":0,"comment_status":"closed","ping_status":"closed","template":"","meta":{"footnotes":""},"class_list":["post-509","page","type-page","status-publish","hentry"],"yoast_head":"<!-- This site is optimized with the Yoast SEO plugin v26.7 - https:\/\/yoast.com\/wordpress\/plugins\/seo\/ -->\n<title>Taller de coches - Nou Car Tallers<\/title>\n<meta name=\"robots\" content=\"index, follow, max-snippet:-1, max-image-preview:large, max-video-preview:-1\" \/>\n<link rel=\"canonical\" href=\"https:\/\/noucartallers.es\/ca\/el-taller-de-coches\/\" \/>\n<meta property=\"og:locale\" content=\"ca_ES\" \/>\n<meta property=\"og:type\" content=\"article\" \/>\n<meta property=\"og:title\" content=\"Taller de coches - Nou Car Tallers\" \/>\n<meta property=\"og:url\" content=\"https:\/\/noucartallers.es\/ca\/el-taller-de-coches\/\" \/>\n<meta property=\"og:site_name\" content=\"Nou Car Tallers\" \/>\n<meta property=\"article:modified_time\" content=\"2023-03-27T08:30:31+00:00\" \/>\n<meta name=\"twitter:card\" content=\"summary_large_image\" \/>\n<meta name=\"twitter:label1\" content=\"Temps estimat de lectura\" \/>\n\t<meta name=\"twitter:data1\" content=\"3 minuts\" \/>\n<script type=\"application\/ld+json\" class=\"yoast-schema-graph\">{\"@context\":\"https:\/\/schema.org\",\"@graph\":[{\"@type\":\"WebPage\",\"@id\":\"https:\/\/noucartallers.es\/el-taller-de-coches\",\"url\":\"https:\/\/noucartallers.es\/el-taller-de-coches\",\"name\":\"Taller de coches - Nou Car Tallers\",\"isPartOf\":{\"@id\":\"https:\/\/noucartallers.es\/#website\"},\"datePublished\":\"2022-07-20T11:01:05+00:00\",\"dateModified\":\"2023-03-27T08:30:31+00:00\",\"breadcrumb\":{\"@id\":\"https:\/\/noucartallers.es\/el-taller-de-coches#breadcrumb\"},\"inLanguage\":\"ca\",\"potentialAction\":[{\"@type\":\"ReadAction\",\"target\":[\"https:\/\/noucartallers.es\/el-taller-de-coches\"]}]},{\"@type\":\"BreadcrumbList\",\"@id\":\"https:\/\/noucartallers.es\/el-taller-de-coches#breadcrumb\",\"itemListElement\":[{\"@type\":\"ListItem\",\"position\":1,\"name\":\"Portada\",\"item\":\"https:\/\/noucartallers.es\/\"},{\"@type\":\"ListItem\",\"position\":2,\"name\":\"Taller de coches\"}]},{\"@type\":\"WebSite\",\"@id\":\"https:\/\/noucartallers.es\/#website\",\"url\":\"https:\/\/noucartallers.es\/\",\"name\":\"Nou Car Tallers\",\"description\":\"Servicio de mantenimiento y reparaciones para todo tipo de veh\u00edculos\",\"potentialAction\":[{\"@type\":\"SearchAction\",\"target\":{\"@type\":\"EntryPoint\",\"urlTemplate\":\"https:\/\/noucartallers.es\/?s={search_term_string}\"},\"query-input\":{\"@type\":\"PropertyValueSpecification\",\"valueRequired\":true,\"valueName\":\"search_term_string\"}}],\"inLanguage\":\"ca\"}]}<\/script>\n<!-- \/ Yoast SEO plugin. -->","yoast_head_json":{"title":"Taller de coches - Nou Car Tallers","robots":{"index":"index","follow":"follow","max-snippet":"max-snippet:-1","max-image-preview":"max-image-preview:large","max-video-preview":"max-video-preview:-1"},"canonical":"https:\/\/noucartallers.es\/ca\/el-taller-de-coches\/","og_locale":"ca_ES","og_type":"article","og_title":"Taller de coches - Nou Car Tallers","og_url":"https:\/\/noucartallers.es\/ca\/el-taller-de-coches\/","og_site_name":"Nou Car Tallers","article_modified_time":"2023-03-27T08:30:31+00:00","twitter_card":"summary_large_image","twitter_misc":{"Temps estimat de lectura":"3 minuts"},"schema":{"@context":"https:\/\/schema.org","@graph":[{"@type":"WebPage","@id":"https:\/\/noucartallers.es\/el-taller-de-coches","url":"https:\/\/noucartallers.es\/el-taller-de-coches","name":"Taller de coches - Nou Car Tallers","isPartOf":{"@id":"https:\/\/noucartallers.es\/#website"},"datePublished":"2022-07-20T11:01:05+00:00","dateModified":"2023-03-27T08:30:31+00:00","breadcrumb":{"@id":"https:\/\/noucartallers.es\/el-taller-de-coches#breadcrumb"},"inLanguage":"ca","potentialAction":[{"@type":"ReadAction","target":["https:\/\/noucartallers.es\/el-taller-de-coches"]}]},{"@type":"BreadcrumbList","@id":"https:\/\/noucartallers.es\/el-taller-de-coches#breadcrumb","itemListElement":[{"@type":"ListItem","position":1,"name":"Portada","item":"https:\/\/noucartallers.es\/"},{"@type":"ListItem","position":2,"name":"Taller de coches"}]},{"@type":"WebSite","@id":"https:\/\/noucartallers.es\/#website","url":"https:\/\/noucartallers.es\/","name":"Nou Car Tallers","description":"Servicio de mantenimiento y reparaciones para todo tipo de veh\u00edculos","potentialAction":[{"@type":"SearchAction","target":{"@type":"EntryPoint","urlTemplate":"https:\/\/noucartallers.es\/?s={search_term_string}"},"query-input":{"@type":"PropertyValueSpecification","valueRequired":true,"valueName":"search_term_string"}}],"inLanguage":"ca"}]}},"_links":{"self":[{"href":"https:\/\/noucartallers.es\/ca\/wp-json\/wp\/v2\/pages\/509","targetHints":{"allow":["GET"]}}],"collection":[{"href":"https:\/\/noucartallers.es\/ca\/wp-json\/wp\/v2\/pages"}],"about":[{"href":"https:\/\/noucartallers.es\/ca\/wp-json\/wp\/v2\/types\/page"}],"author":[{"embeddable":true,"href":"https:\/\/noucartallers.es\/ca\/wp-json\/wp\/v2\/users\/1"}],"replies":[{"embeddable":true,"href":"https:\/\/noucartallers.es\/ca\/wp-json\/wp\/v2\/comments?post=509"}],"version-history":[{"count":3,"href":"https:\/\/noucartallers.es\/ca\/wp-json\/wp\/v2\/pages\/509\/revisions"}],"predecessor-version":[{"id":557,"href":"https:\/\/noucartallers.es\/ca\/wp-json\/wp\/v2\/pages\/509\/revisions\/557"}],"wp:attachment":[{"href":"https:\/\/noucartallers.es\/ca\/wp-json\/wp\/v2\/media?parent=509"}],"curies":[{"name":"wp","href":"https:\/\/api.w.org\/{rel}","templated":true}]}}