{"id":517,"date":"2022-07-21T08:04:29","date_gmt":"2022-07-21T08:04:29","guid":{"rendered":"https:\/\/noucartallers.es\/?page_id=517"},"modified":"2022-08-30T11:01:20","modified_gmt":"2022-08-30T11:01:20","slug":"taller-de-coches-granollers","status":"publish","type":"page","link":"https:\/\/noucartallers.es\/ca\/el-taller-de-coches\/taller-de-coches-granollers","title":{"rendered":"Taller de cotxes Granollers"},"content":{"rendered":"<div class=\"wpb-content-wrapper\"><div class=\"vc_row wpb_row vc_row-fluid vc_column-gap-35\"><div class=\"wpb_column vc_column_container vc_col-sm-8\"><div class=\"vc_column-inner\"><div class=\"wpb_wrapper\">\n\t\t\t\t\t<!-- Image Slider -->\n\t\t\t\t\t<script type=\"text\/javascript\">\n\n\t\t\t\t\t\tjQuery(document).ready(function($) {\n\t\t\t\t\t\t\t\n\t\t\t\t\t\t\t\/\/ Load carousel after its images are loaded\n\t\t\t\t\t\t\tpreloadImages($(\"#img_slider_19dbc48335402881c7b8a734b4b1ec6f img\"), function () {\n\t\t\t\t\t\t\t\t\n\t\t\t\t\t\t\t\tvar carousel = $(\"#img_slider_19dbc48335402881c7b8a734b4b1ec6f\");\n\t\t\t\t\t\t\t\t\n\t\t\t\t\t\t\t\tvar args = {\n\t\t\t\t\t\t\t\t\titems: \t\t\t1,\n\t\t\t\t\t\t\t\t\tmouseDrag:\t\ttrue,\n\t\t\t\t\t\t\t\t\tautoplay:\t\ttrue,\n\t\t\t\t\t\t\t\t\tautoplayTimeout:8000,\n\t\t\t\t\t\t\t\t\tnav: \t\t\ttrue,\n\t\t\t\t\t\t\t\t\tdots: \t\t\tfalse,\n\t\t\t\t\t\t\t\t\tloop: \t\t\ttrue,\n\t\t\t\t\t\t\t\t\tautoHeight: \ttrue,\n\t\t\t\t\t\t\t\t\tsmartSpeed:\t\t250,\n\t\t\t\t\t\t\tnavText:\t\t\t[\"<span class='icon icon-arrow-left8'><\/span>\",\"<span class='icon icon-uniE708'><\/span>\"],\n\t\t\t\t\t\t\t\t\tslideBy: \t\t1,\n\t\t\t\t\t\t\t\t\tnavRewind: \t\tfalse,\n\t\t\t\t\t\t\t\t\trtl: \t\t\tfalse,\n\t\t\t\t\t\t\t\t\tonInitialized:  \tshowCarousel_19dbc48335402881c7b8a734b4b1ec6f,\n\t\t\t\t\t\t\t\t\t\n\t\t\t\t\t\t\t\t};\n\t\t\t\t\t\t\t\t\n\t\t\t\t\t\t\t\tcarousel.owlCarousel(args);\n\n\t\t\t\t\t\t\t\tvar initital_width = carousel.css(\"width\");\t\t\n\t\t\t\t\t\t\t\t\n\t\t\t\t\t\t\t\t\/* Refresh it for full width rows *\/\n\t\t\t\t\t\t\t\t$(window).load(function(){\n\t\t\t\t\t\t\t\t\tif(carousel.css(\"width\") != initital_width) {\n\t\t\t\t\t\t\t\t\t\tcarousel.trigger(\"destroy.owl.carousel\").removeClass(\"owl-carousel owl-loaded\");\n\t\t\t\t\t\t\t\t\t\tcarousel.find(\".owl-stage-outer\").children().unwrap();\n\t\t\t\t\t\t\t\t\t\tcarousel.owlCarousel(args);\n\t\t\t\t\t\t\t\t\t}\n\t\t\t\t\t\t\t\t});\n\t\t\t\t\t\t\t});\n\t\t\t\t\t\t\t\n\t\t\t\t\t\t\t\n\t\t\t\t\t\t\t\/* Show after initialized *\/\n\t\t\t\t\t\t\tfunction showCarousel_19dbc48335402881c7b8a734b4b1ec6f() {\n\t\t\t\t\t\t\t\t$(\"#img_slider_19dbc48335402881c7b8a734b4b1ec6f\").fadeTo(0,1);\n\t\t\t\t\t\t\t\t$(\"#img_slider_19dbc48335402881c7b8a734b4b1ec6f .owl-item .boc_owl_lazy\").css(\"opacity\",\"1\");\n\t\t\t\t\t\t\t}\t\t\t\t\t\t\t\n\t\t\t\t\t\t\t\n\t\t\t\t\t\t\t\n\t\t\t\t\t\t});\n\n\t\t\t\t\t<\/script>\n\t\t\t\t\t<!-- Image Slider :: END --><div class=\"img_slider mfp_gallery\" id=\"img_slider_19dbc48335402881c7b8a734b4b1ec6f\" style=\"opacity:0;\"><div class=\"img_slider_item boc_owl_lazy\"><img decoding=\"async\" src=\"https:\/\/noucartallers.es\/wp-content\/uploads\/2022\/05\/mecanica.jpg\" alt=\"\" title=\"\"\/><\/div><div class=\"img_slider_item boc_owl_lazy\"><img decoding=\"async\" src=\"https:\/\/noucartallers.es\/wp-content\/uploads\/2022\/05\/mecanico.jpg\" alt=\"\" title=\"\"\/><\/div><div class=\"img_slider_item boc_owl_lazy\"><img decoding=\"async\" src=\"https:\/\/noucartallers.es\/wp-content\/uploads\/2022\/05\/mantenimiento.jpg\" alt=\"\" title=\"\"\/><\/div><\/div><div class=\"boc_spacing\" style=\"height: 20px\"><\/div>\n\t<div class=\"wpb_text_column wpb_content_element\" >\n\t\t<div class=\"wpb_wrapper\">\n\t\t\t<p style=\"text-align: justify;\">Comprar un autom\u00f2bil pot semblar una despesa \u00fanica, per\u00f2 hi ha molts costos recurrents associats a tenir un autom\u00f2bil. A m\u00e9s del combustible, un autom\u00f2bil requereix un viatge al taller de reparaci\u00f3 de tant en tant. Fins i tot amb la cura i el manteniment adequats, els vehicles necessiten reparacions peri\u00f2diques i manteniment professional. No obstant aix\u00f2, si escolliu el tipus de taller adequat, podeu estendre el per\u00edode entre les vostres visites. Per aix\u00f2, \u00e9s important seleccionar el <strong>taller de cotxes a Granollers<\/strong> adequat per a les vostres necessitats.<\/p>\n<p style=\"text-align: justify;\">Sempre prengui seriosament les reparacions del seu autom\u00f2bil. Conduir en un autom\u00f2bil sense manteniment no nom\u00e9s \u00e9s un risc per a la seguretat per a vost\u00e8, sin\u00f3 que tamb\u00e9 \u00e9s igualment perill\u00f3s per als altres a la carretera. Sigueu responsable i condu\u00efu en vehicles completament mantinguts, confiant en els millors professionals.<\/p>\n<p style=\"text-align: justify;\">Quan busqueu un <strong>taller de cotxes a Granollers<\/strong> assegureu-vos de fer la vostra tasca abans de fer una visita. Pregunteu si les persones estan satisfetes amb els serveis de reparaci\u00f3 i els preus de reparaci\u00f3 que van experimentar al taller abans de lliurar-los el vehicle. A les nostres instal\u00b7lacions no nom\u00e9s brindem la millor atenci\u00f3, sin\u00f3 que disposem del millor equip d\u00b4atenci\u00f3 al client. Els nostres centenars de clients satisfets s\u00f3n la millor garantia del nostre \u00e8xit.<\/p>\n<p style=\"text-align: justify;\">A aquest se suma que, com un dels millors <strong>tallers de cotxes a Granollers, <\/strong>oferim preus justos i competitius al mercat. El cost de cada servei de reparaci\u00f3 dep\u00e8n de la gravetat del problema, per\u00f2 heu de triar un taller d&#039;autom\u00f2bils que no l&#039;exploti en nom dels serveis de reparaci\u00f3 d&#039;autom\u00f2bils.<\/p>\n<p style=\"text-align: justify;\">A les nostres instal\u00b7lacions brindem la informaci\u00f3 m\u00e9s completa perqu\u00e8 cada un dels nostres clients comprengui els preus de cadascun dels serveis, per la qual cosa brindem la informaci\u00f3 completa i honesta, a m\u00e9s de respondre totes les preguntes que es puguin presentar.<\/p>\n<p style=\"text-align: justify;\">Si voleu realitzar reparacions importants d&#039;autom\u00f2bils, cal trobar un <strong>taller de cotxes a Granollers<\/strong> conegut per tractar amb les merques m\u00e9s conegudes de vehicles i que compti amb els millors professionals i eines. Un <strong>taller de cotxes a Granollers<\/strong> adequat compta amb lequip m\u00e9s actualitzat i professionals capacitats per reparar el seu autom\u00f2bil i tornar a posar-lo a la carretera en el menor temps possible.<\/p>\n<p style=\"text-align: justify;\">Confieu en nosaltres si busqueu un <strong>taller de cotxes a Granollers. <\/strong>Oferim reparacions eficients, en el menor temps possible. Treballem amb les marques m\u00e9s populars del mercat i els nostres professionals tenen anys dexperi\u00e8ncia en l\u00e0rea. No ho pensi m\u00e9s i deixi el seu vehicle a les mans dels millors experts. No se&#039;n penedir\u00e0, estem per ajudar-lo!<\/p>\n\n\t\t<\/div>\n\t<\/div>\n<\/div><\/div><\/div><div class=\"wpb_column vc_column_container vc_col-sm-4\"><div class=\"vc_column-inner\"><div class=\"wpb_wrapper\">\n\t<div class=\"wpb_text_column wpb_content_element\" >\n\t\t<div class=\"wpb_wrapper\">\n\t\t\t<h3 style=\"text-align: center;\">Contacta&#039;ns per obtenir m\u00e9s informaci\u00f3<\/h3>\n<hr \/>\n\n\t\t<\/div>\n\t<\/div>\n\n<div class=\"wpcf7 no-js\" id=\"wpcf7-f140-o1\" lang=\"es-ES\" dir=\"ltr\" data-wpcf7-id=\"140\">\n<div class=\"screen-reader-response\"><p role=\"status\" aria-live=\"polite\" aria-atomic=\"true\"><\/p> <ul><\/ul><\/div>\n<form action=\"\/ca\/wp-json\/wp\/v2\/pages\/517#wpcf7-f140-o1\" method=\"post\" class=\"wpcf7-form init\" aria-label=\"Formulario de contacto\" novalidate=\"novalidate\" data-status=\"init\" data-trp-original-action=\"\/ca\/wp-json\/wp\/v2\/pages\/517#wpcf7-f140-o1\">\n<fieldset class=\"hidden-fields-container\"><input type=\"hidden\" name=\"_wpcf7\" value=\"140\" \/><input type=\"hidden\" name=\"_wpcf7_version\" value=\"6.1.4\" \/><input type=\"hidden\" name=\"_wpcf7_locale\" value=\"es_ES\" \/><input type=\"hidden\" name=\"_wpcf7_unit_tag\" value=\"wpcf7-f140-o1\" \/><input type=\"hidden\" name=\"_wpcf7_container_post\" value=\"0\" \/><input type=\"hidden\" name=\"_wpcf7_posted_data_hash\" value=\"\" \/><input type=\"hidden\" name=\"_wpcf7_recaptcha_response\" value=\"\" \/>\n<\/fieldset>\n<p><label><span class=\"wpcf7-form-control-wrap\" data-name=\"your-name\"><input size=\"40\" maxlength=\"400\" class=\"wpcf7-form-control wpcf7-text wpcf7-validates-as-required\" aria-required=\"true\" aria-invalid=\"false\" placeholder=\"Nom\" value=\"\" type=\"text\" name=\"your-name\" \/><\/span><\/label>\n<\/p>\n<p><label><span class=\"wpcf7-form-control-wrap\" data-name=\"your-surname\"><input size=\"40\" maxlength=\"400\" class=\"wpcf7-form-control wpcf7-text wpcf7-validates-as-required\" aria-required=\"true\" aria-invalid=\"false\" placeholder=\"Cognoms\" value=\"\" type=\"text\" name=\"your-surname\" \/><\/span><\/label>\n<\/p>\n<p><label><span class=\"wpcf7-form-control-wrap\" data-name=\"your-email\"><input size=\"40\" maxlength=\"400\" class=\"wpcf7-form-control wpcf7-text wpcf7-validates-as-required\" aria-required=\"true\" aria-invalid=\"false\" placeholder=\"Email\" value=\"\" type=\"text\" name=\"your-email\" \/><\/span><\/label>\n<\/p>\n<p><label><span class=\"wpcf7-form-control-wrap\" data-name=\"your-phone\"><input size=\"40\" maxlength=\"400\" class=\"wpcf7-form-control wpcf7-text wpcf7-validates-as-required\" aria-required=\"true\" aria-invalid=\"false\" placeholder=\"Tel\u00e8fon de contacte\" value=\"\" type=\"text\" name=\"your-phone\" \/><\/span><\/label>\n<\/p>\n<p><label><span class=\"wpcf7-form-control-wrap\" data-name=\"your-message\"><textarea cols=\"40\" rows=\"1\" maxlength=\"2000\" class=\"wpcf7-form-control wpcf7-textarea\" aria-invalid=\"false\" placeholder=\"Missatge\" name=\"your-message\"><\/textarea><\/span><\/label>\n<\/p>\n<p><span class=\"wpcf7-form-control-wrap\" data-name=\"Enviodedatos\"><span class=\"wpcf7-form-control wpcf7-acceptance\"><span class=\"wpcf7-list-item\"><label><input type=\"checkbox\" name=\"Enviodedatos\" value=\"1\" aria-invalid=\"false\" \/><span class=\"wpcf7-list-item-label\">Acceptes l&#039;enviament de dades?<\/span><\/label><\/span><\/span><\/span>\n<\/p>\n<p><span class=\"wpcf7-form-control-wrap\" data-name=\"Enviodedatos\"><span class=\"wpcf7-form-control wpcf7-acceptance\"><span class=\"wpcf7-list-item\"><label><input type=\"checkbox\" name=\"Enviodedatos\" value=\"1\" aria-invalid=\"false\" \/><span class=\"wpcf7-list-item-label\">Acceptes la <a href=\"\/ca\/politica-de-privacidad-y-cookies\/\"><strong>pol\u00edtica de privadesa<\/strong><\/a>?<\/span><\/label><\/span><\/span><\/span>\n<\/p>\n<span class=\"wpcf7-form-control-wrap recaptcha\" data-name=\"recaptcha\"><span data-sitekey=\"6LecJqwgAAAAAIx4kA2F6fqXxLAlpdJDKYGhH-Mb\" class=\"wpcf7-form-control wpcf7-recaptcha g-recaptcha\"><\/span>\r\n<noscript>\r\n\t<div class=\"grecaptcha-noscript\">\r\n\t\t<iframe loading=\"lazy\" src=\"https:\/\/www.google.com\/recaptcha\/api\/fallback?k=6LecJqwgAAAAAIx4kA2F6fqXxLAlpdJDKYGhH-Mb\" frameborder=\"0\" scrolling=\"no\" width=\"310\" height=\"430\">\r\n\t\t<\/iframe>\r\n\t\t<textarea name=\"g-recaptcha-response\" rows=\"3\" cols=\"40\" placeholder=\"Aqu\u00ed la respuesta de reCAPTCHA\">\r\n\t\t<\/textarea>\r\n\t<\/div>\r\n<\/noscript>\r\n<\/span>\n<p><input class=\"wpcf7-form-control wpcf7-submit has-spinner\" type=\"submit\" value=\"Enviar\" \/>\n<\/p><div class=\"wpcf7-response-output\" aria-hidden=\"true\"><\/div>\n<input type=\"hidden\" name=\"trp-form-language\" value=\"ca\"\/><\/form>\n<\/div>\n<\/div><\/div><\/div><\/div><div class=\"vc_row wpb_row vc_row-fluid\"><div class=\"botones wpb_column vc_column_container vc_col-sm-12\"><div class=\"vc_column-inner\"><div class=\"wpb_wrapper\">\n\t<div class=\"wpb_text_column wpb_content_element\" >\n\t\t<div class=\"wpb_wrapper\">\n\t\t\t<h3 style=\"font-weight: bold; text-align: center;\">Confia en nosaltres, tenim <strong>la soluci\u00f3 al teu problema<\/strong><\/h3>\n\n\t\t<\/div>\n\t<\/div>\n<a\thref=\"\/ca\/contacto\/\" \n\t\t\t\tclass=\"button btn_large btn_theme_color btn_squared btn_3d\"  target='_self'><span>Contacta&#039;ns ara<\/span><\/a><\/div><\/div><\/div><\/div><div class=\"vc_row wpb_row vc_row-fluid\"><div class=\"wpb_column vc_column_container vc_col-sm-12\"><div class=\"vc_column-inner\"><div class=\"wpb_wrapper\"><div class=\"boc_spacing\" style=\"height: 30px\"><\/div><\/div><\/div><\/div><\/div>\n<\/div>","protected":false},"excerpt":{"rendered":"Comprar un autom\u00f3vil puede parecer un gasto \u00fanico, pero hay muchos costos recurrentes asociados con tener un autom\u00f3vil. Adem\u00e1s del combustible, un autom\u00f3vil requiere un viaje al taller de reparaci\u00f3n de vez en cuando. Incluso con el cuidado y mantenimiento adecuados, los veh\u00edculos necesitan reparaciones peri\u00f3dicas y mantenimiento profesional. Sin embargo, si elige el tipo de taller adecuado, puede extender<div class=\"h10\"><\/div><a class=\"more-link1\" href=\"https:\/\/noucartallers.es\/ca\/el-taller-de-coches\/taller-de-coches-granollers\">Read more<\/a>","protected":false},"author":1,"featured_media":0,"parent":509,"menu_order":0,"comment_status":"closed","ping_status":"closed","template":"","meta":{"footnotes":""},"class_list":["post-517","page","type-page","status-publish","hentry"],"yoast_head":"<!-- This site is optimized with the Yoast SEO plugin v26.7 - https:\/\/yoast.com\/wordpress\/plugins\/seo\/ -->\n<title>Taller de coches Granollers - Nou Car Tallers<\/title>\n<meta name=\"robots\" content=\"index, follow, max-snippet:-1, max-image-preview:large, max-video-preview:-1\" \/>\n<link rel=\"canonical\" href=\"https:\/\/noucartallers.es\/ca\/el-taller-de-coches\/taller-de-coches-granollers\/\" \/>\n<meta property=\"og:locale\" content=\"ca_ES\" \/>\n<meta property=\"og:type\" content=\"article\" \/>\n<meta property=\"og:title\" content=\"Taller de coches Granollers - Nou Car Tallers\" \/>\n<meta property=\"og:url\" content=\"https:\/\/noucartallers.es\/ca\/el-taller-de-coches\/taller-de-coches-granollers\/\" \/>\n<meta property=\"og:site_name\" content=\"Nou Car Tallers\" \/>\n<meta property=\"article:modified_time\" content=\"2022-08-30T11:01:20+00:00\" \/>\n<meta name=\"twitter:card\" content=\"summary_large_image\" \/>\n<meta name=\"twitter:label1\" content=\"Temps estimat de lectura\" \/>\n\t<meta name=\"twitter:data1\" content=\"3 minuts\" \/>\n<script type=\"application\/ld+json\" class=\"yoast-schema-graph\">{\"@context\":\"https:\/\/schema.org\",\"@graph\":[{\"@type\":\"WebPage\",\"@id\":\"https:\/\/noucartallers.es\/el-taller-de-coches\/taller-de-coches-granollers\",\"url\":\"https:\/\/noucartallers.es\/el-taller-de-coches\/taller-de-coches-granollers\",\"name\":\"Taller de coches Granollers - Nou Car Tallers\",\"isPartOf\":{\"@id\":\"https:\/\/noucartallers.es\/#website\"},\"datePublished\":\"2022-07-21T08:04:29+00:00\",\"dateModified\":\"2022-08-30T11:01:20+00:00\",\"breadcrumb\":{\"@id\":\"https:\/\/noucartallers.es\/el-taller-de-coches\/taller-de-coches-granollers#breadcrumb\"},\"inLanguage\":\"ca\",\"potentialAction\":[{\"@type\":\"ReadAction\",\"target\":[\"https:\/\/noucartallers.es\/el-taller-de-coches\/taller-de-coches-granollers\"]}]},{\"@type\":\"BreadcrumbList\",\"@id\":\"https:\/\/noucartallers.es\/el-taller-de-coches\/taller-de-coches-granollers#breadcrumb\",\"itemListElement\":[{\"@type\":\"ListItem\",\"position\":1,\"name\":\"Portada\",\"item\":\"https:\/\/noucartallers.es\/\"},{\"@type\":\"ListItem\",\"position\":2,\"name\":\"Taller de coches\",\"item\":\"https:\/\/noucartallers.es\/el-taller-de-coches\"},{\"@type\":\"ListItem\",\"position\":3,\"name\":\"Taller de coches Granollers\"}]},{\"@type\":\"WebSite\",\"@id\":\"https:\/\/noucartallers.es\/#website\",\"url\":\"https:\/\/noucartallers.es\/\",\"name\":\"Nou Car Tallers\",\"description\":\"Servicio de mantenimiento y reparaciones para todo tipo de veh\u00edculos\",\"potentialAction\":[{\"@type\":\"SearchAction\",\"target\":{\"@type\":\"EntryPoint\",\"urlTemplate\":\"https:\/\/noucartallers.es\/?s={search_term_string}\"},\"query-input\":{\"@type\":\"PropertyValueSpecification\",\"valueRequired\":true,\"valueName\":\"search_term_string\"}}],\"inLanguage\":\"ca\"}]}<\/script>\n<!-- \/ Yoast SEO plugin. -->","yoast_head_json":{"title":"Taller de coches Granollers - Nou Car Tallers","robots":{"index":"index","follow":"follow","max-snippet":"max-snippet:-1","max-image-preview":"max-image-preview:large","max-video-preview":"max-video-preview:-1"},"canonical":"https:\/\/noucartallers.es\/ca\/el-taller-de-coches\/taller-de-coches-granollers\/","og_locale":"ca_ES","og_type":"article","og_title":"Taller de coches Granollers - Nou Car Tallers","og_url":"https:\/\/noucartallers.es\/ca\/el-taller-de-coches\/taller-de-coches-granollers\/","og_site_name":"Nou Car Tallers","article_modified_time":"2022-08-30T11:01:20+00:00","twitter_card":"summary_large_image","twitter_misc":{"Temps estimat de lectura":"3 minuts"},"schema":{"@context":"https:\/\/schema.org","@graph":[{"@type":"WebPage","@id":"https:\/\/noucartallers.es\/el-taller-de-coches\/taller-de-coches-granollers","url":"https:\/\/noucartallers.es\/el-taller-de-coches\/taller-de-coches-granollers","name":"Taller de coches Granollers - Nou Car Tallers","isPartOf":{"@id":"https:\/\/noucartallers.es\/#website"},"datePublished":"2022-07-21T08:04:29+00:00","dateModified":"2022-08-30T11:01:20+00:00","breadcrumb":{"@id":"https:\/\/noucartallers.es\/el-taller-de-coches\/taller-de-coches-granollers#breadcrumb"},"inLanguage":"ca","potentialAction":[{"@type":"ReadAction","target":["https:\/\/noucartallers.es\/el-taller-de-coches\/taller-de-coches-granollers"]}]},{"@type":"BreadcrumbList","@id":"https:\/\/noucartallers.es\/el-taller-de-coches\/taller-de-coches-granollers#breadcrumb","itemListElement":[{"@type":"ListItem","position":1,"name":"Portada","item":"https:\/\/noucartallers.es\/"},{"@type":"ListItem","position":2,"name":"Taller de coches","item":"https:\/\/noucartallers.es\/el-taller-de-coches"},{"@type":"ListItem","position":3,"name":"Taller de coches Granollers"}]},{"@type":"WebSite","@id":"https:\/\/noucartallers.es\/#website","url":"https:\/\/noucartallers.es\/","name":"Nou Car Tallers","description":"Servicio de mantenimiento y reparaciones para todo tipo de veh\u00edculos","potentialAction":[{"@type":"SearchAction","target":{"@type":"EntryPoint","urlTemplate":"https:\/\/noucartallers.es\/?s={search_term_string}"},"query-input":{"@type":"PropertyValueSpecification","valueRequired":true,"valueName":"search_term_string"}}],"inLanguage":"ca"}]}},"_links":{"self":[{"href":"https:\/\/noucartallers.es\/ca\/wp-json\/wp\/v2\/pages\/517","targetHints":{"allow":["GET"]}}],"collection":[{"href":"https:\/\/noucartallers.es\/ca\/wp-json\/wp\/v2\/pages"}],"about":[{"href":"https:\/\/noucartallers.es\/ca\/wp-json\/wp\/v2\/types\/page"}],"author":[{"embeddable":true,"href":"https:\/\/noucartallers.es\/ca\/wp-json\/wp\/v2\/users\/1"}],"replies":[{"embeddable":true,"href":"https:\/\/noucartallers.es\/ca\/wp-json\/wp\/v2\/comments?post=517"}],"version-history":[{"count":4,"href":"https:\/\/noucartallers.es\/ca\/wp-json\/wp\/v2\/pages\/517\/revisions"}],"predecessor-version":[{"id":559,"href":"https:\/\/noucartallers.es\/ca\/wp-json\/wp\/v2\/pages\/517\/revisions\/559"}],"up":[{"embeddable":true,"href":"https:\/\/noucartallers.es\/ca\/wp-json\/wp\/v2\/pages\/509"}],"wp:attachment":[{"href":"https:\/\/noucartallers.es\/ca\/wp-json\/wp\/v2\/media?parent=517"}],"curies":[{"name":"wp","href":"https:\/\/api.w.org\/{rel}","templated":true}]}}