{"id":663,"date":"2022-11-15T11:50:44","date_gmt":"2022-11-15T11:50:44","guid":{"rendered":"https:\/\/noucartallers.es\/?page_id=663"},"modified":"2022-11-15T11:50:44","modified_gmt":"2022-11-15T11:50:44","slug":"taller-de-coche-sentmenat","status":"publish","type":"page","link":"https:\/\/noucartallers.es\/ca\/el-taller-de-coches\/taller-de-coche-sentmenat","title":{"rendered":"Taller de cotxe Sentmenat"},"content":{"rendered":"<div class=\"wpb-content-wrapper\"><div class=\"vc_row wpb_row vc_row-fluid vc_column-gap-35\"><div class=\"wpb_column vc_column_container vc_col-sm-8\"><div class=\"vc_column-inner\"><div class=\"wpb_wrapper\">\n\t\t\t\t\t<!-- Image Slider -->\n\t\t\t\t\t<script type=\"text\/javascript\">\n\n\t\t\t\t\t\tjQuery(document).ready(function($) {\n\t\t\t\t\t\t\t\n\t\t\t\t\t\t\t\/\/ Load carousel after its images are loaded\n\t\t\t\t\t\t\tpreloadImages($(\"#img_slider_19dbc48335402881c7b8a734b4b1ec6f img\"), function () {\n\t\t\t\t\t\t\t\t\n\t\t\t\t\t\t\t\tvar carousel = $(\"#img_slider_19dbc48335402881c7b8a734b4b1ec6f\");\n\t\t\t\t\t\t\t\t\n\t\t\t\t\t\t\t\tvar args = {\n\t\t\t\t\t\t\t\t\titems: \t\t\t1,\n\t\t\t\t\t\t\t\t\tmouseDrag:\t\ttrue,\n\t\t\t\t\t\t\t\t\tautoplay:\t\ttrue,\n\t\t\t\t\t\t\t\t\tautoplayTimeout:8000,\n\t\t\t\t\t\t\t\t\tnav: \t\t\ttrue,\n\t\t\t\t\t\t\t\t\tdots: \t\t\tfalse,\n\t\t\t\t\t\t\t\t\tloop: \t\t\ttrue,\n\t\t\t\t\t\t\t\t\tautoHeight: \ttrue,\n\t\t\t\t\t\t\t\t\tsmartSpeed:\t\t250,\n\t\t\t\t\t\t\tnavText:\t\t\t[\"<span class='icon icon-arrow-left8'><\/span>\",\"<span class='icon icon-uniE708'><\/span>\"],\n\t\t\t\t\t\t\t\t\tslideBy: \t\t1,\n\t\t\t\t\t\t\t\t\tnavRewind: \t\tfalse,\n\t\t\t\t\t\t\t\t\trtl: \t\t\tfalse,\n\t\t\t\t\t\t\t\t\tonInitialized:  \tshowCarousel_19dbc48335402881c7b8a734b4b1ec6f,\n\t\t\t\t\t\t\t\t\t\n\t\t\t\t\t\t\t\t};\n\t\t\t\t\t\t\t\t\n\t\t\t\t\t\t\t\tcarousel.owlCarousel(args);\n\n\t\t\t\t\t\t\t\tvar initital_width = carousel.css(\"width\");\t\t\n\t\t\t\t\t\t\t\t\n\t\t\t\t\t\t\t\t\/* Refresh it for full width rows *\/\n\t\t\t\t\t\t\t\t$(window).load(function(){\n\t\t\t\t\t\t\t\t\tif(carousel.css(\"width\") != initital_width) {\n\t\t\t\t\t\t\t\t\t\tcarousel.trigger(\"destroy.owl.carousel\").removeClass(\"owl-carousel owl-loaded\");\n\t\t\t\t\t\t\t\t\t\tcarousel.find(\".owl-stage-outer\").children().unwrap();\n\t\t\t\t\t\t\t\t\t\tcarousel.owlCarousel(args);\n\t\t\t\t\t\t\t\t\t}\n\t\t\t\t\t\t\t\t});\n\t\t\t\t\t\t\t});\n\t\t\t\t\t\t\t\n\t\t\t\t\t\t\t\n\t\t\t\t\t\t\t\/* Show after initialized *\/\n\t\t\t\t\t\t\tfunction showCarousel_19dbc48335402881c7b8a734b4b1ec6f() {\n\t\t\t\t\t\t\t\t$(\"#img_slider_19dbc48335402881c7b8a734b4b1ec6f\").fadeTo(0,1);\n\t\t\t\t\t\t\t\t$(\"#img_slider_19dbc48335402881c7b8a734b4b1ec6f .owl-item .boc_owl_lazy\").css(\"opacity\",\"1\");\n\t\t\t\t\t\t\t}\t\t\t\t\t\t\t\n\t\t\t\t\t\t\t\n\t\t\t\t\t\t\t\n\t\t\t\t\t\t});\n\n\t\t\t\t\t<\/script>\n\t\t\t\t\t<!-- Image Slider :: END --><div class=\"img_slider mfp_gallery\" id=\"img_slider_19dbc48335402881c7b8a734b4b1ec6f\" style=\"opacity:0;\"><div class=\"img_slider_item boc_owl_lazy\"><img decoding=\"async\" src=\"https:\/\/noucartallers.es\/wp-content\/uploads\/2022\/05\/mecanica.jpg\" alt=\"\" title=\"\"\/><\/div><div class=\"img_slider_item boc_owl_lazy\"><img decoding=\"async\" src=\"https:\/\/noucartallers.es\/wp-content\/uploads\/2022\/05\/mecanico.jpg\" alt=\"\" title=\"\"\/><\/div><div class=\"img_slider_item boc_owl_lazy\"><img decoding=\"async\" src=\"https:\/\/noucartallers.es\/wp-content\/uploads\/2022\/05\/mantenimiento.jpg\" alt=\"\" title=\"\"\/><\/div><\/div><div class=\"boc_spacing\" style=\"height: 20px\"><\/div>\n\t<div class=\"wpb_text_column wpb_content_element\" >\n\t\t<div class=\"wpb_wrapper\">\n\t\t\t<p style=\"text-align: justify;\">Fa m\u00e9s de 30 anys que oferim un servei de confian\u00e7a en el nostre <strong>taller de cotxe <\/strong>a <strong>Sentmenat<\/strong>, presentant un servei especialitzat i de gran qualitat a tots els nostres clients. Som un taller mec\u00e0nic on podr\u00e0s trobar un equip t\u00e8cnic altament qualificat i un servei de manteniment i reparacions per a tot tipus de vehicles.<\/p>\n<p style=\"text-align: justify;\">Comptem amb una cabina pr\u00f2pia de pintura per als vehicles industrials, un servei especial per a flotes d\u00b4empresa, fem el retolat professional per a empresa i valorem les necessitats de cada client i del seu autom\u00f2bil de forma personalitzada. Comptem amb un gran reconeixement al sector de l&#039;automoci\u00f3 i treballem, dia a dia, per brindar la major qualitat en cadascun dels nostres serveis. Volem prevenir i solucionar totes aquelles anomalies o problemes que puguin sorgir al vehicle, per donar una resposta \u00e0gil i solvent en tot moment als nostres clients.<\/p>\n<p style=\"text-align: justify;\">Duem a terme les millors solucions per a cada cas particular, sempre intentant ajustar el preu el m\u00e0xim possible, perqu\u00e8 el client pugui gaudir d&#039;un servei rendible i eficient, que li permeti tornar a tenir el vehicle com a nou com m\u00e9s aviat millor, i amb la m\u00e0xima garantia pel que fa a la seguretat en la conducci\u00f3.<\/p>\n<p style=\"text-align: justify;\">Comptem amb un departament de xapa i pintura, perqu\u00e8 els nostres professionals puguin millorar l&#039;aspecte del vehicle, aportar brillantor i fins i tot augmentar la protecci\u00f3 davant d&#039;impactes. El nostre objectiu \u00e9s convertir-nos en una empresa referent del sector i ser l\u00edders al mercat, mitjan\u00e7ant un creixement sostingut i desenvolupament constant de l&#039;organitzaci\u00f3 i de l&#039;entorn.<\/p>\n<p style=\"text-align: justify;\">Al nostre <strong>taller de cotxe <\/strong>a <strong>Sentmenat<\/strong>, brindem solucions fiables que conservin els vehicles en bon estat durant el major temps possible, sent autom\u00f2bils segurs i eficients. Cuidem els nostres clients i els seus vehicles, lliurant-los la versi\u00f3 m\u00e9s segura de l&#039;autom\u00f2bil. Pel nostre <strong>taller de cotxe <\/strong>a <strong>Sentmenat<\/strong> \u00e9s molt important la qualitat a la nostra feina i tamb\u00e9 a tots els nivells; materials, gesti\u00f3 al taller, acabats del vehicle, a nivell t\u00e8cnic\u2026 Per aix\u00f2, sempre triem les eines i la maquin\u00e0ria m\u00e9s especialitzada i adequada per a cada ocasi\u00f3. De fet, comptem amb una m\u00e0quina de diagnosi general de motor, aix\u00ed com de bateria, una m\u00e0quina de neteja de circuit de refrigeraci\u00f3, un programa de gesti\u00f3 per al <strong>taller de cotxe <\/strong>a <strong>Sentmenat<\/strong> i una cabina de pintura pr\u00f2pia.<\/p>\n<p style=\"text-align: justify;\">Podem adaptar-nos a totes les necessitats i plantegem propostes eficients i rendibles en tot moment. Per a m\u00e9s informaci\u00f3, podeu posar-vos en contacte amb el nostre taller a trav\u00e9s de la nostra p\u00e0gina web. Envia&#039;ns un correu a <a href=\"mailto:info@noucartallers.es\">info@noucartallers.es<\/a>, omple el formulari de contacte o truca&#039;ns al 935 62 47 56.<\/p>\n<p style=\"text-align: justify;\">Trencaments, cops, reparacions, substitucions, xapa i pintura, manteniment\u2026 Tot el que necessitis ho trobar\u00e0s a Noucar Tallers, el teu taller de confian\u00e7a a Sentmenat.<\/p>\n\n\t\t<\/div>\n\t<\/div>\n<\/div><\/div><\/div><div class=\"wpb_column vc_column_container vc_col-sm-4\"><div class=\"vc_column-inner\"><div class=\"wpb_wrapper\">\n\t<div class=\"wpb_text_column wpb_content_element\" >\n\t\t<div class=\"wpb_wrapper\">\n\t\t\t<h3 style=\"text-align: center;\">Contacta&#039;ns per obtenir m\u00e9s informaci\u00f3<\/h3>\n<hr \/>\n\n\t\t<\/div>\n\t<\/div>\n\n<div class=\"wpcf7 no-js\" id=\"wpcf7-f140-o1\" lang=\"es-ES\" dir=\"ltr\" data-wpcf7-id=\"140\">\n<div class=\"screen-reader-response\"><p role=\"status\" aria-live=\"polite\" aria-atomic=\"true\"><\/p> <ul><\/ul><\/div>\n<form action=\"\/ca\/wp-json\/wp\/v2\/pages\/663#wpcf7-f140-o1\" method=\"post\" class=\"wpcf7-form init\" aria-label=\"Formulario de contacto\" novalidate=\"novalidate\" data-status=\"init\" data-trp-original-action=\"\/ca\/wp-json\/wp\/v2\/pages\/663#wpcf7-f140-o1\">\n<fieldset class=\"hidden-fields-container\"><input type=\"hidden\" name=\"_wpcf7\" value=\"140\" \/><input type=\"hidden\" name=\"_wpcf7_version\" value=\"6.1.4\" \/><input type=\"hidden\" name=\"_wpcf7_locale\" value=\"es_ES\" \/><input type=\"hidden\" name=\"_wpcf7_unit_tag\" value=\"wpcf7-f140-o1\" \/><input type=\"hidden\" name=\"_wpcf7_container_post\" value=\"0\" \/><input type=\"hidden\" name=\"_wpcf7_posted_data_hash\" value=\"\" \/><input type=\"hidden\" name=\"_wpcf7_recaptcha_response\" value=\"\" \/>\n<\/fieldset>\n<p><label><span class=\"wpcf7-form-control-wrap\" data-name=\"your-name\"><input size=\"40\" maxlength=\"400\" class=\"wpcf7-form-control wpcf7-text wpcf7-validates-as-required\" aria-required=\"true\" aria-invalid=\"false\" placeholder=\"Nom\" value=\"\" type=\"text\" name=\"your-name\" \/><\/span><\/label>\n<\/p>\n<p><label><span class=\"wpcf7-form-control-wrap\" data-name=\"your-surname\"><input size=\"40\" maxlength=\"400\" class=\"wpcf7-form-control wpcf7-text wpcf7-validates-as-required\" aria-required=\"true\" aria-invalid=\"false\" placeholder=\"Cognoms\" value=\"\" type=\"text\" name=\"your-surname\" \/><\/span><\/label>\n<\/p>\n<p><label><span class=\"wpcf7-form-control-wrap\" data-name=\"your-email\"><input size=\"40\" maxlength=\"400\" class=\"wpcf7-form-control wpcf7-text wpcf7-validates-as-required\" aria-required=\"true\" aria-invalid=\"false\" placeholder=\"Email\" value=\"\" type=\"text\" name=\"your-email\" \/><\/span><\/label>\n<\/p>\n<p><label><span class=\"wpcf7-form-control-wrap\" data-name=\"your-phone\"><input size=\"40\" maxlength=\"400\" class=\"wpcf7-form-control wpcf7-text wpcf7-validates-as-required\" aria-required=\"true\" aria-invalid=\"false\" placeholder=\"Tel\u00e8fon de contacte\" value=\"\" type=\"text\" name=\"your-phone\" \/><\/span><\/label>\n<\/p>\n<p><label><span class=\"wpcf7-form-control-wrap\" data-name=\"your-message\"><textarea cols=\"40\" rows=\"1\" maxlength=\"2000\" class=\"wpcf7-form-control wpcf7-textarea\" aria-invalid=\"false\" placeholder=\"Missatge\" name=\"your-message\"><\/textarea><\/span><\/label>\n<\/p>\n<p><span class=\"wpcf7-form-control-wrap\" data-name=\"Enviodedatos\"><span class=\"wpcf7-form-control wpcf7-acceptance\"><span class=\"wpcf7-list-item\"><label><input type=\"checkbox\" name=\"Enviodedatos\" value=\"1\" aria-invalid=\"false\" \/><span class=\"wpcf7-list-item-label\">Acceptes l&#039;enviament de dades?<\/span><\/label><\/span><\/span><\/span>\n<\/p>\n<p><span class=\"wpcf7-form-control-wrap\" data-name=\"Enviodedatos\"><span class=\"wpcf7-form-control wpcf7-acceptance\"><span class=\"wpcf7-list-item\"><label><input type=\"checkbox\" name=\"Enviodedatos\" value=\"1\" aria-invalid=\"false\" \/><span class=\"wpcf7-list-item-label\">Acceptes la <a href=\"\/ca\/politica-de-privacidad-y-cookies\/\"><strong>pol\u00edtica de privadesa<\/strong><\/a>?<\/span><\/label><\/span><\/span><\/span>\n<\/p>\n<span class=\"wpcf7-form-control-wrap recaptcha\" data-name=\"recaptcha\"><span data-sitekey=\"6LecJqwgAAAAAIx4kA2F6fqXxLAlpdJDKYGhH-Mb\" class=\"wpcf7-form-control wpcf7-recaptcha g-recaptcha\"><\/span>\r\n<noscript>\r\n\t<div class=\"grecaptcha-noscript\">\r\n\t\t<iframe loading=\"lazy\" src=\"https:\/\/www.google.com\/recaptcha\/api\/fallback?k=6LecJqwgAAAAAIx4kA2F6fqXxLAlpdJDKYGhH-Mb\" frameborder=\"0\" scrolling=\"no\" width=\"310\" height=\"430\">\r\n\t\t<\/iframe>\r\n\t\t<textarea name=\"g-recaptcha-response\" rows=\"3\" cols=\"40\" placeholder=\"Aqu\u00ed la respuesta de reCAPTCHA\">\r\n\t\t<\/textarea>\r\n\t<\/div>\r\n<\/noscript>\r\n<\/span>\n<p><input class=\"wpcf7-form-control wpcf7-submit has-spinner\" type=\"submit\" value=\"Enviar\" \/>\n<\/p><div class=\"wpcf7-response-output\" aria-hidden=\"true\"><\/div>\n<input type=\"hidden\" name=\"trp-form-language\" value=\"ca\"\/><\/form>\n<\/div>\n<\/div><\/div><\/div><\/div><div class=\"vc_row wpb_row vc_row-fluid\"><div class=\"botones wpb_column vc_column_container vc_col-sm-12\"><div class=\"vc_column-inner\"><div class=\"wpb_wrapper\">\n\t<div class=\"wpb_text_column wpb_content_element\" >\n\t\t<div class=\"wpb_wrapper\">\n\t\t\t<h3 style=\"font-weight: bold; text-align: center;\">Confia en nosaltres, tenim <strong>la soluci\u00f3 al teu problema<\/strong><\/h3>\n\n\t\t<\/div>\n\t<\/div>\n<a\thref=\"\/ca\/contacto\/\" \n\t\t\t\tclass=\"button btn_large btn_theme_color btn_squared btn_3d\"  target='_self'><span>Contacta&#039;ns ara<\/span><\/a><\/div><\/div><\/div><\/div><div class=\"vc_row wpb_row vc_row-fluid\"><div class=\"wpb_column vc_column_container vc_col-sm-12\"><div class=\"vc_column-inner\"><div class=\"wpb_wrapper\"><div class=\"boc_spacing\" style=\"height: 30px\"><\/div><\/div><\/div><\/div><\/div>\n<\/div>","protected":false},"excerpt":{"rendered":"Llevamos m\u00e1s 30 a\u00f1os ofreciendo un servicio de confianza en nuestro taller de coche en Sentmenat, presentando un servicio especializado y de gran calidad a todos nuestros clientes. Somos un taller mec\u00e1nico en el que podr\u00e1s encontrar un equipo t\u00e9cnico altamente cualificado y un servicio de mantenimiento y reparaciones para todo tipo de veh\u00edculos. Contamos con una cabina propia de<div class=\"h10\"><\/div><a class=\"more-link1\" href=\"https:\/\/noucartallers.es\/ca\/el-taller-de-coches\/taller-de-coche-sentmenat\">Read more<\/a>","protected":false},"author":1,"featured_media":0,"parent":509,"menu_order":0,"comment_status":"closed","ping_status":"closed","template":"","meta":{"footnotes":""},"class_list":["post-663","page","type-page","status-publish","hentry"],"yoast_head":"<!-- This site is optimized with the Yoast SEO plugin v26.7 - https:\/\/yoast.com\/wordpress\/plugins\/seo\/ -->\n<title>Taller de coche Sentmenat - Nou Car Tallers<\/title>\n<meta name=\"robots\" content=\"index, follow, max-snippet:-1, max-image-preview:large, max-video-preview:-1\" \/>\n<link rel=\"canonical\" href=\"https:\/\/noucartallers.es\/ca\/el-taller-de-coches\/taller-de-coche-sentmenat\/\" \/>\n<meta property=\"og:locale\" content=\"ca_ES\" \/>\n<meta property=\"og:type\" content=\"article\" \/>\n<meta property=\"og:title\" content=\"Taller de coche Sentmenat - Nou Car Tallers\" \/>\n<meta property=\"og:url\" content=\"https:\/\/noucartallers.es\/ca\/el-taller-de-coches\/taller-de-coche-sentmenat\/\" \/>\n<meta property=\"og:site_name\" content=\"Nou Car Tallers\" \/>\n<meta name=\"twitter:card\" content=\"summary_large_image\" \/>\n<meta name=\"twitter:label1\" content=\"Temps estimat de lectura\" \/>\n\t<meta name=\"twitter:data1\" content=\"3 minuts\" \/>\n<script type=\"application\/ld+json\" class=\"yoast-schema-graph\">{\"@context\":\"https:\/\/schema.org\",\"@graph\":[{\"@type\":\"WebPage\",\"@id\":\"https:\/\/noucartallers.es\/el-taller-de-coches\/taller-de-coche-sentmenat\",\"url\":\"https:\/\/noucartallers.es\/el-taller-de-coches\/taller-de-coche-sentmenat\",\"name\":\"Taller de coche Sentmenat - Nou Car Tallers\",\"isPartOf\":{\"@id\":\"https:\/\/noucartallers.es\/#website\"},\"datePublished\":\"2022-11-15T11:50:44+00:00\",\"breadcrumb\":{\"@id\":\"https:\/\/noucartallers.es\/el-taller-de-coches\/taller-de-coche-sentmenat#breadcrumb\"},\"inLanguage\":\"ca\",\"potentialAction\":[{\"@type\":\"ReadAction\",\"target\":[\"https:\/\/noucartallers.es\/el-taller-de-coches\/taller-de-coche-sentmenat\"]}]},{\"@type\":\"BreadcrumbList\",\"@id\":\"https:\/\/noucartallers.es\/el-taller-de-coches\/taller-de-coche-sentmenat#breadcrumb\",\"itemListElement\":[{\"@type\":\"ListItem\",\"position\":1,\"name\":\"Portada\",\"item\":\"https:\/\/noucartallers.es\/\"},{\"@type\":\"ListItem\",\"position\":2,\"name\":\"Taller de coches\",\"item\":\"https:\/\/noucartallers.es\/el-taller-de-coches\"},{\"@type\":\"ListItem\",\"position\":3,\"name\":\"Taller de coche Sentmenat\"}]},{\"@type\":\"WebSite\",\"@id\":\"https:\/\/noucartallers.es\/#website\",\"url\":\"https:\/\/noucartallers.es\/\",\"name\":\"Nou Car Tallers\",\"description\":\"Servicio de mantenimiento y reparaciones para todo tipo de veh\u00edculos\",\"potentialAction\":[{\"@type\":\"SearchAction\",\"target\":{\"@type\":\"EntryPoint\",\"urlTemplate\":\"https:\/\/noucartallers.es\/?s={search_term_string}\"},\"query-input\":{\"@type\":\"PropertyValueSpecification\",\"valueRequired\":true,\"valueName\":\"search_term_string\"}}],\"inLanguage\":\"ca\"}]}<\/script>\n<!-- \/ Yoast SEO plugin. -->","yoast_head_json":{"title":"Taller de coche Sentmenat - Nou Car Tallers","robots":{"index":"index","follow":"follow","max-snippet":"max-snippet:-1","max-image-preview":"max-image-preview:large","max-video-preview":"max-video-preview:-1"},"canonical":"https:\/\/noucartallers.es\/ca\/el-taller-de-coches\/taller-de-coche-sentmenat\/","og_locale":"ca_ES","og_type":"article","og_title":"Taller de coche Sentmenat - Nou Car Tallers","og_url":"https:\/\/noucartallers.es\/ca\/el-taller-de-coches\/taller-de-coche-sentmenat\/","og_site_name":"Nou Car Tallers","twitter_card":"summary_large_image","twitter_misc":{"Temps estimat de lectura":"3 minuts"},"schema":{"@context":"https:\/\/schema.org","@graph":[{"@type":"WebPage","@id":"https:\/\/noucartallers.es\/el-taller-de-coches\/taller-de-coche-sentmenat","url":"https:\/\/noucartallers.es\/el-taller-de-coches\/taller-de-coche-sentmenat","name":"Taller de coche Sentmenat - Nou Car Tallers","isPartOf":{"@id":"https:\/\/noucartallers.es\/#website"},"datePublished":"2022-11-15T11:50:44+00:00","breadcrumb":{"@id":"https:\/\/noucartallers.es\/el-taller-de-coches\/taller-de-coche-sentmenat#breadcrumb"},"inLanguage":"ca","potentialAction":[{"@type":"ReadAction","target":["https:\/\/noucartallers.es\/el-taller-de-coches\/taller-de-coche-sentmenat"]}]},{"@type":"BreadcrumbList","@id":"https:\/\/noucartallers.es\/el-taller-de-coches\/taller-de-coche-sentmenat#breadcrumb","itemListElement":[{"@type":"ListItem","position":1,"name":"Portada","item":"https:\/\/noucartallers.es\/"},{"@type":"ListItem","position":2,"name":"Taller de coches","item":"https:\/\/noucartallers.es\/el-taller-de-coches"},{"@type":"ListItem","position":3,"name":"Taller de coche Sentmenat"}]},{"@type":"WebSite","@id":"https:\/\/noucartallers.es\/#website","url":"https:\/\/noucartallers.es\/","name":"Nou Car Tallers","description":"Servicio de mantenimiento y reparaciones para todo tipo de veh\u00edculos","potentialAction":[{"@type":"SearchAction","target":{"@type":"EntryPoint","urlTemplate":"https:\/\/noucartallers.es\/?s={search_term_string}"},"query-input":{"@type":"PropertyValueSpecification","valueRequired":true,"valueName":"search_term_string"}}],"inLanguage":"ca"}]}},"_links":{"self":[{"href":"https:\/\/noucartallers.es\/ca\/wp-json\/wp\/v2\/pages\/663","targetHints":{"allow":["GET"]}}],"collection":[{"href":"https:\/\/noucartallers.es\/ca\/wp-json\/wp\/v2\/pages"}],"about":[{"href":"https:\/\/noucartallers.es\/ca\/wp-json\/wp\/v2\/types\/page"}],"author":[{"embeddable":true,"href":"https:\/\/noucartallers.es\/ca\/wp-json\/wp\/v2\/users\/1"}],"replies":[{"embeddable":true,"href":"https:\/\/noucartallers.es\/ca\/wp-json\/wp\/v2\/comments?post=663"}],"version-history":[{"count":1,"href":"https:\/\/noucartallers.es\/ca\/wp-json\/wp\/v2\/pages\/663\/revisions"}],"predecessor-version":[{"id":664,"href":"https:\/\/noucartallers.es\/ca\/wp-json\/wp\/v2\/pages\/663\/revisions\/664"}],"up":[{"embeddable":true,"href":"https:\/\/noucartallers.es\/ca\/wp-json\/wp\/v2\/pages\/509"}],"wp:attachment":[{"href":"https:\/\/noucartallers.es\/ca\/wp-json\/wp\/v2\/media?parent=663"}],"curies":[{"name":"wp","href":"https:\/\/api.w.org\/{rel}","templated":true}]}}