{"id":67,"date":"2022-05-17T09:53:53","date_gmt":"2022-05-17T09:53:53","guid":{"rendered":"https:\/\/noucartallers.desarrollowebsonline.es\/?page_id=67"},"modified":"2023-07-24T07:17:55","modified_gmt":"2023-07-24T07:17:55","slug":"colaboradores","status":"publish","type":"page","link":"https:\/\/noucartallers.es\/ca\/colaboradores","title":{"rendered":"COL\u00b7LABORADORS"},"content":{"rendered":"<div class=\"wpb-content-wrapper\"><div data-vc-full-width=\"true\" data-vc-full-width-temp=\"true\" data-vc-full-width-init=\"false\" data-vc-stretch-content=\"true\" class=\"vc_row wpb_row vc_row-fluid vc_row-no-padding\"><div class=\"wpb_column vc_column_container vc_col-sm-12 vc_hidden-md vc_hidden-sm vc_hidden-xs vc_col-has-fill\"><div class=\"vc_column-inner vc_custom_1690183032162\"><div class=\"wpb_wrapper\"><div class=\"boc_spacing\" style=\"height: 350px\"><\/div>\n\t<div class=\"wpb_text_column wpb_content_element\" >\n\t\t<div class=\"wpb_wrapper\">\n\t\t\t<h1 style=\"font-weight: bold; text-align: center;\"><span style=\"color: #ffffff;\">Col\u00b7laboradors<\/span><\/h1>\n\n\t\t<\/div>\n\t<\/div>\n<div class=\"boc_spacing\" style=\"height: 20px\"><\/div><\/div><\/div><\/div><\/div><div class=\"vc_row-full-width vc_clearfix\"><\/div><div data-vc-full-width=\"true\" data-vc-full-width-temp=\"true\" data-vc-full-width-init=\"false\" data-vc-stretch-content=\"true\" class=\"vc_row wpb_row vc_row-fluid vc_custom_1656319852726 vc_row-no-padding\"><div class=\"wpb_column vc_column_container vc_col-sm-12 vc_hidden-lg vc_col-has-fill\"><div class=\"vc_column-inner vc_custom_1690183064846\"><div class=\"wpb_wrapper\"><div class=\"boc_spacing\" style=\"height: 150px\"><\/div>\n\t<div class=\"wpb_text_column wpb_content_element\" >\n\t\t<div class=\"wpb_wrapper\">\n\t\t\t<h1 style=\"font-weight: bold; text-align: center;\"><span style=\"color: #ffffff;\">Col\u00b7laboradors<\/span><\/h1>\n\n\t\t<\/div>\n\t<\/div>\n<div class=\"boc_spacing\" style=\"height: 20px\"><\/div><\/div><\/div><\/div><\/div><div class=\"vc_row-full-width vc_clearfix\"><\/div><div class=\"vc_row wpb_row vc_row-fluid\"><div class=\"wpb_column vc_column_container vc_col-sm-12 vc_hidden-md vc_hidden-sm vc_hidden-xs\"><div class=\"vc_column-inner\"><div class=\"wpb_wrapper\"><div class=\"boc_spacing\" style=\"height: 10px\"><\/div><\/div><\/div><\/div><\/div><div class=\"vc_row wpb_row vc_row-fluid vc_column-gap-35\"><div class=\"wpb_column vc_column_container vc_col-sm-6 vc_hidden-md vc_hidden-sm vc_hidden-xs\"><div class=\"vc_column-inner\"><div class=\"wpb_wrapper\"><div class=\"boc_spacing\" style=\"height: 60px\"><\/div>\n\t<div class=\"wpb_text_column wpb_content_element\" >\n\t\t<div class=\"wpb_wrapper\">\n\t\t\t<p style=\"text-align: justify;\">A NOU CAR TALLERS els clients s\u00f3n la nostra gran aposta de valor, el veritable aval de la nostra feina i la major garant de continu\u00eftat. Per aix\u00f2, agra\u00efm la confian\u00e7a que ens brinden durant tota la nostra traject\u00f2ria.<br \/>\nUn suport que ha perm\u00e8s que siguem una empresa consolidada i amb una gran projecci\u00f3 de futur.<\/p>\n<p style=\"text-align: justify;\">La confian\u00e7a que dipositen els nostres clients al nostre equip \u00e9s la millor garantia de la feina ben feta. Alguns dels clients que confien en nosaltres:<\/p>\n\n\t\t<\/div>\n\t<\/div>\n<\/div><\/div><\/div><div class=\"wpb_column vc_column_container vc_col-sm-6 vc_hidden-md vc_hidden-sm vc_hidden-xs\"><div class=\"vc_column-inner\"><div class=\"wpb_wrapper\">\n\t<div  class=\"wpb_single_image wpb_content_element vc_align_left wpb_content_element\">\n\t\t\n\t\t<figure class=\"wpb_wrapper vc_figure\">\n\t\t\t<div class=\"vc_single_image-wrapper   vc_box_border_grey\"><img loading=\"lazy\" decoding=\"async\" width=\"787\" height=\"513\" src=\"https:\/\/noucartallers.es\/wp-content\/uploads\/2022\/06\/colaboradores-noucar.png\" class=\"vc_single_image-img attachment-full\" alt=\"\" title=\"colaboradores noucar\" srcset=\"https:\/\/noucartallers.es\/wp-content\/uploads\/2022\/06\/colaboradores-noucar.png 787w, https:\/\/noucartallers.es\/wp-content\/uploads\/2022\/06\/colaboradores-noucar-300x196.png 300w, https:\/\/noucartallers.es\/wp-content\/uploads\/2022\/06\/colaboradores-noucar-768x501.png 768w\" sizes=\"auto, (max-width: 787px) 100vw, 787px\" \/><\/div>\n\t\t<\/figure>\n\t<\/div>\n<\/div><\/div><\/div><\/div><div class=\"vc_row wpb_row vc_row-fluid vc_custom_1656324957661 vc_column-gap-35\"><div class=\"wpb_column vc_column_container vc_col-sm-6 vc_hidden-lg\"><div class=\"vc_column-inner vc_custom_1656320155086\"><div class=\"wpb_wrapper\">\n\t<div class=\"wpb_text_column wpb_content_element\" >\n\t\t<div class=\"wpb_wrapper\">\n\t\t\t<p style=\"text-align: justify;\">A NOU CAR TALLERS els clients s\u00f3n la nostra gran aposta de valor, el veritable aval de la nostra feina i la major garant de continu\u00eftat. Per aix\u00f2, agra\u00efm la confian\u00e7a que ens brinden durant tota la nostra traject\u00f2ria.<br \/>\nUn suport que ha perm\u00e8s que siguem una empresa consolidada i amb una gran projecci\u00f3 de futur.<\/p>\n<p style=\"text-align: justify;\">La confian\u00e7a que dipositen els nostres clients al nostre equip \u00e9s la millor garantia de la feina ben feta. Alguns dels clients que confien en nosaltres:<\/p>\n\n\t\t<\/div>\n\t<\/div>\n<\/div><\/div><\/div><div class=\"wpb_column vc_column_container vc_col-sm-6 vc_hidden-lg\"><div class=\"vc_column-inner\"><div class=\"wpb_wrapper\">\n\t<div  class=\"wpb_single_image wpb_content_element vc_align_left wpb_content_element vc_custom_1656320178031\">\n\t\t\n\t\t<figure class=\"wpb_wrapper vc_figure\">\n\t\t\t<div class=\"vc_single_image-wrapper   vc_box_border_grey\"><img loading=\"lazy\" decoding=\"async\" width=\"787\" height=\"513\" src=\"https:\/\/noucartallers.es\/wp-content\/uploads\/2022\/06\/colaboradores-noucar.png\" class=\"vc_single_image-img attachment-full\" alt=\"\" title=\"colaboradores noucar\" srcset=\"https:\/\/noucartallers.es\/wp-content\/uploads\/2022\/06\/colaboradores-noucar.png 787w, https:\/\/noucartallers.es\/wp-content\/uploads\/2022\/06\/colaboradores-noucar-300x196.png 300w, https:\/\/noucartallers.es\/wp-content\/uploads\/2022\/06\/colaboradores-noucar-768x501.png 768w\" sizes=\"auto, (max-width: 787px) 100vw, 787px\" \/><\/div>\n\t\t<\/figure>\n\t<\/div>\n<\/div><\/div><\/div><\/div><div class=\"vc_row wpb_row vc_row-fluid\"><div class=\"wpb_column vc_column_container vc_col-sm-12\"><div class=\"vc_column-inner\"><div class=\"wpb_wrapper\"><div class=\"boc_spacing\" style=\"height: 20px\"><\/div><\/div><\/div><\/div><\/div><div class=\"vc_row wpb_row vc_row-fluid\"><div class=\"botones wpb_column vc_column_container vc_col-sm-12\"><div class=\"vc_column-inner\"><div class=\"wpb_wrapper\">\n\t<div class=\"wpb_text_column wpb_content_element\" >\n\t\t<div class=\"wpb_wrapper\">\n\t\t\t<h3 style=\"font-weight: bold; text-align: center;\">Confia en nosaltres, tenim <strong>la soluci\u00f3 al teu problema<\/strong><\/h3>\n\n\t\t<\/div>\n\t<\/div>\n<a\thref=\"\/ca\/contacto\/\" \n\t\t\t\tclass=\"button btn_large btn_theme_color btn_squared btn_3d\"  target='_self'><span>Contacta&#039;ns ara<\/span><\/a><\/div><\/div><\/div><\/div><div class=\"vc_row wpb_row vc_row-fluid\"><div class=\"wpb_column vc_column_container vc_col-sm-12\"><div class=\"vc_column-inner\"><div class=\"wpb_wrapper\"><div class=\"boc_spacing\" style=\"height: 30px\"><\/div><\/div><\/div><\/div><\/div>\n<\/div>","protected":false},"excerpt":{"rendered":"Colaboradores Colaboradores En NOU CAR TALLERS los clientes son nuestra gran apuesta de valor, el verdadero aval de nuestro trabajo y la mayor garante de continuidad. Por eso, agradecemos la confianza que nos brindan durante toda nuestra trayectoria. Un apoyo que ha permitido que seamos una empresa consolidada y con gran proyecci\u00f3n de futuro. La confianza que depositan nuestros clientes<div class=\"h10\"><\/div><a class=\"more-link1\" href=\"https:\/\/noucartallers.es\/ca\/colaboradores\">Read more<\/a>","protected":false},"author":1,"featured_media":0,"parent":0,"menu_order":0,"comment_status":"closed","ping_status":"closed","template":"","meta":{"footnotes":""},"class_list":["post-67","page","type-page","status-publish","hentry"],"yoast_head":"<!-- This site is optimized with the Yoast SEO plugin v26.7 - https:\/\/yoast.com\/wordpress\/plugins\/seo\/ -->\n<title>Clientes conf\u00edan, \u00e9xito asegurado - NOU CAR TALLERS<\/title>\n<meta name=\"description\" content=\"Nuestros clientes son nuestra mayor apuesta de valor y confiamos en ofrecerles soluciones efectivas. Una empresa consolidada con gran proyecci\u00f3n\" \/>\n<meta name=\"robots\" content=\"index, follow, max-snippet:-1, max-image-preview:large, max-video-preview:-1\" \/>\n<link rel=\"canonical\" href=\"https:\/\/noucartallers.es\/ca\/colaboradores\/\" \/>\n<meta property=\"og:locale\" content=\"ca_ES\" \/>\n<meta property=\"og:type\" content=\"article\" \/>\n<meta property=\"og:title\" content=\"Clientes conf\u00edan, \u00e9xito asegurado - NOU CAR TALLERS\" \/>\n<meta property=\"og:description\" content=\"Nuestros clientes son nuestra mayor apuesta de valor y confiamos en ofrecerles soluciones efectivas. Una empresa consolidada con gran proyecci\u00f3n\" \/>\n<meta property=\"og:url\" content=\"https:\/\/noucartallers.es\/ca\/colaboradores\/\" \/>\n<meta property=\"og:site_name\" content=\"Nou Car Tallers\" \/>\n<meta property=\"article:modified_time\" content=\"2023-07-24T07:17:55+00:00\" \/>\n<meta name=\"twitter:card\" content=\"summary_large_image\" \/>\n<meta name=\"twitter:label1\" content=\"Temps estimat de lectura\" \/>\n\t<meta name=\"twitter:data1\" content=\"2 minuts\" \/>\n<script type=\"application\/ld+json\" class=\"yoast-schema-graph\">{\"@context\":\"https:\/\/schema.org\",\"@graph\":[{\"@type\":\"WebPage\",\"@id\":\"https:\/\/noucartallers.es\/colaboradores\",\"url\":\"https:\/\/noucartallers.es\/colaboradores\",\"name\":\"Clientes conf\u00edan, \u00e9xito asegurado - NOU CAR TALLERS\",\"isPartOf\":{\"@id\":\"https:\/\/noucartallers.es\/#website\"},\"datePublished\":\"2022-05-17T09:53:53+00:00\",\"dateModified\":\"2023-07-24T07:17:55+00:00\",\"description\":\"Nuestros clientes son nuestra mayor apuesta de valor y confiamos en ofrecerles soluciones efectivas. Una empresa consolidada con gran proyecci\u00f3n\",\"breadcrumb\":{\"@id\":\"https:\/\/noucartallers.es\/colaboradores#breadcrumb\"},\"inLanguage\":\"ca\",\"potentialAction\":[{\"@type\":\"ReadAction\",\"target\":[\"https:\/\/noucartallers.es\/colaboradores\"]}]},{\"@type\":\"BreadcrumbList\",\"@id\":\"https:\/\/noucartallers.es\/colaboradores#breadcrumb\",\"itemListElement\":[{\"@type\":\"ListItem\",\"position\":1,\"name\":\"Portada\",\"item\":\"https:\/\/noucartallers.es\/\"},{\"@type\":\"ListItem\",\"position\":2,\"name\":\"COLABORADORES\"}]},{\"@type\":\"WebSite\",\"@id\":\"https:\/\/noucartallers.es\/#website\",\"url\":\"https:\/\/noucartallers.es\/\",\"name\":\"Nou Car Tallers\",\"description\":\"Servicio de mantenimiento y reparaciones para todo tipo de veh\u00edculos\",\"potentialAction\":[{\"@type\":\"SearchAction\",\"target\":{\"@type\":\"EntryPoint\",\"urlTemplate\":\"https:\/\/noucartallers.es\/?s={search_term_string}\"},\"query-input\":{\"@type\":\"PropertyValueSpecification\",\"valueRequired\":true,\"valueName\":\"search_term_string\"}}],\"inLanguage\":\"ca\"}]}<\/script>\n<!-- \/ Yoast SEO plugin. -->","yoast_head_json":{"title":"Clientes conf\u00edan, \u00e9xito asegurado - NOU CAR TALLERS","description":"Nuestros clientes son nuestra mayor apuesta de valor y confiamos en ofrecerles soluciones efectivas. Una empresa consolidada con gran proyecci\u00f3n","robots":{"index":"index","follow":"follow","max-snippet":"max-snippet:-1","max-image-preview":"max-image-preview:large","max-video-preview":"max-video-preview:-1"},"canonical":"https:\/\/noucartallers.es\/ca\/colaboradores\/","og_locale":"ca_ES","og_type":"article","og_title":"Clientes conf\u00edan, \u00e9xito asegurado - NOU CAR TALLERS","og_description":"Nuestros clientes son nuestra mayor apuesta de valor y confiamos en ofrecerles soluciones efectivas. Una empresa consolidada con gran proyecci\u00f3n","og_url":"https:\/\/noucartallers.es\/ca\/colaboradores\/","og_site_name":"Nou Car Tallers","article_modified_time":"2023-07-24T07:17:55+00:00","twitter_card":"summary_large_image","twitter_misc":{"Temps estimat de lectura":"2 minuts"},"schema":{"@context":"https:\/\/schema.org","@graph":[{"@type":"WebPage","@id":"https:\/\/noucartallers.es\/colaboradores","url":"https:\/\/noucartallers.es\/colaboradores","name":"Clientes conf\u00edan, \u00e9xito asegurado - NOU CAR TALLERS","isPartOf":{"@id":"https:\/\/noucartallers.es\/#website"},"datePublished":"2022-05-17T09:53:53+00:00","dateModified":"2023-07-24T07:17:55+00:00","description":"Nuestros clientes son nuestra mayor apuesta de valor y confiamos en ofrecerles soluciones efectivas. Una empresa consolidada con gran proyecci\u00f3n","breadcrumb":{"@id":"https:\/\/noucartallers.es\/colaboradores#breadcrumb"},"inLanguage":"ca","potentialAction":[{"@type":"ReadAction","target":["https:\/\/noucartallers.es\/colaboradores"]}]},{"@type":"BreadcrumbList","@id":"https:\/\/noucartallers.es\/colaboradores#breadcrumb","itemListElement":[{"@type":"ListItem","position":1,"name":"Portada","item":"https:\/\/noucartallers.es\/"},{"@type":"ListItem","position":2,"name":"COLABORADORES"}]},{"@type":"WebSite","@id":"https:\/\/noucartallers.es\/#website","url":"https:\/\/noucartallers.es\/","name":"Nou Car Tallers","description":"Servicio de mantenimiento y reparaciones para todo tipo de veh\u00edculos","potentialAction":[{"@type":"SearchAction","target":{"@type":"EntryPoint","urlTemplate":"https:\/\/noucartallers.es\/?s={search_term_string}"},"query-input":{"@type":"PropertyValueSpecification","valueRequired":true,"valueName":"search_term_string"}}],"inLanguage":"ca"}]}},"_links":{"self":[{"href":"https:\/\/noucartallers.es\/ca\/wp-json\/wp\/v2\/pages\/67","targetHints":{"allow":["GET"]}}],"collection":[{"href":"https:\/\/noucartallers.es\/ca\/wp-json\/wp\/v2\/pages"}],"about":[{"href":"https:\/\/noucartallers.es\/ca\/wp-json\/wp\/v2\/types\/page"}],"author":[{"embeddable":true,"href":"https:\/\/noucartallers.es\/ca\/wp-json\/wp\/v2\/users\/1"}],"replies":[{"embeddable":true,"href":"https:\/\/noucartallers.es\/ca\/wp-json\/wp\/v2\/comments?post=67"}],"version-history":[{"count":31,"href":"https:\/\/noucartallers.es\/ca\/wp-json\/wp\/v2\/pages\/67\/revisions"}],"predecessor-version":[{"id":1121,"href":"https:\/\/noucartallers.es\/ca\/wp-json\/wp\/v2\/pages\/67\/revisions\/1121"}],"wp:attachment":[{"href":"https:\/\/noucartallers.es\/ca\/wp-json\/wp\/v2\/media?parent=67"}],"curies":[{"name":"wp","href":"https:\/\/api.w.org\/{rel}","templated":true}]}}