{"id":720,"date":"2022-12-23T08:59:49","date_gmt":"2022-12-23T08:59:49","guid":{"rendered":"https:\/\/noucartallers.es\/?page_id=720"},"modified":"2022-12-23T08:59:49","modified_gmt":"2022-12-23T08:59:49","slug":"revision-itv-cardedeu","status":"publish","type":"page","link":"https:\/\/noucartallers.es\/ca\/revision-itv-cardedeu","title":{"rendered":"Revisi\u00f3 ITV Cardedeu"},"content":{"rendered":"<div class=\"wpb-content-wrapper\"><div class=\"vc_row wpb_row vc_row-fluid vc_column-gap-35\"><div class=\"wpb_column vc_column_container vc_col-sm-8\"><div class=\"vc_column-inner\"><div class=\"wpb_wrapper\">\n\t\t\t\t\t<!-- Image Slider -->\n\t\t\t\t\t<script type=\"text\/javascript\">\n\n\t\t\t\t\t\tjQuery(document).ready(function($) {\n\t\t\t\t\t\t\t\n\t\t\t\t\t\t\t\/\/ Load carousel after its images are loaded\n\t\t\t\t\t\t\tpreloadImages($(\"#img_slider_19dbc48335402881c7b8a734b4b1ec6f img\"), function () {\n\t\t\t\t\t\t\t\t\n\t\t\t\t\t\t\t\tvar carousel = $(\"#img_slider_19dbc48335402881c7b8a734b4b1ec6f\");\n\t\t\t\t\t\t\t\t\n\t\t\t\t\t\t\t\tvar args = {\n\t\t\t\t\t\t\t\t\titems: \t\t\t1,\n\t\t\t\t\t\t\t\t\tmouseDrag:\t\ttrue,\n\t\t\t\t\t\t\t\t\tautoplay:\t\ttrue,\n\t\t\t\t\t\t\t\t\tautoplayTimeout:8000,\n\t\t\t\t\t\t\t\t\tnav: \t\t\ttrue,\n\t\t\t\t\t\t\t\t\tdots: \t\t\tfalse,\n\t\t\t\t\t\t\t\t\tloop: \t\t\ttrue,\n\t\t\t\t\t\t\t\t\tautoHeight: \ttrue,\n\t\t\t\t\t\t\t\t\tsmartSpeed:\t\t250,\n\t\t\t\t\t\t\tnavText:\t\t\t[\"<span class='icon icon-arrow-left8'><\/span>\",\"<span class='icon icon-uniE708'><\/span>\"],\n\t\t\t\t\t\t\t\t\tslideBy: \t\t1,\n\t\t\t\t\t\t\t\t\tnavRewind: \t\tfalse,\n\t\t\t\t\t\t\t\t\trtl: \t\t\tfalse,\n\t\t\t\t\t\t\t\t\tonInitialized:  \tshowCarousel_19dbc48335402881c7b8a734b4b1ec6f,\n\t\t\t\t\t\t\t\t\t\n\t\t\t\t\t\t\t\t};\n\t\t\t\t\t\t\t\t\n\t\t\t\t\t\t\t\tcarousel.owlCarousel(args);\n\n\t\t\t\t\t\t\t\tvar initital_width = carousel.css(\"width\");\t\t\n\t\t\t\t\t\t\t\t\n\t\t\t\t\t\t\t\t\/* Refresh it for full width rows *\/\n\t\t\t\t\t\t\t\t$(window).load(function(){\n\t\t\t\t\t\t\t\t\tif(carousel.css(\"width\") != initital_width) {\n\t\t\t\t\t\t\t\t\t\tcarousel.trigger(\"destroy.owl.carousel\").removeClass(\"owl-carousel owl-loaded\");\n\t\t\t\t\t\t\t\t\t\tcarousel.find(\".owl-stage-outer\").children().unwrap();\n\t\t\t\t\t\t\t\t\t\tcarousel.owlCarousel(args);\n\t\t\t\t\t\t\t\t\t}\n\t\t\t\t\t\t\t\t});\n\t\t\t\t\t\t\t});\n\t\t\t\t\t\t\t\n\t\t\t\t\t\t\t\n\t\t\t\t\t\t\t\/* Show after initialized *\/\n\t\t\t\t\t\t\tfunction showCarousel_19dbc48335402881c7b8a734b4b1ec6f() {\n\t\t\t\t\t\t\t\t$(\"#img_slider_19dbc48335402881c7b8a734b4b1ec6f\").fadeTo(0,1);\n\t\t\t\t\t\t\t\t$(\"#img_slider_19dbc48335402881c7b8a734b4b1ec6f .owl-item .boc_owl_lazy\").css(\"opacity\",\"1\");\n\t\t\t\t\t\t\t}\t\t\t\t\t\t\t\n\t\t\t\t\t\t\t\n\t\t\t\t\t\t\t\n\t\t\t\t\t\t});\n\n\t\t\t\t\t<\/script>\n\t\t\t\t\t<!-- Image Slider :: END --><div class=\"img_slider mfp_gallery\" id=\"img_slider_19dbc48335402881c7b8a734b4b1ec6f\" style=\"opacity:0;\"><div class=\"img_slider_item boc_owl_lazy\"><img decoding=\"async\" src=\"https:\/\/noucartallers.es\/wp-content\/uploads\/2022\/05\/mecanica.jpg\" alt=\"\" title=\"\"\/><\/div><div class=\"img_slider_item boc_owl_lazy\"><img decoding=\"async\" src=\"https:\/\/noucartallers.es\/wp-content\/uploads\/2022\/05\/mecanico.jpg\" alt=\"\" title=\"\"\/><\/div><div class=\"img_slider_item boc_owl_lazy\"><img decoding=\"async\" src=\"https:\/\/noucartallers.es\/wp-content\/uploads\/2022\/05\/mantenimiento.jpg\" alt=\"\" title=\"\"\/><\/div><\/div><div class=\"boc_spacing\" style=\"height: 20px\"><\/div>\n\t<div class=\"wpb_text_column wpb_content_element\" >\n\t\t<div class=\"wpb_wrapper\">\n\t\t\t<p style=\"text-align: justify;\">Com tots els propietaris d&#039;autom\u00f2bils a Cardedeu saben, per assegurar-se que el seu cotxe estigui en condicions de circular i per mantenir-se a si mateix i altres conductors fora de perill, haur\u00e0 d&#039;obtenir una ITV per al seu vehicle.<\/p>\n<p style=\"text-align: justify;\">ITV s\u00f3n les sigles d&#039;Inspecci\u00f3 T\u00e8cnica de Vehicles, i aquesta \u00e9s una inspecci\u00f3 que determinar\u00e0 si el vostre vehicle est\u00e0 apte per circular o no. La regularitat de la <strong>revisi\u00f3 ITV a Cardedeu<\/strong> dependr\u00e0 de ledat del cotxe: els cotxes menors de quatre anys no necessiten una prova ITV. Els cotxes entre quatre i deu anys es proven cada dos anys. Els cotxes de m\u00e9s de deu anys se sotmeten anualment a una prova ITV.<\/p>\n<p style=\"text-align: justify;\">Per\u00f2 no pots simplement presentar-te al teu <strong>revisi\u00f3 ITV a Cardedeu<\/strong>. Has de presentar la documentaci\u00f3 apropiada al centre de proves, i no podran fer la prova sense aquesta documentaci\u00f3. Assegureu-vos de portar:<\/p>\n<p style=\"text-align: justify;\">Fitxa T\u00e8cnica \u2013 \u00c9s un full que t&#039;entreguen despr\u00e9s de la teva <strong>revisi\u00f3 ITV a Cardedeu<\/strong>, on es detallen les falles que es troben. Has de portar la Fitxa T\u00e8cnica de la darrera ITV que va passar el cotxe.<\/p>\n<p style=\"text-align: justify;\">Perm\u00eds de Circulaci\u00f3 \u2013 Aquest \u00e9s el document de registre del vostre vehicle.<\/p>\n<p style=\"text-align: justify;\">Evid\u00e8ncia que el seu autom\u00f2bil t\u00e9 l&#039;asseguran\u00e7a adequada. Un rebut de pagament de la seva p\u00f2lissa dasseguran\u00e7a \u00e9s el m\u00e9s com\u00fa per emportar.<\/p>\n<p style=\"text-align: justify;\">Identificaci\u00f3 DNI\/NIE<\/p>\n<p style=\"text-align: justify;\">Tamb\u00e9 haur\u00e0 de portar la tarifa corresponent per pagar la prova.<\/p>\n<p style=\"text-align: justify;\">La <strong>revisi\u00f3 ITV a Cardedeu<\/strong> nom\u00e9s es pot fer en un centre oficial de proves. Hi ha centenars daquests ubicats a tot Espanya, de manera que trobar un centre que sigui convenient per a vost\u00e8 no hauria de ser una tasca dif\u00edcil.<\/p>\n<p style=\"text-align: justify;\">En el passat, la <strong>revisi\u00f3 ITV a Cardedeu <\/strong>era temuda perqu\u00e8 els propietaris d&#039;autom\u00f2bils havien d&#039;arribar al centre de proves a l&#039;alba i despr\u00e9s esperar en una cua llarga el dia que s&#039;havia de fer la prova d&#039;ITV. Avui dia, pot fer una cita en l\u00ednia, cosa que li estalvia temps i fa que tot el proc\u00e9s sigui molt m\u00e9s convenient.<\/p>\n<p style=\"text-align: justify;\">En lloc de simplement deixar el seu autom\u00f2bil en un centre de proves i anar-se&#039;n, se li demanar\u00e0 que realitzi certes tasques com a part del proc\u00e9s de <strong>revisi\u00f3 ITV a Cardedeu<\/strong> i, majorit\u00e0riament, estar\u00e0 assegut i operant el seu autom\u00f2bil durant tot el proc\u00e9s.<\/p>\n<p style=\"text-align: justify;\">Si el cotxe passa la prova ITV, se li lliurar\u00e0 un certificat de prova i un petit adhesiu de color que s&#039;ha de col\u00b7locar al costat dret del seu parabrisa. Aix\u00f2 mostra el mes i l&#039;any en qu\u00e8 ven\u00e7 la propera prova. Mostrar aquesta etiqueta \u00e9s important, ja que podeu rebre una multa si la policia l&#039;atura i no es mostra visiblement.<\/p>\n<p style=\"text-align: justify;\">Si vol coneix m\u00e9s sobre la <strong>revisi\u00f3 ITV a Cardedeu <\/strong>i com estar a punt per aprovar aquesta, no dubti en contactar-nos.<\/p>\n\n\t\t<\/div>\n\t<\/div>\n<\/div><\/div><\/div><div class=\"wpb_column vc_column_container vc_col-sm-4\"><div class=\"vc_column-inner\"><div class=\"wpb_wrapper\">\n\t<div class=\"wpb_text_column wpb_content_element\" >\n\t\t<div class=\"wpb_wrapper\">\n\t\t\t<h3 style=\"text-align: center;\">Contacta&#039;ns per obtenir m\u00e9s informaci\u00f3<\/h3>\n<hr \/>\n\n\t\t<\/div>\n\t<\/div>\n\n<div class=\"wpcf7 no-js\" id=\"wpcf7-f140-o1\" lang=\"es-ES\" dir=\"ltr\" data-wpcf7-id=\"140\">\n<div class=\"screen-reader-response\"><p role=\"status\" aria-live=\"polite\" aria-atomic=\"true\"><\/p> <ul><\/ul><\/div>\n<form action=\"\/ca\/wp-json\/wp\/v2\/pages\/720#wpcf7-f140-o1\" method=\"post\" class=\"wpcf7-form init\" aria-label=\"Formulario de contacto\" novalidate=\"novalidate\" data-status=\"init\" data-trp-original-action=\"\/ca\/wp-json\/wp\/v2\/pages\/720#wpcf7-f140-o1\">\n<fieldset class=\"hidden-fields-container\"><input type=\"hidden\" name=\"_wpcf7\" value=\"140\" \/><input type=\"hidden\" name=\"_wpcf7_version\" value=\"6.1.4\" \/><input type=\"hidden\" name=\"_wpcf7_locale\" value=\"es_ES\" \/><input type=\"hidden\" name=\"_wpcf7_unit_tag\" value=\"wpcf7-f140-o1\" \/><input type=\"hidden\" name=\"_wpcf7_container_post\" value=\"0\" \/><input type=\"hidden\" name=\"_wpcf7_posted_data_hash\" value=\"\" \/><input type=\"hidden\" name=\"_wpcf7_recaptcha_response\" value=\"\" \/>\n<\/fieldset>\n<p><label><span class=\"wpcf7-form-control-wrap\" data-name=\"your-name\"><input size=\"40\" maxlength=\"400\" class=\"wpcf7-form-control wpcf7-text wpcf7-validates-as-required\" aria-required=\"true\" aria-invalid=\"false\" placeholder=\"Nom\" value=\"\" type=\"text\" name=\"your-name\" \/><\/span><\/label>\n<\/p>\n<p><label><span class=\"wpcf7-form-control-wrap\" data-name=\"your-surname\"><input size=\"40\" maxlength=\"400\" class=\"wpcf7-form-control wpcf7-text wpcf7-validates-as-required\" aria-required=\"true\" aria-invalid=\"false\" placeholder=\"Cognoms\" value=\"\" type=\"text\" name=\"your-surname\" \/><\/span><\/label>\n<\/p>\n<p><label><span class=\"wpcf7-form-control-wrap\" data-name=\"your-email\"><input size=\"40\" maxlength=\"400\" class=\"wpcf7-form-control wpcf7-text wpcf7-validates-as-required\" aria-required=\"true\" aria-invalid=\"false\" placeholder=\"Email\" value=\"\" type=\"text\" name=\"your-email\" \/><\/span><\/label>\n<\/p>\n<p><label><span class=\"wpcf7-form-control-wrap\" data-name=\"your-phone\"><input size=\"40\" maxlength=\"400\" class=\"wpcf7-form-control wpcf7-text wpcf7-validates-as-required\" aria-required=\"true\" aria-invalid=\"false\" placeholder=\"Tel\u00e8fon de contacte\" value=\"\" type=\"text\" name=\"your-phone\" \/><\/span><\/label>\n<\/p>\n<p><label><span class=\"wpcf7-form-control-wrap\" data-name=\"your-message\"><textarea cols=\"40\" rows=\"1\" maxlength=\"2000\" class=\"wpcf7-form-control wpcf7-textarea\" aria-invalid=\"false\" placeholder=\"Missatge\" name=\"your-message\"><\/textarea><\/span><\/label>\n<\/p>\n<p><span class=\"wpcf7-form-control-wrap\" data-name=\"Enviodedatos\"><span class=\"wpcf7-form-control wpcf7-acceptance\"><span class=\"wpcf7-list-item\"><label><input type=\"checkbox\" name=\"Enviodedatos\" value=\"1\" aria-invalid=\"false\" \/><span class=\"wpcf7-list-item-label\">Acceptes l&#039;enviament de dades?<\/span><\/label><\/span><\/span><\/span>\n<\/p>\n<p><span class=\"wpcf7-form-control-wrap\" data-name=\"Enviodedatos\"><span class=\"wpcf7-form-control wpcf7-acceptance\"><span class=\"wpcf7-list-item\"><label><input type=\"checkbox\" name=\"Enviodedatos\" value=\"1\" aria-invalid=\"false\" \/><span class=\"wpcf7-list-item-label\">Acceptes la <a href=\"\/ca\/politica-de-privacidad-y-cookies\/\"><strong>pol\u00edtica de privadesa<\/strong><\/a>?<\/span><\/label><\/span><\/span><\/span>\n<\/p>\n<span class=\"wpcf7-form-control-wrap recaptcha\" data-name=\"recaptcha\"><span data-sitekey=\"6LecJqwgAAAAAIx4kA2F6fqXxLAlpdJDKYGhH-Mb\" class=\"wpcf7-form-control wpcf7-recaptcha g-recaptcha\"><\/span>\r\n<noscript>\r\n\t<div class=\"grecaptcha-noscript\">\r\n\t\t<iframe loading=\"lazy\" src=\"https:\/\/www.google.com\/recaptcha\/api\/fallback?k=6LecJqwgAAAAAIx4kA2F6fqXxLAlpdJDKYGhH-Mb\" frameborder=\"0\" scrolling=\"no\" width=\"310\" height=\"430\">\r\n\t\t<\/iframe>\r\n\t\t<textarea name=\"g-recaptcha-response\" rows=\"3\" cols=\"40\" placeholder=\"Aqu\u00ed la respuesta de reCAPTCHA\">\r\n\t\t<\/textarea>\r\n\t<\/div>\r\n<\/noscript>\r\n<\/span>\n<p><input class=\"wpcf7-form-control wpcf7-submit has-spinner\" type=\"submit\" value=\"Enviar\" \/>\n<\/p><div class=\"wpcf7-response-output\" aria-hidden=\"true\"><\/div>\n<input type=\"hidden\" name=\"trp-form-language\" value=\"ca\"\/><\/form>\n<\/div>\n<\/div><\/div><\/div><\/div><div class=\"vc_row wpb_row vc_row-fluid\"><div class=\"botones wpb_column vc_column_container vc_col-sm-12\"><div class=\"vc_column-inner\"><div class=\"wpb_wrapper\">\n\t<div class=\"wpb_text_column wpb_content_element\" >\n\t\t<div class=\"wpb_wrapper\">\n\t\t\t<h3 style=\"font-weight: bold; text-align: center;\">Confia en nosaltres, tenim <strong>la soluci\u00f3 al teu problema<\/strong><\/h3>\n\n\t\t<\/div>\n\t<\/div>\n<a\thref=\"\/ca\/contacto\/\" \n\t\t\t\tclass=\"button btn_large btn_theme_color btn_squared btn_3d\"  target='_self'><span>Contacta&#039;ns ara<\/span><\/a><\/div><\/div><\/div><\/div><div class=\"vc_row wpb_row vc_row-fluid\"><div class=\"wpb_column vc_column_container vc_col-sm-12\"><div class=\"vc_column-inner\"><div class=\"wpb_wrapper\"><div class=\"boc_spacing\" style=\"height: 30px\"><\/div><\/div><\/div><\/div><\/div>\n<\/div>","protected":false},"excerpt":{"rendered":"Como todos los propietarios de autom\u00f3viles en Cardedeu saben, para asegurarse de que su coche est\u00e9 en condiciones de circular y para mantenerse a s\u00ed mismo y a otros conductores a salvo, deber\u00e1 obtener una ITV para su veh\u00edculo. ITV son las siglas de Inspecci\u00f3n T\u00e9cnica de Veh\u00edculos, y esta es una inspecci\u00f3n que determinar\u00e1 si su veh\u00edculo est\u00e1 apto<div class=\"h10\"><\/div><a class=\"more-link1\" href=\"https:\/\/noucartallers.es\/ca\/revision-itv-cardedeu\">Read more<\/a>","protected":false},"author":1,"featured_media":0,"parent":0,"menu_order":0,"comment_status":"closed","ping_status":"closed","template":"","meta":{"footnotes":""},"class_list":["post-720","page","type-page","status-publish","hentry"],"yoast_head":"<!-- This site is optimized with the Yoast SEO plugin v26.7 - https:\/\/yoast.com\/wordpress\/plugins\/seo\/ -->\n<title>Revisi\u00f3n ITV Cardedeu - Nou Car Tallers<\/title>\n<meta name=\"robots\" content=\"index, follow, max-snippet:-1, max-image-preview:large, max-video-preview:-1\" \/>\n<link rel=\"canonical\" href=\"https:\/\/noucartallers.es\/ca\/revision-itv-cardedeu\/\" \/>\n<meta property=\"og:locale\" content=\"ca_ES\" \/>\n<meta property=\"og:type\" content=\"article\" \/>\n<meta property=\"og:title\" content=\"Revisi\u00f3n ITV Cardedeu - Nou Car Tallers\" \/>\n<meta property=\"og:url\" content=\"https:\/\/noucartallers.es\/ca\/revision-itv-cardedeu\/\" \/>\n<meta property=\"og:site_name\" content=\"Nou Car Tallers\" \/>\n<meta name=\"twitter:card\" content=\"summary_large_image\" \/>\n<meta name=\"twitter:label1\" content=\"Temps estimat de lectura\" \/>\n\t<meta name=\"twitter:data1\" content=\"3 minuts\" \/>\n<script type=\"application\/ld+json\" class=\"yoast-schema-graph\">{\"@context\":\"https:\/\/schema.org\",\"@graph\":[{\"@type\":\"WebPage\",\"@id\":\"https:\/\/noucartallers.es\/revision-itv-cardedeu\",\"url\":\"https:\/\/noucartallers.es\/revision-itv-cardedeu\",\"name\":\"Revisi\u00f3n ITV Cardedeu - Nou Car Tallers\",\"isPartOf\":{\"@id\":\"https:\/\/noucartallers.es\/#website\"},\"datePublished\":\"2022-12-23T08:59:49+00:00\",\"breadcrumb\":{\"@id\":\"https:\/\/noucartallers.es\/revision-itv-cardedeu#breadcrumb\"},\"inLanguage\":\"ca\",\"potentialAction\":[{\"@type\":\"ReadAction\",\"target\":[\"https:\/\/noucartallers.es\/revision-itv-cardedeu\"]}]},{\"@type\":\"BreadcrumbList\",\"@id\":\"https:\/\/noucartallers.es\/revision-itv-cardedeu#breadcrumb\",\"itemListElement\":[{\"@type\":\"ListItem\",\"position\":1,\"name\":\"Portada\",\"item\":\"https:\/\/noucartallers.es\/\"},{\"@type\":\"ListItem\",\"position\":2,\"name\":\"Revisi\u00f3n ITV Cardedeu\"}]},{\"@type\":\"WebSite\",\"@id\":\"https:\/\/noucartallers.es\/#website\",\"url\":\"https:\/\/noucartallers.es\/\",\"name\":\"Nou Car Tallers\",\"description\":\"Servicio de mantenimiento y reparaciones para todo tipo de veh\u00edculos\",\"potentialAction\":[{\"@type\":\"SearchAction\",\"target\":{\"@type\":\"EntryPoint\",\"urlTemplate\":\"https:\/\/noucartallers.es\/?s={search_term_string}\"},\"query-input\":{\"@type\":\"PropertyValueSpecification\",\"valueRequired\":true,\"valueName\":\"search_term_string\"}}],\"inLanguage\":\"ca\"}]}<\/script>\n<!-- \/ Yoast SEO plugin. -->","yoast_head_json":{"title":"Revisi\u00f3n ITV Cardedeu - Nou Car Tallers","robots":{"index":"index","follow":"follow","max-snippet":"max-snippet:-1","max-image-preview":"max-image-preview:large","max-video-preview":"max-video-preview:-1"},"canonical":"https:\/\/noucartallers.es\/ca\/revision-itv-cardedeu\/","og_locale":"ca_ES","og_type":"article","og_title":"Revisi\u00f3n ITV Cardedeu - Nou Car Tallers","og_url":"https:\/\/noucartallers.es\/ca\/revision-itv-cardedeu\/","og_site_name":"Nou Car Tallers","twitter_card":"summary_large_image","twitter_misc":{"Temps estimat de lectura":"3 minuts"},"schema":{"@context":"https:\/\/schema.org","@graph":[{"@type":"WebPage","@id":"https:\/\/noucartallers.es\/revision-itv-cardedeu","url":"https:\/\/noucartallers.es\/revision-itv-cardedeu","name":"Revisi\u00f3n ITV Cardedeu - Nou Car Tallers","isPartOf":{"@id":"https:\/\/noucartallers.es\/#website"},"datePublished":"2022-12-23T08:59:49+00:00","breadcrumb":{"@id":"https:\/\/noucartallers.es\/revision-itv-cardedeu#breadcrumb"},"inLanguage":"ca","potentialAction":[{"@type":"ReadAction","target":["https:\/\/noucartallers.es\/revision-itv-cardedeu"]}]},{"@type":"BreadcrumbList","@id":"https:\/\/noucartallers.es\/revision-itv-cardedeu#breadcrumb","itemListElement":[{"@type":"ListItem","position":1,"name":"Portada","item":"https:\/\/noucartallers.es\/"},{"@type":"ListItem","position":2,"name":"Revisi\u00f3n ITV Cardedeu"}]},{"@type":"WebSite","@id":"https:\/\/noucartallers.es\/#website","url":"https:\/\/noucartallers.es\/","name":"Nou Car Tallers","description":"Servicio de mantenimiento y reparaciones para todo tipo de veh\u00edculos","potentialAction":[{"@type":"SearchAction","target":{"@type":"EntryPoint","urlTemplate":"https:\/\/noucartallers.es\/?s={search_term_string}"},"query-input":{"@type":"PropertyValueSpecification","valueRequired":true,"valueName":"search_term_string"}}],"inLanguage":"ca"}]}},"_links":{"self":[{"href":"https:\/\/noucartallers.es\/ca\/wp-json\/wp\/v2\/pages\/720","targetHints":{"allow":["GET"]}}],"collection":[{"href":"https:\/\/noucartallers.es\/ca\/wp-json\/wp\/v2\/pages"}],"about":[{"href":"https:\/\/noucartallers.es\/ca\/wp-json\/wp\/v2\/types\/page"}],"author":[{"embeddable":true,"href":"https:\/\/noucartallers.es\/ca\/wp-json\/wp\/v2\/users\/1"}],"replies":[{"embeddable":true,"href":"https:\/\/noucartallers.es\/ca\/wp-json\/wp\/v2\/comments?post=720"}],"version-history":[{"count":1,"href":"https:\/\/noucartallers.es\/ca\/wp-json\/wp\/v2\/pages\/720\/revisions"}],"predecessor-version":[{"id":721,"href":"https:\/\/noucartallers.es\/ca\/wp-json\/wp\/v2\/pages\/720\/revisions\/721"}],"wp:attachment":[{"href":"https:\/\/noucartallers.es\/ca\/wp-json\/wp\/v2\/media?parent=720"}],"curies":[{"name":"wp","href":"https:\/\/api.w.org\/{rel}","templated":true}]}}