{"id":784,"date":"2023-03-27T08:49:42","date_gmt":"2023-03-27T08:49:42","guid":{"rendered":"https:\/\/noucartallers.es\/?page_id=784"},"modified":"2023-07-21T09:26:27","modified_gmt":"2023-07-21T09:26:27","slug":"mecanica","status":"publish","type":"page","link":"https:\/\/noucartallers.es\/ca\/servicios\/mecanica","title":{"rendered":"Mec\u00e0nica"},"content":{"rendered":"<div class=\"wpb-content-wrapper\"><div data-vc-full-width=\"true\" data-vc-full-width-temp=\"true\" data-vc-full-width-init=\"false\" data-vc-stretch-content=\"true\" class=\"vc_row wpb_row vc_row-fluid vc_custom_1689931574160 vc_row-has-fill vc_row-no-padding\"><div class=\"wpb_column vc_column_container vc_col-sm-12 vc_hidden-md vc_hidden-sm vc_hidden-xs vc_col-has-fill\"><div class=\"vc_column-inner vc_custom_1679907036601\"><div class=\"wpb_wrapper\"><div class=\"boc_spacing\" style=\"height: 350px\"><\/div>\n\t<div class=\"wpb_text_column wpb_content_element\" >\n\t\t<div class=\"wpb_wrapper\">\n\t\t\t<h1 style=\"font-weight: bold; text-align: center;\"><span style=\"color: #ffffff;\">Mec\u00e0nica<\/span><\/h1>\n\n\t\t<\/div>\n\t<\/div>\n<div class=\"boc_spacing\" style=\"height: 20px\"><\/div><\/div><\/div><\/div><\/div><div class=\"vc_row-full-width vc_clearfix\"><\/div><div data-vc-full-width=\"true\" data-vc-full-width-temp=\"true\" data-vc-full-width-init=\"false\" data-vc-stretch-content=\"true\" class=\"vc_row wpb_row vc_row-fluid vc_custom_1689931584680 vc_row-has-fill vc_row-no-padding\"><div class=\"wpb_column vc_column_container vc_col-sm-12 vc_hidden-lg vc_col-has-fill\"><div class=\"vc_column-inner vc_custom_1679907065703\"><div class=\"wpb_wrapper\"><div class=\"boc_spacing\" style=\"height: 150px\"><\/div>\n\t<div class=\"wpb_text_column wpb_content_element\" >\n\t\t<div class=\"wpb_wrapper\">\n\t\t\t<h1 style=\"font-weight: bold; text-align: center;\"><span style=\"color: #ffffff;\">Mec\u00e0nica<\/span><\/h1>\n\n\t\t<\/div>\n\t<\/div>\n<div class=\"boc_spacing\" style=\"height: 20px\"><\/div><\/div><\/div><\/div><\/div><div class=\"vc_row-full-width vc_clearfix\"><\/div><div class=\"vc_row wpb_row vc_row-fluid\"><div class=\"wpb_column vc_column_container vc_col-sm-12\"><div class=\"vc_column-inner\"><div class=\"wpb_wrapper\"><div class=\"boc_spacing\" style=\"height: 20px\"><\/div><\/div><\/div><\/div><\/div><div class=\"vc_row wpb_row vc_row-fluid vc_custom_1657104679870 vc_column-gap-35\"><div class=\"wpb_column vc_column_container vc_col-sm-6\"><div class=\"vc_column-inner\"><div class=\"wpb_wrapper\">\n\t<div class=\"wpb_text_column wpb_content_element\" >\n\t\t<div class=\"wpb_wrapper\">\n\t\t\t<h2>NOUCAR TALLERS: Mec\u00e0nica per a turismes i vehicles industrials.<\/h2>\n<p style=\"text-align: justify;\">Un servei de mec\u00e0nica especialitzada en vehicles industrials \u00e9s essencial per mantenir aquests equips en \u00f2ptimes condicions i garantir-ne el rendiment, seguretat i longevitat. Aquests vehicles tenen requisits espec\u00edfics en termes de manteniment i reparaci\u00f3 degut a la seva mida i complexitat.<\/p>\n\n\t\t<\/div>\n\t<\/div>\n<\/div><\/div><\/div><div class=\"wpb_column vc_column_container vc_col-sm-6\"><div class=\"vc_column-inner\"><div class=\"wpb_wrapper\">\n\t\t\t\t\t<!-- Image Slider -->\n\t\t\t\t\t<script type=\"text\/javascript\">\n\n\t\t\t\t\t\tjQuery(document).ready(function($) {\n\t\t\t\t\t\t\t\n\t\t\t\t\t\t\t\/\/ Load carousel after its images are loaded\n\t\t\t\t\t\t\tpreloadImages($(\"#img_slider_492376bf4700407c32322ca2ef2dfa29 img\"), function () {\n\t\t\t\t\t\t\t\t\n\t\t\t\t\t\t\t\tvar carousel = $(\"#img_slider_492376bf4700407c32322ca2ef2dfa29\");\n\t\t\t\t\t\t\t\t\n\t\t\t\t\t\t\t\tvar args = {\n\t\t\t\t\t\t\t\t\titems: \t\t\t1,\n\t\t\t\t\t\t\t\t\tmouseDrag:\t\ttrue,\n\t\t\t\t\t\t\t\t\tautoplay:\t\tfalse,\n\t\t\t\t\t\t\t\t\tautoplayTimeout:6000,\n\t\t\t\t\t\t\t\t\tnav: \t\t\ttrue,\n\t\t\t\t\t\t\t\t\tdots: \t\t\tfalse,\n\t\t\t\t\t\t\t\t\tloop: \t\t\tfalse,\n\t\t\t\t\t\t\t\t\tautoHeight: \tfalse,\n\t\t\t\t\t\t\t\t\tsmartSpeed:\t\t250,\n\t\t\t\t\t\t\tnavText:\t\t\t[\"<span class='icon icon-arrow-left8'><\/span>\",\"<span class='icon icon-uniE708'><\/span>\"],\n\t\t\t\t\t\t\t\t\tslideBy: \t\t1,\n\t\t\t\t\t\t\t\t\tnavRewind: \t\tfalse,\n\t\t\t\t\t\t\t\t\trtl: \t\t\tfalse,\n\t\t\t\t\t\t\t\t\tonInitialized:  \tshowCarousel_492376bf4700407c32322ca2ef2dfa29,\n\t\t\t\t\t\t\t\t\t\n\t\t\t\t\t\t\t\t};\n\t\t\t\t\t\t\t\t\n\t\t\t\t\t\t\t\tcarousel.owlCarousel(args);\n\n\t\t\t\t\t\t\t\tvar initital_width = carousel.css(\"width\");\t\t\n\t\t\t\t\t\t\t\t\n\t\t\t\t\t\t\t\t\/* Refresh it for full width rows *\/\n\t\t\t\t\t\t\t\t$(window).load(function(){\n\t\t\t\t\t\t\t\t\tif(carousel.css(\"width\") != initital_width) {\n\t\t\t\t\t\t\t\t\t\tcarousel.trigger(\"destroy.owl.carousel\").removeClass(\"owl-carousel owl-loaded\");\n\t\t\t\t\t\t\t\t\t\tcarousel.find(\".owl-stage-outer\").children().unwrap();\n\t\t\t\t\t\t\t\t\t\tcarousel.owlCarousel(args);\n\t\t\t\t\t\t\t\t\t}\n\t\t\t\t\t\t\t\t});\n\t\t\t\t\t\t\t});\n\t\t\t\t\t\t\t\n\t\t\t\t\t\t\t\n\t\t\t\t\t\t\t\/* Show after initialized *\/\n\t\t\t\t\t\t\tfunction showCarousel_492376bf4700407c32322ca2ef2dfa29() {\n\t\t\t\t\t\t\t\t$(\"#img_slider_492376bf4700407c32322ca2ef2dfa29\").fadeTo(0,1);\n\t\t\t\t\t\t\t\t$(\"#img_slider_492376bf4700407c32322ca2ef2dfa29 .owl-item .boc_owl_lazy\").css(\"opacity\",\"1\");\n\t\t\t\t\t\t\t}\t\t\t\t\t\t\t\n\t\t\t\t\t\t\t\n\t\t\t\t\t\t\t\n\t\t\t\t\t\t});\n\n\t\t\t\t\t<\/script>\n\t\t\t\t\t<!-- Image Slider :: END --><div class=\"img_slider mfp_gallery\" id=\"img_slider_492376bf4700407c32322ca2ef2dfa29\" style=\"opacity:0;\"><div class=\"img_slider_item boc_owl_lazy\"><img decoding=\"async\" src=\"https:\/\/noucartallers.es\/wp-content\/uploads\/2023\/07\/mecanica.jpg\" alt=\"\" title=\"\"\/><\/div><div class=\"img_slider_item boc_owl_lazy\"><img decoding=\"async\" src=\"https:\/\/noucartallers.es\/wp-content\/uploads\/2023\/07\/mecanica-4.jpg\" alt=\"\" title=\"\"\/><\/div><div class=\"img_slider_item boc_owl_lazy\"><img decoding=\"async\" src=\"https:\/\/noucartallers.es\/wp-content\/uploads\/2023\/07\/mecanica-3.jpg\" alt=\"\" title=\"\"\/><\/div><div class=\"img_slider_item boc_owl_lazy\"><img decoding=\"async\" src=\"https:\/\/noucartallers.es\/wp-content\/uploads\/2023\/07\/mecanica-2.jpg\" alt=\"\" title=\"\"\/><\/div><\/div><\/div><\/div><\/div><\/div><div class=\"vc_row wpb_row vc_row-fluid\"><div class=\"botones wpb_column vc_column_container vc_col-sm-12\"><div class=\"vc_column-inner\"><div class=\"wpb_wrapper\"><div class=\"boc_spacing\" style=\"height: 1px\"><\/div><h3 class=\"boc_heading  center  boc_subheading\"  style=\"margin-bottom: 20px;margin-top: 0px;color: #333333;\"><span>Confia en nosaltres, tenim <strong>la soluci\u00f3 al teu problema<\/strong><\/span><\/h3><div class=\"boc_spacing\" style=\"height: 30px\"><\/div><div class=\"vc_row wpb_row vc_inner vc_row-fluid vc_column-gap-35\"><div class=\"wpb_column vc_column_container vc_col-sm-6\"><div class=\"vc_column-inner\"><div class=\"wpb_wrapper\">\n\t<div class=\"wpb_text_column wpb_content_element\" >\n\t\t<div class=\"wpb_wrapper\">\n\t\t\t<p style=\"text-align: justify;\">Un mec\u00e0nic especialitzat en vehicles industrials est\u00e0 altament capacitat per gestionar qualsevol problema que sorgeixi en aquest tipus de vehicle. El nostre equip t\u00e9 l&#039;experi\u00e8ncia necess\u00e0ria per treballar amb sistemes hidr\u00e0ulics i pneum\u00e0tics, sistemes de frens i transmissions complexes i s\u00f3n capa\u00e7os de diagnosticar i reparar qualsevol problema que sorgeixi.<\/p>\n\n\t\t<\/div>\n\t<\/div>\n<\/div><\/div><\/div><div class=\"wpb_column vc_column_container vc_col-sm-6\"><div class=\"vc_column-inner\"><div class=\"wpb_wrapper\">\n\t<div class=\"wpb_text_column wpb_content_element\" >\n\t\t<div class=\"wpb_wrapper\">\n\t\t\t<p style=\"text-align: justify;\">A m\u00e9s, un servei de mec\u00e0nica especialitzada en vehicles industrials tamb\u00e9 pot fer inspeccions preventives per detectar problemes potencials abans que es converteixin en problemes m\u00e9s grans. Aix\u00f2 pot ajudar a evitar reparacions costoses i reduir el temps d&#039;inactivitat dels vehicles.<\/p>\n\n\t\t<\/div>\n\t<\/div>\n<\/div><\/div><\/div><\/div><div class=\"vc_row wpb_row vc_inner vc_row-fluid\"><div class=\"wpb_column vc_column_container vc_col-sm-6\"><div class=\"vc_column-inner\"><div class=\"wpb_wrapper\"><\/div><\/div><\/div><div class=\"wpb_column vc_column_container vc_col-sm-6\"><div class=\"vc_column-inner\"><div class=\"wpb_wrapper\"><\/div><\/div><\/div><\/div><\/div><\/div><\/div><\/div><div data-vc-full-width=\"true\" data-vc-full-width-temp=\"true\" data-vc-full-width-init=\"false\" data-vc-stretch-content=\"true\" class=\"vc_row wpb_row vc_row-fluid vc_custom_1689665415808 vc_column-gap-35\"><div class=\"wpb_column vc_column_container vc_col-sm-1\/5\"><div class=\"vc_column-inner\"><div class=\"wpb_wrapper\"><div id=\"top_icon_box_84796\" class=\"top_icon_box type1\"><div class=\"icon_holder\"><div class=\"icon_bgr\"><\/div><div class=\"icon_center\"><i class=\"icon icon-lock5\"><\/i><\/div><\/div><h3>Tranquil\u00b7litat i seguretat<\/h3><p><\/p>\n<p style=\"text-align: center;\">El nostre servei de mec\u00e0nica especialitzada en vehicles industrials i turismes ofereix als nostres clients la tranquil\u00b7litat de saber que els seus vehicles estan en mans expertes. Ens encarreguem de mantenir-los en \u00f2ptimes condicions, cosa que garanteix la seva seguretat a la carretera.<\/p>\n<p><\/p><\/div><\/div><\/div><\/div><div class=\"wpb_column vc_column_container vc_col-sm-1\/5\"><div class=\"vc_column-inner\"><div class=\"wpb_wrapper\"><div id=\"top_icon_box_98891\" class=\"top_icon_box type1\"><div class=\"icon_holder\"><div class=\"icon_bgr\"><\/div><div class=\"icon_center\"><i class=\"icon icon-piggy\"><\/i><\/div><\/div><h3>Estalvi a llarg termini<\/h3><p><\/p>\n<p style=\"text-align: center;\">El nostre enfocament en el manteniment preventiu ajuda a evitar problemes i avaries costoses a llarg termini. En realitzar revisions peri\u00f2diques i solucionar petits problemes abans que es converteixin en grans falles, els nostres clients estalvien diners en reparacions m\u00e9s grans.<\/p>\n<p><\/p><\/div><\/div><\/div><\/div><div class=\"wpb_column vc_column_container vc_col-sm-1\/5\"><div class=\"vc_column-inner\"><div class=\"wpb_wrapper\"><div id=\"top_icon_box_71570\" class=\"top_icon_box type1\"><div class=\"icon_holder\"><div class=\"icon_bgr\"><\/div><div class=\"icon_center\"><i class=\"icon icon-diamond\"><\/i><\/div><\/div><h3>Valor i durabilitat<\/h3><p><\/p>\n<p style=\"text-align: center;\">El nostre servei de qualitat i atenci\u00f3 especialitzada assegura que els vehicles dels nostres clients tinguin una vida \u00fatil m\u00e9s gran. En mantenir-los en bones condicions, se&#039;n prolonga la durabilitat i se&#039;n maximitza el valor de revenda.<\/p>\n<p><\/p><\/div><\/div><\/div><\/div><div class=\"wpb_column vc_column_container vc_col-sm-1\/5\"><div class=\"vc_column-inner\"><div class=\"wpb_wrapper\"><div id=\"top_icon_box_540\" class=\"top_icon_box type1\"><div class=\"icon_holder\"><div class=\"icon_bgr\"><\/div><div class=\"icon_center\"><i class=\"icon icon-refresh-2\"><\/i><\/div><\/div><h3>Major rendiment i efici\u00e8ncia<\/h3><p><\/p>\n<p style=\"text-align: center;\">En mantenir un bon estat i funcionament dels vehicles, els nostres clients experimenten un millor rendiment i efici\u00e8ncia als seus vehicles. Aix\u00f2 es tradueix en un menor consum de combustible i un millor exercici en general.<\/p>\n<p><\/p><\/div><\/div><\/div><\/div><div class=\"wpb_column vc_column_container vc_col-sm-1\/5\"><div class=\"vc_column-inner\"><div class=\"wpb_wrapper\"><div id=\"top_icon_box_97746\" class=\"top_icon_box type1\"><div class=\"icon_holder\"><div class=\"icon_bgr\"><\/div><div class=\"icon_center\"><i class=\"icon icon-chat3\"><\/i><\/div><\/div><h3>Atenci\u00f3 personalitzada i confian\u00e7a<\/h3><p><\/p>\n<p style=\"text-align: center;\">Ens enorgulleix brindar un servei personalitzat i proper a cada client. El nostre equip de professionals s&#039;assegura d&#039;escoltar les vostres necessitats, oferir assessorament expert i generar confian\u00e7a en cada interacci\u00f3. Estem compromesos a superar les expectatives i construir relacions duradores amb els nostres clients.<\/p>\n<p><\/p><\/div><\/div><\/div><\/div><\/div><div class=\"vc_row-full-width vc_clearfix\"><\/div><div class=\"vc_row wpb_row vc_row-fluid\"><div class=\"wpb_column vc_column_container vc_col-sm-12\"><div class=\"vc_column-inner\"><div class=\"wpb_wrapper\">\n\t<div class=\"wpb_text_column wpb_content_element\" >\n\t\t<div class=\"wpb_wrapper\">\n\t\t\t<p style=\"text-align: center;\"><strong>TREBALLEM LES DIFERENTS PARTS DEL VEHICLE:<\/strong><\/p>\n\n\t\t<\/div>\n\t<\/div>\n<div class=\"boc_spacing\" style=\"height: 30px\"><\/div><div class=\"vc_row wpb_row vc_inner vc_row-fluid\"><div class=\"wpb_column vc_column_container vc_col-sm-3\"><div class=\"vc_column-inner\"><div class=\"wpb_wrapper\"><div id=\"top_icon_box_23358\" class=\"top_icon_box type1\"><div class=\"icon_holder\"><div class=\"icon_bgr\"><\/div><div class=\"icon_center\"><i class=\"icon icon-automobile\"><\/i><\/div><\/div><h3>Sistema Motor<\/h3><p><\/p><\/div><\/div><\/div><\/div><div class=\"wpb_column vc_column_container vc_col-sm-3\"><div class=\"vc_column-inner\"><div class=\"wpb_wrapper\"><div id=\"top_icon_box_83782\" class=\"top_icon_box type1\"><div class=\"icon_holder\"><div class=\"icon_bgr\"><\/div><div class=\"icon_center\"><i class=\"icon icon-gears\"><\/i><\/div><\/div><h3>Sist. de Transmissi\u00f3<\/h3><p><\/p><\/div><\/div><\/div><\/div><div class=\"wpb_column vc_column_container vc_col-sm-3\"><div class=\"vc_column-inner\"><div class=\"wpb_wrapper\"><div id=\"top_icon_box_19724\" class=\"top_icon_box type1\"><div class=\"icon_holder\"><div class=\"icon_bgr\"><\/div><div class=\"icon_center\"><i class=\"icon icon-dashboard\"><\/i><\/div><\/div><h3>Sist. de Frens<\/h3><p><\/p><\/div><\/div><\/div><\/div><div class=\"wpb_column vc_column_container vc_col-sm-3\"><div class=\"vc_column-inner\"><div class=\"wpb_wrapper\"><div id=\"top_icon_box_41244\" class=\"top_icon_box type1\"><div class=\"icon_holder\"><div class=\"icon_bgr\"><\/div><div class=\"icon_center\"><i class=\"icon icon-lightbulb\"><\/i><\/div><\/div><h3>Sist. el\u00e8ctric<\/h3><p><\/p><\/div><\/div><\/div><\/div><\/div><div class=\"vc_row wpb_row vc_inner vc_row-fluid\"><div class=\"wpb_column vc_column_container vc_col-sm-4\"><div class=\"vc_column-inner\"><div class=\"wpb_wrapper\"><div id=\"top_icon_box_68795\" class=\"top_icon_box type1\"><div class=\"icon_holder\"><div class=\"icon_bgr\"><\/div><div class=\"icon_center\"><i class=\"icon icon-arrow-up\"><\/i><\/div><\/div><h3>Sist. de direcci\u00f3<\/h3><p><\/p><\/div><\/div><\/div><\/div><div class=\"wpb_column vc_column_container vc_col-sm-4\"><div class=\"vc_column-inner\"><div class=\"wpb_wrapper\"><div id=\"top_icon_box_22274\" class=\"top_icon_box type1\"><div class=\"icon_holder\"><div class=\"icon_bgr\"><\/div><div class=\"icon_center\"><i class=\"icon icon-tools-2\"><\/i><\/div><\/div><h3>Sist. de suspensi\u00f3<\/h3><p><\/p><\/div><\/div><\/div><\/div><div class=\"wpb_column vc_column_container vc_col-sm-4\"><div class=\"vc_column-inner\"><div class=\"wpb_wrapper\"><div id=\"top_icon_box_45197\" class=\"top_icon_box type1\"><div class=\"icon_holder\"><div class=\"icon_bgr\"><\/div><div class=\"icon_center\"><i class=\"icon icon-wrench\"><\/i><\/div><\/div><h3>Pneum\u00e0tic<\/h3><p><\/p><\/div><\/div><\/div><\/div><\/div><\/div><\/div><\/div><\/div><div class=\"vc_row wpb_row vc_row-fluid\"><div class=\"wpb_column vc_column_container vc_col-sm-6\"><div class=\"vc_column-inner\"><div class=\"wpb_wrapper\">\n\t<div class=\"wpb_text_column wpb_content_element\" >\n\t\t<div class=\"wpb_wrapper\">\n\t\t\t<p style=\"text-align: left;\">Altres usuaris ens van trobar per\u2026<\/p>\n<ul class=\"wsp-pages-list\">\n<li class=\"page_item page-item-511 page_item_has_children\" style=\"text-align: left;\"><a href=\"https:\/\/noucartallers.es\/ca\/reparacion-de-coches\/\">Reparaci\u00f3 de cotxes<\/a>\n<ul class=\"children\">\n<li class=\"page_item page-item-524\"><a href=\"https:\/\/noucartallers.es\/ca\/reparacion-de-coches\/reparacion-de-coches-granollers\/\">Reparaci\u00f3 de cotxes Granollers<\/a><\/li>\n<li class=\"page_item page-item-526\"><a href=\"https:\/\/noucartallers.es\/ca\/reparacion-de-coches\/reparacion-de-coches-mollet\/\">Reparaci\u00f3 de cotxes Mollet<\/a><\/li>\n<li class=\"page_item page-item-528\"><a href=\"https:\/\/noucartallers.es\/ca\/reparacion-de-coches\/reparacion-de-coches-parets-del-valles\/\">Reparaci\u00f3 de cotxes Parets del Vall\u00e8s<\/a><\/li>\n<\/ul>\n<\/li>\n<li class=\"page_item page-item-660\" style=\"text-align: left;\"><a href=\"https:\/\/noucartallers.es\/ca\/reparacion-de-coches-roca-del-valles\/\">Reparaci\u00f3 de cotxes Roca del Vall\u00e8s<\/a><\/li>\n<li class=\"page_item page-item-513 page_item_has_children\" style=\"text-align: left;\"><a href=\"https:\/\/noucartallers.es\/ca\/revision-itv\/\">Revisi\u00f3 ITV<\/a>\n<ul class=\"children\">\n<li class=\"page_item page-item-642\"><a href=\"https:\/\/noucartallers.es\/ca\/revision-itv\/revision-itv-granollers\/\">Revisi\u00f3 ITV Granollers<\/a><\/li>\n<li class=\"page_item page-item-644\"><a href=\"https:\/\/noucartallers.es\/ca\/revision-itv\/revision-itv-mollet\/\">Revisi\u00f3 ITV Mollet<\/a><\/li>\n<li class=\"page_item page-item-646\"><a href=\"https:\/\/noucartallers.es\/ca\/revision-itv\/revision-itv-parets-del-valles\/\">Revisi\u00f3 ITV Parets del Vall\u00e8s<\/a><\/li>\n<li class=\"page_item page-item-650\"><a href=\"https:\/\/noucartallers.es\/ca\/revision-itv\/revision-itv-roca-del-valles\/\">Revisi\u00f3 ITV Roca del Vall\u00e8s<\/a><\/li>\n<\/ul>\n<\/li>\n<li class=\"page_item page-item-63\" style=\"text-align: left;\"><a href=\"https:\/\/noucartallers.es\/ca\/servicios\/\">SERVEIS<\/a><\/li>\n<li class=\"page_item page-item-678\" style=\"text-align: left;\"><a href=\"https:\/\/noucartallers.es\/ca\/taller-de-coche-polinya\/\">Taller de cotxe Poliny\u00e0<\/a><\/li>\n<li class=\"page_item page-item-678\" style=\"text-align: left;\"><a href=\"https:\/\/noucartallers.es\/ca\/el-taller-de-coches\/\">TALLER DE COTXES<\/a><\/li>\n<li class=\"page_item page-item-678\" style=\"text-align: left;\"><a href=\"https:\/\/noucartallers.es\/ca\/taller-de-coches\/\">Taller de cotxes<\/a>\n<ul class=\"wsp-pages-list\">\n<li class=\"page_item page-item-676\" style=\"text-align: left;\"><a href=\"https:\/\/noucartallers.es\/ca\/taller-de-coches\/taller-de-coche-mataro\/\">Taller de cotxe Matar\u00f3<\/a><\/li>\n<li class=\"page_item page-item-666\" style=\"text-align: left;\"><a href=\"https:\/\/noucartallers.es\/ca\/taller-de-coches\/taller-de-coche-palau-solita-i-plegamans\/\">Taller de cotxe Palau Solit\u00e0 i Plegamans<\/a><\/li>\n<li class=\"page_item page-item-519\" style=\"text-align: left;\"><a href=\"https:\/\/noucartallers.es\/ca\/taller-de-coches\/taller-de-coche-parets-del-valles\/\">Taller de cotxe Parets del Vall\u00e8s<\/a><\/li>\n<li class=\"page_item page-item-663\" style=\"text-align: left;\"><a href=\"https:\/\/noucartallers.es\/ca\/taller-de-coches\/taller-de-coche-sentmenat\/\">Taller de cotxe Sentmenat<\/a><\/li>\n<li class=\"page_item page-item-517\" style=\"text-align: left;\"><a href=\"https:\/\/noucartallers.es\/ca\/taller-de-coches\/taller-de-coches-granollers\/\">Taller de cotxes Granollers<\/a><\/li>\n<li class=\"page_item page-item-515\" style=\"text-align: left;\"><a href=\"https:\/\/noucartallers.es\/ca\/taller-de-coches\/taller-de-coches-mollet\/\">Taller de cotxes Mollet<\/a><\/li>\n<li class=\"page_item page-item-522\" style=\"text-align: left;\"><a href=\"https:\/\/noucartallers.es\/ca\/taller-de-coches\/taller-de-coches-roca-del-valles\/\">Taller de cotxes Roca del Vall\u00e8s<\/a><\/li>\n<\/ul>\n<\/li>\n<\/ul>\n\n\t\t<\/div>\n\t<\/div>\n<\/div><\/div><\/div><div class=\"wpb_column vc_column_container vc_col-sm-6\"><div class=\"vc_column-inner\"><div class=\"wpb_wrapper\"><\/div><\/div><\/div><\/div><div class=\"vc_row wpb_row vc_row-fluid\"><div class=\"wpb_column vc_column_container vc_col-sm-12\"><div class=\"vc_column-inner\"><div class=\"wpb_wrapper\"><div class=\"boc_spacing\" style=\"height: 30px\"><\/div><\/div><\/div><\/div><\/div>\n<\/div>","protected":false},"excerpt":{"rendered":"Mec\u00e1nica Mec\u00e1nica NOUCAR TALLERS: Mec\u00e1nica para turismos y veh\u00edculos industriales. Un servicio de mec\u00e1nica especializada en veh\u00edculos industriales es esencial para mantener estos equipos en \u00f3ptimas condiciones y garantizar su rendimiento, seguridad y longevidad. Estos veh\u00edculos tienen requisitos espec\u00edficos en t\u00e9rminos de mantenimiento y reparaci\u00f3n debido a su tama\u00f1o y complejidad. Conf\u00eda en nosotros, tenemos la soluci\u00f3n a tu problema<div class=\"h10\"><\/div><a class=\"more-link1\" href=\"https:\/\/noucartallers.es\/ca\/servicios\/mecanica\">Read more<\/a>","protected":false},"author":1,"featured_media":0,"parent":63,"menu_order":0,"comment_status":"closed","ping_status":"closed","template":"","meta":{"footnotes":""},"class_list":["post-784","page","type-page","status-publish","hentry"],"yoast_head":"<!-- This site is optimized with the Yoast SEO plugin v26.7 - https:\/\/yoast.com\/wordpress\/plugins\/seo\/ -->\n<title>Mec\u00e1nica - Nou Car Tallers<\/title>\n<meta name=\"robots\" content=\"index, follow, max-snippet:-1, max-image-preview:large, max-video-preview:-1\" \/>\n<link rel=\"canonical\" href=\"https:\/\/noucartallers.es\/ca\/servicios\/mecanica\/\" \/>\n<meta property=\"og:locale\" content=\"ca_ES\" \/>\n<meta property=\"og:type\" content=\"article\" \/>\n<meta property=\"og:title\" content=\"Mec\u00e1nica - Nou Car Tallers\" \/>\n<meta property=\"og:url\" content=\"https:\/\/noucartallers.es\/ca\/servicios\/mecanica\/\" \/>\n<meta property=\"og:site_name\" content=\"Nou Car Tallers\" \/>\n<meta property=\"article:modified_time\" content=\"2023-07-21T09:26:27+00:00\" \/>\n<meta name=\"twitter:card\" content=\"summary_large_image\" \/>\n<meta name=\"twitter:label1\" content=\"Temps estimat de lectura\" \/>\n\t<meta name=\"twitter:data1\" content=\"5 minuts\" \/>\n<script type=\"application\/ld+json\" class=\"yoast-schema-graph\">{\"@context\":\"https:\/\/schema.org\",\"@graph\":[{\"@type\":\"WebPage\",\"@id\":\"https:\/\/noucartallers.es\/servicios\/mecanica\",\"url\":\"https:\/\/noucartallers.es\/servicios\/mecanica\",\"name\":\"Mec\u00e1nica - Nou Car Tallers\",\"isPartOf\":{\"@id\":\"https:\/\/noucartallers.es\/#website\"},\"datePublished\":\"2023-03-27T08:49:42+00:00\",\"dateModified\":\"2023-07-21T09:26:27+00:00\",\"breadcrumb\":{\"@id\":\"https:\/\/noucartallers.es\/servicios\/mecanica#breadcrumb\"},\"inLanguage\":\"ca\",\"potentialAction\":[{\"@type\":\"ReadAction\",\"target\":[\"https:\/\/noucartallers.es\/servicios\/mecanica\"]}]},{\"@type\":\"BreadcrumbList\",\"@id\":\"https:\/\/noucartallers.es\/servicios\/mecanica#breadcrumb\",\"itemListElement\":[{\"@type\":\"ListItem\",\"position\":1,\"name\":\"Portada\",\"item\":\"https:\/\/noucartallers.es\/\"},{\"@type\":\"ListItem\",\"position\":2,\"name\":\"SERVICIOS\",\"item\":\"https:\/\/noucartallers.es\/servicios\"},{\"@type\":\"ListItem\",\"position\":3,\"name\":\"Mec\u00e1nica\"}]},{\"@type\":\"WebSite\",\"@id\":\"https:\/\/noucartallers.es\/#website\",\"url\":\"https:\/\/noucartallers.es\/\",\"name\":\"Nou Car Tallers\",\"description\":\"Servicio de mantenimiento y reparaciones para todo tipo de veh\u00edculos\",\"potentialAction\":[{\"@type\":\"SearchAction\",\"target\":{\"@type\":\"EntryPoint\",\"urlTemplate\":\"https:\/\/noucartallers.es\/?s={search_term_string}\"},\"query-input\":{\"@type\":\"PropertyValueSpecification\",\"valueRequired\":true,\"valueName\":\"search_term_string\"}}],\"inLanguage\":\"ca\"}]}<\/script>\n<!-- \/ Yoast SEO plugin. -->","yoast_head_json":{"title":"Mec\u00e1nica - Nou Car Tallers","robots":{"index":"index","follow":"follow","max-snippet":"max-snippet:-1","max-image-preview":"max-image-preview:large","max-video-preview":"max-video-preview:-1"},"canonical":"https:\/\/noucartallers.es\/ca\/servicios\/mecanica\/","og_locale":"ca_ES","og_type":"article","og_title":"Mec\u00e1nica - Nou Car Tallers","og_url":"https:\/\/noucartallers.es\/ca\/servicios\/mecanica\/","og_site_name":"Nou Car Tallers","article_modified_time":"2023-07-21T09:26:27+00:00","twitter_card":"summary_large_image","twitter_misc":{"Temps estimat de lectura":"5 minuts"},"schema":{"@context":"https:\/\/schema.org","@graph":[{"@type":"WebPage","@id":"https:\/\/noucartallers.es\/servicios\/mecanica","url":"https:\/\/noucartallers.es\/servicios\/mecanica","name":"Mec\u00e1nica - Nou Car Tallers","isPartOf":{"@id":"https:\/\/noucartallers.es\/#website"},"datePublished":"2023-03-27T08:49:42+00:00","dateModified":"2023-07-21T09:26:27+00:00","breadcrumb":{"@id":"https:\/\/noucartallers.es\/servicios\/mecanica#breadcrumb"},"inLanguage":"ca","potentialAction":[{"@type":"ReadAction","target":["https:\/\/noucartallers.es\/servicios\/mecanica"]}]},{"@type":"BreadcrumbList","@id":"https:\/\/noucartallers.es\/servicios\/mecanica#breadcrumb","itemListElement":[{"@type":"ListItem","position":1,"name":"Portada","item":"https:\/\/noucartallers.es\/"},{"@type":"ListItem","position":2,"name":"SERVICIOS","item":"https:\/\/noucartallers.es\/servicios"},{"@type":"ListItem","position":3,"name":"Mec\u00e1nica"}]},{"@type":"WebSite","@id":"https:\/\/noucartallers.es\/#website","url":"https:\/\/noucartallers.es\/","name":"Nou Car Tallers","description":"Servicio de mantenimiento y reparaciones para todo tipo de veh\u00edculos","potentialAction":[{"@type":"SearchAction","target":{"@type":"EntryPoint","urlTemplate":"https:\/\/noucartallers.es\/?s={search_term_string}"},"query-input":{"@type":"PropertyValueSpecification","valueRequired":true,"valueName":"search_term_string"}}],"inLanguage":"ca"}]}},"_links":{"self":[{"href":"https:\/\/noucartallers.es\/ca\/wp-json\/wp\/v2\/pages\/784","targetHints":{"allow":["GET"]}}],"collection":[{"href":"https:\/\/noucartallers.es\/ca\/wp-json\/wp\/v2\/pages"}],"about":[{"href":"https:\/\/noucartallers.es\/ca\/wp-json\/wp\/v2\/types\/page"}],"author":[{"embeddable":true,"href":"https:\/\/noucartallers.es\/ca\/wp-json\/wp\/v2\/users\/1"}],"replies":[{"embeddable":true,"href":"https:\/\/noucartallers.es\/ca\/wp-json\/wp\/v2\/comments?post=784"}],"version-history":[{"count":19,"href":"https:\/\/noucartallers.es\/ca\/wp-json\/wp\/v2\/pages\/784\/revisions"}],"predecessor-version":[{"id":1068,"href":"https:\/\/noucartallers.es\/ca\/wp-json\/wp\/v2\/pages\/784\/revisions\/1068"}],"up":[{"embeddable":true,"href":"https:\/\/noucartallers.es\/ca\/wp-json\/wp\/v2\/pages\/63"}],"wp:attachment":[{"href":"https:\/\/noucartallers.es\/ca\/wp-json\/wp\/v2\/media?parent=784"}],"curies":[{"name":"wp","href":"https:\/\/api.w.org\/{rel}","templated":true}]}}