{"id":792,"date":"2023-03-27T08:59:56","date_gmt":"2023-03-27T08:59:56","guid":{"rendered":"https:\/\/noucartallers.es\/?page_id=792"},"modified":"2023-07-24T07:09:25","modified_gmt":"2023-07-24T07:09:25","slug":"plancha","status":"publish","type":"page","link":"https:\/\/noucartallers.es\/ca\/servicios\/plancha","title":{"rendered":"Planxa"},"content":{"rendered":"<div class=\"wpb-content-wrapper\"><div data-vc-full-width=\"true\" data-vc-full-width-temp=\"true\" data-vc-full-width-init=\"false\" data-vc-stretch-content=\"true\" class=\"vc_row wpb_row vc_row-fluid vc_custom_1690182547116 vc_row-has-fill vc_row-no-padding\"><div class=\"wpb_column vc_column_container vc_col-sm-12 vc_hidden-md vc_hidden-sm vc_hidden-xs vc_col-has-fill\"><div class=\"vc_column-inner vc_custom_1679907036601\"><div class=\"wpb_wrapper\"><div class=\"boc_spacing\" style=\"height: 350px\"><\/div>\n\t<div class=\"wpb_text_column wpb_content_element\" >\n\t\t<div class=\"wpb_wrapper\">\n\t\t\t<h1 style=\"font-weight: bold; text-align: center;\"><span style=\"color: #ffffff;\">Planxa<\/span><\/h1>\n\n\t\t<\/div>\n\t<\/div>\n<div class=\"boc_spacing\" style=\"height: 20px\"><\/div><\/div><\/div><\/div><\/div><div class=\"vc_row-full-width vc_clearfix\"><\/div><div data-vc-full-width=\"true\" data-vc-full-width-temp=\"true\" data-vc-full-width-init=\"false\" data-vc-stretch-content=\"true\" class=\"vc_row wpb_row vc_row-fluid vc_custom_1690182563946 vc_row-has-fill vc_row-no-padding\"><div class=\"wpb_column vc_column_container vc_col-sm-12 vc_hidden-lg vc_col-has-fill\"><div class=\"vc_column-inner vc_custom_1679907065703\"><div class=\"wpb_wrapper\"><div class=\"boc_spacing\" style=\"height: 150px\"><\/div>\n\t<div class=\"wpb_text_column wpb_content_element\" >\n\t\t<div class=\"wpb_wrapper\">\n\t\t\t<h1 style=\"font-weight: bold; text-align: center;\"><span style=\"color: #ffffff;\">Planxa<\/span><\/h1>\n\n\t\t<\/div>\n\t<\/div>\n<div class=\"boc_spacing\" style=\"height: 20px\"><\/div><\/div><\/div><\/div><\/div><div class=\"vc_row-full-width vc_clearfix\"><\/div><div class=\"vc_row wpb_row vc_row-fluid\"><div class=\"wpb_column vc_column_container vc_col-sm-12\"><div class=\"vc_column-inner\"><div class=\"wpb_wrapper\"><div class=\"boc_spacing\" style=\"height: 20px\"><\/div><\/div><\/div><\/div><\/div><div class=\"vc_row wpb_row vc_row-fluid vc_custom_1657104679870 vc_column-gap-35\"><div class=\"wpb_column vc_column_container vc_col-sm-6\"><div class=\"vc_column-inner\"><div class=\"wpb_wrapper\">\n\t<div class=\"wpb_text_column wpb_content_element\" >\n\t\t<div class=\"wpb_wrapper\">\n\t\t\t<h2>Noucar tallers: Planxa per a vehicles<\/h2>\n<p style=\"text-align: justify;\">El nostre taller ofereix un servei especialitzat en xapa per a turismes i vehicles industrials. Comptem amb experts en restauraci\u00f3 i reparaci\u00f3 de carrosseria, utilitzant t\u00e8cniques avan\u00e7ades i materials d\u00b4alta qualitat per brindar resultats excepcionals.<br \/>\nComprenem la import\u00e0ncia de mantenir l&#039;aparen\u00e7a i la integritat estructural del vehicle.<\/p>\n\n\t\t<\/div>\n\t<\/div>\n<\/div><\/div><\/div><div class=\"wpb_column vc_column_container vc_col-sm-6\"><div class=\"vc_column-inner\"><div class=\"wpb_wrapper\">\n\t\t\t\t\t<!-- Image Slider -->\n\t\t\t\t\t<script type=\"text\/javascript\">\n\n\t\t\t\t\t\tjQuery(document).ready(function($) {\n\t\t\t\t\t\t\t\n\t\t\t\t\t\t\t\/\/ Load carousel after its images are loaded\n\t\t\t\t\t\t\tpreloadImages($(\"#img_slider_842ef0b6e37a55d04b4699799b310c8a img\"), function () {\n\t\t\t\t\t\t\t\t\n\t\t\t\t\t\t\t\tvar carousel = $(\"#img_slider_842ef0b6e37a55d04b4699799b310c8a\");\n\t\t\t\t\t\t\t\t\n\t\t\t\t\t\t\t\tvar args = {\n\t\t\t\t\t\t\t\t\titems: \t\t\t1,\n\t\t\t\t\t\t\t\t\tmouseDrag:\t\ttrue,\n\t\t\t\t\t\t\t\t\tautoplay:\t\tfalse,\n\t\t\t\t\t\t\t\t\tautoplayTimeout:6000,\n\t\t\t\t\t\t\t\t\tnav: \t\t\ttrue,\n\t\t\t\t\t\t\t\t\tdots: \t\t\tfalse,\n\t\t\t\t\t\t\t\t\tloop: \t\t\tfalse,\n\t\t\t\t\t\t\t\t\tautoHeight: \tfalse,\n\t\t\t\t\t\t\t\t\tsmartSpeed:\t\t250,\n\t\t\t\t\t\t\tnavText:\t\t\t[\"<span class='icon icon-arrow-left8'><\/span>\",\"<span class='icon icon-uniE708'><\/span>\"],\n\t\t\t\t\t\t\t\t\tslideBy: \t\t1,\n\t\t\t\t\t\t\t\t\tnavRewind: \t\tfalse,\n\t\t\t\t\t\t\t\t\trtl: \t\t\tfalse,\n\t\t\t\t\t\t\t\t\tonInitialized:  \tshowCarousel_842ef0b6e37a55d04b4699799b310c8a,\n\t\t\t\t\t\t\t\t\t\n\t\t\t\t\t\t\t\t};\n\t\t\t\t\t\t\t\t\n\t\t\t\t\t\t\t\tcarousel.owlCarousel(args);\n\n\t\t\t\t\t\t\t\tvar initital_width = carousel.css(\"width\");\t\t\n\t\t\t\t\t\t\t\t\n\t\t\t\t\t\t\t\t\/* Refresh it for full width rows *\/\n\t\t\t\t\t\t\t\t$(window).load(function(){\n\t\t\t\t\t\t\t\t\tif(carousel.css(\"width\") != initital_width) {\n\t\t\t\t\t\t\t\t\t\tcarousel.trigger(\"destroy.owl.carousel\").removeClass(\"owl-carousel owl-loaded\");\n\t\t\t\t\t\t\t\t\t\tcarousel.find(\".owl-stage-outer\").children().unwrap();\n\t\t\t\t\t\t\t\t\t\tcarousel.owlCarousel(args);\n\t\t\t\t\t\t\t\t\t}\n\t\t\t\t\t\t\t\t});\n\t\t\t\t\t\t\t});\n\t\t\t\t\t\t\t\n\t\t\t\t\t\t\t\n\t\t\t\t\t\t\t\/* Show after initialized *\/\n\t\t\t\t\t\t\tfunction showCarousel_842ef0b6e37a55d04b4699799b310c8a() {\n\t\t\t\t\t\t\t\t$(\"#img_slider_842ef0b6e37a55d04b4699799b310c8a\").fadeTo(0,1);\n\t\t\t\t\t\t\t\t$(\"#img_slider_842ef0b6e37a55d04b4699799b310c8a .owl-item .boc_owl_lazy\").css(\"opacity\",\"1\");\n\t\t\t\t\t\t\t}\t\t\t\t\t\t\t\n\t\t\t\t\t\t\t\n\t\t\t\t\t\t\t\n\t\t\t\t\t\t});\n\n\t\t\t\t\t<\/script>\n\t\t\t\t\t<!-- Image Slider :: END --><div class=\"img_slider mfp_gallery\" id=\"img_slider_842ef0b6e37a55d04b4699799b310c8a\" style=\"opacity:0;\"><div class=\"img_slider_item boc_owl_lazy\"><img decoding=\"async\" src=\"https:\/\/noucartallers.es\/wp-content\/uploads\/2023\/07\/chapa.jpg\" alt=\"\" title=\"\"\/><\/div><div class=\"img_slider_item boc_owl_lazy\"><img decoding=\"async\" src=\"https:\/\/noucartallers.es\/wp-content\/uploads\/2023\/07\/chapa-2.jpg\" alt=\"\" title=\"\"\/><\/div><\/div><\/div><\/div><\/div><\/div><div class=\"vc_row wpb_row vc_row-fluid\"><div class=\"wpb_column vc_column_container vc_col-sm-3\"><div class=\"vc_column-inner\"><div class=\"wpb_wrapper\"><div id=\"top_icon_box_42255\" class=\"top_icon_box type1\"><div class=\"icon_holder\"><div class=\"icon_bgr\"><\/div><div class=\"icon_center\"><i class=\"icon icon-rotate-left\"><\/i><\/div><\/div><h3>Restauraci\u00f3 completa<\/h3><p>El nostre equip d&#039;especialistes en xapa s&#039;encarrega de restaurar la carrosseria del teu vehicle, eliminant abonyegaments, esgarrapades i qualsevol altre dany est\u00e8tic. Aix\u00f2 millora l&#039;aparen\u00e7a del vehicle i n&#039;augmenta el valor de revenda.<\/p><\/div><\/div><\/div><\/div><div class=\"wpb_column vc_column_container vc_col-sm-3\"><div class=\"vc_column-inner\"><div class=\"wpb_wrapper\"><div id=\"top_icon_box_10399\" class=\"top_icon_box type1\"><div class=\"icon_holder\"><div class=\"icon_bgr\"><\/div><div class=\"icon_center\"><i class=\"icon icon-wrench\"><\/i><\/div><\/div><h3>Reparacions precises<\/h3><p>Utilitzem t\u00e8cniques avan\u00e7ades i eines especialitzades per dur a terme reparacions precises a la xapa, garantint que les \u00e0rees afectades tornin al seu estat original. Aix\u00f2 assegura la seguretat estructural del vehicle i perllonga la seva vida \u00fatil.<\/p><\/div><\/div><\/div><\/div><div class=\"wpb_column vc_column_container vc_col-sm-3\"><div class=\"vc_column-inner\"><div class=\"wpb_wrapper\"><div id=\"top_icon_box_44798\" class=\"top_icon_box type1\"><div class=\"icon_holder\"><div class=\"icon_bgr\"><\/div><div class=\"icon_center\"><i class=\"icon icon-dollar\"><\/i><\/div><\/div><h3>Estalvi de temps i diners<\/h3><p>El nostre servei eficient i professional us permet estalviar temps i diners. Evitem costoses i perllongades substitucions de peces en utilitzar t\u00e8cniques de reparaci\u00f3 que s\u00f3n m\u00e9s r\u00e0pides i econ\u00f2miques, sense comprometre la qualitat del resultat final.<\/p><\/div><\/div><\/div><\/div><div class=\"wpb_column vc_column_container vc_col-sm-3\"><div class=\"vc_column-inner\"><div class=\"wpb_wrapper\"><div id=\"top_icon_box_98134\" class=\"top_icon_box type1\"><div class=\"icon_holder\"><div class=\"icon_bgr\"><\/div><div class=\"icon_center\"><i class=\"icon icon-user3\"><\/i><\/div><\/div><h3>Satisfacci\u00f3 del client<\/h3><p>Ens esforcem per superar les expectatives dels nostres clients. Oferim un servei personalitzat, assessorament expert i una atenci\u00f3 excepcional a cada moment. El nostre objectiu \u00e9s aconseguir la satisfacci\u00f3 total del client i brindar-li la confian\u00e7a que el seu vehicle \u00e9s a les millors mans.<\/p><\/div><\/div><\/div><\/div><\/div><div class=\"vc_row wpb_row vc_row-fluid\"><div class=\"botones wpb_column vc_column_container vc_col-sm-12\"><div class=\"vc_column-inner\"><div class=\"wpb_wrapper\"><div class=\"boc_spacing\" style=\"height: 1px\"><\/div><h3 class=\"boc_heading  center  boc_subheading\"  style=\"margin-bottom: 20px;margin-top: 0px;color: #333333;\"><span>Confia en nosaltres, tenim <strong>la soluci\u00f3 al teu problema<\/strong><\/span><\/h3><div class=\"boc_spacing\" style=\"height: 30px\"><\/div><div class=\"vc_row wpb_row vc_inner vc_row-fluid vc_column-gap-35\"><div class=\"wpb_column vc_column_container vc_col-sm-6\"><div class=\"vc_column-inner\"><div class=\"wpb_wrapper\">\n\t<div class=\"wpb_text_column wpb_content_element\" >\n\t\t<div class=\"wpb_wrapper\">\n\t\t\t<p style=\"text-align: justify;\">Un taller especialitzat en xapa i pintura per a vehicles industrials est\u00e0 equipat amb les eines i els coneixements necessaris per reparar i repintar aquests vehicles de manera efectiva. Els t\u00e8cnics capacitats poden reparar cops, abonyegaments i esgarrinxades, aix\u00ed com reempla\u00e7ar panells danyats. A m\u00e9s, tamb\u00e9 podeu aplicar pintura d&#039;alta qualitat per restaurar l&#039;aparen\u00e7a original del vehicle i protegir-lo de la corrosi\u00f3 i el desgast.<\/p>\n\n\t\t<\/div>\n\t<\/div>\n<\/div><\/div><\/div><div class=\"wpb_column vc_column_container vc_col-sm-6\"><div class=\"vc_column-inner\"><div class=\"wpb_wrapper\">\n\t<div class=\"wpb_text_column wpb_content_element\" >\n\t\t<div class=\"wpb_wrapper\">\n\t\t\t<p style=\"text-align: justify;\">La xapa i la pintura per a vehicles industrials no nom\u00e9s millora l&#039;aparen\u00e7a de l&#039;equip, sin\u00f3 que tamb\u00e9 pot augmentar-ne el valor. Els compradors d&#039;equips pesants sovint consideren l&#039;aparen\u00e7a com un factor important en prendre decisions de compra.<\/p>\n\n\t\t<\/div>\n\t<\/div>\n<\/div><\/div><\/div><\/div><div class=\"vc_row wpb_row vc_inner vc_row-fluid\"><div class=\"wpb_column vc_column_container vc_col-sm-6\"><div class=\"vc_column-inner\"><div class=\"wpb_wrapper\">\n\t<div class=\"wpb_text_column wpb_content_element\" >\n\t\t<div class=\"wpb_wrapper\">\n\t\t\t<p style=\"text-align: left;\">Altres usuaris ens van trobar per\u2026<\/p>\n<ul class=\"wsp-pages-list\">\n<li class=\"page_item page-item-511 page_item_has_children\" style=\"text-align: left;\"><a href=\"https:\/\/noucartallers.es\/ca\/reparacion-de-coches\/\">Reparaci\u00f3 de cotxes<\/a>\n<ul class=\"children\">\n<li class=\"page_item page-item-524\"><a href=\"https:\/\/noucartallers.es\/ca\/reparacion-de-coches\/reparacion-de-coches-granollers\/\">Reparaci\u00f3 de cotxes Granollers<\/a><\/li>\n<li class=\"page_item page-item-526\"><a href=\"https:\/\/noucartallers.es\/ca\/reparacion-de-coches\/reparacion-de-coches-mollet\/\">Reparaci\u00f3 de cotxes Mollet<\/a><\/li>\n<li class=\"page_item page-item-528\"><a href=\"https:\/\/noucartallers.es\/ca\/reparacion-de-coches\/reparacion-de-coches-parets-del-valles\/\">Reparaci\u00f3 de cotxes Parets del Vall\u00e8s<\/a><\/li>\n<\/ul>\n<\/li>\n<li class=\"page_item page-item-660\" style=\"text-align: left;\"><a href=\"https:\/\/noucartallers.es\/ca\/reparacion-de-coches-roca-del-valles\/\">Reparaci\u00f3 de cotxes Roca del Vall\u00e8s<\/a><\/li>\n<li class=\"page_item page-item-513 page_item_has_children\" style=\"text-align: left;\"><a href=\"https:\/\/noucartallers.es\/ca\/revision-itv\/\">Revisi\u00f3 ITV<\/a>\n<ul class=\"children\">\n<li class=\"page_item page-item-642\"><a href=\"https:\/\/noucartallers.es\/ca\/revision-itv\/revision-itv-granollers\/\">Revisi\u00f3 ITV Granollers<\/a><\/li>\n<li class=\"page_item page-item-644\"><a href=\"https:\/\/noucartallers.es\/ca\/revision-itv\/revision-itv-mollet\/\">Revisi\u00f3 ITV Mollet<\/a><\/li>\n<li class=\"page_item page-item-646\"><a href=\"https:\/\/noucartallers.es\/ca\/revision-itv\/revision-itv-parets-del-valles\/\">Revisi\u00f3 ITV Parets del Vall\u00e8s<\/a><\/li>\n<li class=\"page_item page-item-650\"><a href=\"https:\/\/noucartallers.es\/ca\/revision-itv\/revision-itv-roca-del-valles\/\">Revisi\u00f3 ITV Roca del Vall\u00e8s<\/a><\/li>\n<\/ul>\n<\/li>\n<li class=\"page_item page-item-63\" style=\"text-align: left;\"><a href=\"https:\/\/noucartallers.es\/ca\/servicios\/\">SERVEIS<\/a><\/li>\n<li class=\"page_item page-item-678\" style=\"text-align: left;\"><a href=\"https:\/\/noucartallers.es\/ca\/taller-de-coche-polinya\/\">Taller de cotxe Poliny\u00e0<\/a><\/li>\n<li class=\"page_item page-item-678\" style=\"text-align: left;\"><a href=\"https:\/\/noucartallers.es\/ca\/el-taller-de-coches\/\">TALLER DE COTXES<\/a><\/li>\n<li class=\"page_item page-item-678\" style=\"text-align: left;\"><a href=\"https:\/\/noucartallers.es\/ca\/taller-de-coches\/\">Taller de cotxes<\/a>\n<ul class=\"wsp-pages-list\">\n<li class=\"page_item page-item-676\" style=\"text-align: left;\"><a href=\"https:\/\/noucartallers.es\/ca\/taller-de-coches\/taller-de-coche-mataro\/\">Taller de cotxe Matar\u00f3<\/a><\/li>\n<li class=\"page_item page-item-666\" style=\"text-align: left;\"><a href=\"https:\/\/noucartallers.es\/ca\/taller-de-coches\/taller-de-coche-palau-solita-i-plegamans\/\">Taller de cotxe Palau Solit\u00e0 i Plegamans<\/a><\/li>\n<li class=\"page_item page-item-519\" style=\"text-align: left;\"><a href=\"https:\/\/noucartallers.es\/ca\/taller-de-coches\/taller-de-coche-parets-del-valles\/\">Taller de cotxe Parets del Vall\u00e8s<\/a><\/li>\n<li class=\"page_item page-item-663\" style=\"text-align: left;\"><a href=\"https:\/\/noucartallers.es\/ca\/taller-de-coches\/taller-de-coche-sentmenat\/\">Taller de cotxe Sentmenat<\/a><\/li>\n<li class=\"page_item page-item-517\" style=\"text-align: left;\"><a href=\"https:\/\/noucartallers.es\/ca\/taller-de-coches\/taller-de-coches-granollers\/\">Taller de cotxes Granollers<\/a><\/li>\n<li class=\"page_item page-item-515\" style=\"text-align: left;\"><a href=\"https:\/\/noucartallers.es\/ca\/taller-de-coches\/taller-de-coches-mollet\/\">Taller de cotxes Mollet<\/a><\/li>\n<li class=\"page_item page-item-522\" style=\"text-align: left;\"><a href=\"https:\/\/noucartallers.es\/ca\/taller-de-coches\/taller-de-coches-roca-del-valles\/\">Taller de cotxes Roca del Vall\u00e8s<\/a><\/li>\n<\/ul>\n<\/li>\n<\/ul>\n\n\t\t<\/div>\n\t<\/div>\n<\/div><\/div><\/div><div class=\"wpb_column vc_column_container vc_col-sm-6\"><div class=\"vc_column-inner\"><div class=\"wpb_wrapper\"><\/div><\/div><\/div><\/div><\/div><\/div><\/div><\/div><div class=\"vc_row wpb_row vc_row-fluid\"><div class=\"wpb_column vc_column_container vc_col-sm-12\"><div class=\"vc_column-inner\"><div class=\"wpb_wrapper\"><div class=\"boc_spacing\" style=\"height: 30px\"><\/div><\/div><\/div><\/div><\/div>\n<\/div>","protected":false},"excerpt":{"rendered":"Plancha Plancha Noucar tallers: Plancha para veh\u00edculos Nuestro taller ofrece un servicio especializado en chapa para turismos y veh\u00edculos industriales. Contamos con expertos en restauraci\u00f3n y reparaci\u00f3n de carrocer\u00eda, utilizando t\u00e9cnicas avanzadas y materiales de alta calidad para brindar resultados excepcionales. Comprendemos la importancia de mantener la apariencia y la integridad estructural de tu veh\u00edculo. Restauraci\u00f3n completaNuestro equipo de especialistas<div class=\"h10\"><\/div><a class=\"more-link1\" href=\"https:\/\/noucartallers.es\/ca\/servicios\/plancha\">Read more<\/a>","protected":false},"author":1,"featured_media":0,"parent":63,"menu_order":0,"comment_status":"closed","ping_status":"closed","template":"","meta":{"footnotes":""},"class_list":["post-792","page","type-page","status-publish","hentry"],"yoast_head":"<!-- This site is optimized with the Yoast SEO plugin v26.7 - https:\/\/yoast.com\/wordpress\/plugins\/seo\/ -->\n<title>Plancha - Nou Car Tallers<\/title>\n<meta name=\"robots\" content=\"index, follow, max-snippet:-1, max-image-preview:large, max-video-preview:-1\" \/>\n<link rel=\"canonical\" href=\"https:\/\/noucartallers.es\/ca\/servicios\/plancha\/\" \/>\n<meta property=\"og:locale\" content=\"ca_ES\" \/>\n<meta property=\"og:type\" content=\"article\" \/>\n<meta property=\"og:title\" content=\"Plancha - Nou Car Tallers\" \/>\n<meta property=\"og:url\" content=\"https:\/\/noucartallers.es\/ca\/servicios\/plancha\/\" \/>\n<meta property=\"og:site_name\" content=\"Nou Car Tallers\" \/>\n<meta property=\"article:modified_time\" content=\"2023-07-24T07:09:25+00:00\" \/>\n<meta name=\"twitter:card\" content=\"summary_large_image\" \/>\n<meta name=\"twitter:label1\" content=\"Temps estimat de lectura\" \/>\n\t<meta name=\"twitter:data1\" content=\"4 minuts\" \/>\n<script type=\"application\/ld+json\" class=\"yoast-schema-graph\">{\"@context\":\"https:\/\/schema.org\",\"@graph\":[{\"@type\":\"WebPage\",\"@id\":\"https:\/\/noucartallers.es\/servicios\/plancha\",\"url\":\"https:\/\/noucartallers.es\/servicios\/plancha\",\"name\":\"Plancha - Nou Car Tallers\",\"isPartOf\":{\"@id\":\"https:\/\/noucartallers.es\/#website\"},\"datePublished\":\"2023-03-27T08:59:56+00:00\",\"dateModified\":\"2023-07-24T07:09:25+00:00\",\"breadcrumb\":{\"@id\":\"https:\/\/noucartallers.es\/servicios\/plancha#breadcrumb\"},\"inLanguage\":\"ca\",\"potentialAction\":[{\"@type\":\"ReadAction\",\"target\":[\"https:\/\/noucartallers.es\/servicios\/plancha\"]}]},{\"@type\":\"BreadcrumbList\",\"@id\":\"https:\/\/noucartallers.es\/servicios\/plancha#breadcrumb\",\"itemListElement\":[{\"@type\":\"ListItem\",\"position\":1,\"name\":\"Portada\",\"item\":\"https:\/\/noucartallers.es\/\"},{\"@type\":\"ListItem\",\"position\":2,\"name\":\"SERVICIOS\",\"item\":\"https:\/\/noucartallers.es\/servicios\"},{\"@type\":\"ListItem\",\"position\":3,\"name\":\"Plancha\"}]},{\"@type\":\"WebSite\",\"@id\":\"https:\/\/noucartallers.es\/#website\",\"url\":\"https:\/\/noucartallers.es\/\",\"name\":\"Nou Car Tallers\",\"description\":\"Servicio de mantenimiento y reparaciones para todo tipo de veh\u00edculos\",\"potentialAction\":[{\"@type\":\"SearchAction\",\"target\":{\"@type\":\"EntryPoint\",\"urlTemplate\":\"https:\/\/noucartallers.es\/?s={search_term_string}\"},\"query-input\":{\"@type\":\"PropertyValueSpecification\",\"valueRequired\":true,\"valueName\":\"search_term_string\"}}],\"inLanguage\":\"ca\"}]}<\/script>\n<!-- \/ Yoast SEO plugin. -->","yoast_head_json":{"title":"Plancha - Nou Car Tallers","robots":{"index":"index","follow":"follow","max-snippet":"max-snippet:-1","max-image-preview":"max-image-preview:large","max-video-preview":"max-video-preview:-1"},"canonical":"https:\/\/noucartallers.es\/ca\/servicios\/plancha\/","og_locale":"ca_ES","og_type":"article","og_title":"Plancha - Nou Car Tallers","og_url":"https:\/\/noucartallers.es\/ca\/servicios\/plancha\/","og_site_name":"Nou Car Tallers","article_modified_time":"2023-07-24T07:09:25+00:00","twitter_card":"summary_large_image","twitter_misc":{"Temps estimat de lectura":"4 minuts"},"schema":{"@context":"https:\/\/schema.org","@graph":[{"@type":"WebPage","@id":"https:\/\/noucartallers.es\/servicios\/plancha","url":"https:\/\/noucartallers.es\/servicios\/plancha","name":"Plancha - Nou Car Tallers","isPartOf":{"@id":"https:\/\/noucartallers.es\/#website"},"datePublished":"2023-03-27T08:59:56+00:00","dateModified":"2023-07-24T07:09:25+00:00","breadcrumb":{"@id":"https:\/\/noucartallers.es\/servicios\/plancha#breadcrumb"},"inLanguage":"ca","potentialAction":[{"@type":"ReadAction","target":["https:\/\/noucartallers.es\/servicios\/plancha"]}]},{"@type":"BreadcrumbList","@id":"https:\/\/noucartallers.es\/servicios\/plancha#breadcrumb","itemListElement":[{"@type":"ListItem","position":1,"name":"Portada","item":"https:\/\/noucartallers.es\/"},{"@type":"ListItem","position":2,"name":"SERVICIOS","item":"https:\/\/noucartallers.es\/servicios"},{"@type":"ListItem","position":3,"name":"Plancha"}]},{"@type":"WebSite","@id":"https:\/\/noucartallers.es\/#website","url":"https:\/\/noucartallers.es\/","name":"Nou Car Tallers","description":"Servicio de mantenimiento y reparaciones para todo tipo de veh\u00edculos","potentialAction":[{"@type":"SearchAction","target":{"@type":"EntryPoint","urlTemplate":"https:\/\/noucartallers.es\/?s={search_term_string}"},"query-input":{"@type":"PropertyValueSpecification","valueRequired":true,"valueName":"search_term_string"}}],"inLanguage":"ca"}]}},"_links":{"self":[{"href":"https:\/\/noucartallers.es\/ca\/wp-json\/wp\/v2\/pages\/792","targetHints":{"allow":["GET"]}}],"collection":[{"href":"https:\/\/noucartallers.es\/ca\/wp-json\/wp\/v2\/pages"}],"about":[{"href":"https:\/\/noucartallers.es\/ca\/wp-json\/wp\/v2\/types\/page"}],"author":[{"embeddable":true,"href":"https:\/\/noucartallers.es\/ca\/wp-json\/wp\/v2\/users\/1"}],"replies":[{"embeddable":true,"href":"https:\/\/noucartallers.es\/ca\/wp-json\/wp\/v2\/comments?post=792"}],"version-history":[{"count":11,"href":"https:\/\/noucartallers.es\/ca\/wp-json\/wp\/v2\/pages\/792\/revisions"}],"predecessor-version":[{"id":1112,"href":"https:\/\/noucartallers.es\/ca\/wp-json\/wp\/v2\/pages\/792\/revisions\/1112"}],"up":[{"embeddable":true,"href":"https:\/\/noucartallers.es\/ca\/wp-json\/wp\/v2\/pages\/63"}],"wp:attachment":[{"href":"https:\/\/noucartallers.es\/ca\/wp-json\/wp\/v2\/media?parent=792"}],"curies":[{"name":"wp","href":"https:\/\/api.w.org\/{rel}","templated":true}]}}