{"id":799,"date":"2023-03-27T09:10:41","date_gmt":"2023-03-27T09:10:41","guid":{"rendered":"https:\/\/noucartallers.es\/?page_id=799"},"modified":"2023-07-24T07:10:45","modified_gmt":"2023-07-24T07:10:45","slug":"mantenimiento","status":"publish","type":"page","link":"https:\/\/noucartallers.es\/ca\/servicios\/mantenimiento","title":{"rendered":"Manteniment"},"content":{"rendered":"<div class=\"wpb-content-wrapper\"><div data-vc-full-width=\"true\" data-vc-full-width-temp=\"true\" data-vc-full-width-init=\"false\" data-vc-stretch-content=\"true\" class=\"vc_row wpb_row vc_row-fluid vc_custom_1689932160671 vc_row-has-fill vc_row-no-padding\"><div class=\"wpb_column vc_column_container vc_col-sm-12 vc_hidden-md vc_hidden-sm vc_hidden-xs vc_col-has-fill\"><div class=\"vc_column-inner vc_custom_1679907036601\"><div class=\"wpb_wrapper\"><div class=\"boc_spacing\" style=\"height: 350px\"><\/div>\n\t<div class=\"wpb_text_column wpb_content_element\" >\n\t\t<div class=\"wpb_wrapper\">\n\t\t\t<h1 style=\"font-weight: bold; text-align: center;\"><span style=\"color: #ffffff;\">Manteniment<\/span><\/h1>\n\n\t\t<\/div>\n\t<\/div>\n<div class=\"boc_spacing\" style=\"height: 20px\"><\/div><\/div><\/div><\/div><\/div><div class=\"vc_row-full-width vc_clearfix\"><\/div><div data-vc-full-width=\"true\" data-vc-full-width-temp=\"true\" data-vc-full-width-init=\"false\" data-vc-stretch-content=\"true\" class=\"vc_row wpb_row vc_row-fluid vc_custom_1690182638524 vc_row-has-fill vc_row-no-padding\"><div class=\"wpb_column vc_column_container vc_col-sm-12 vc_hidden-lg vc_col-has-fill\"><div class=\"vc_column-inner vc_custom_1679907065703\"><div class=\"wpb_wrapper\"><div class=\"boc_spacing\" style=\"height: 150px\"><\/div>\n\t<div class=\"wpb_text_column wpb_content_element\" >\n\t\t<div class=\"wpb_wrapper\">\n\t\t\t<h1 style=\"font-weight: bold; text-align: center;\"><span style=\"color: #ffffff;\">Manteniment<\/span><\/h1>\n\n\t\t<\/div>\n\t<\/div>\n<div class=\"boc_spacing\" style=\"height: 20px\"><\/div><\/div><\/div><\/div><\/div><div class=\"vc_row-full-width vc_clearfix\"><\/div><div class=\"vc_row wpb_row vc_row-fluid\"><div class=\"wpb_column vc_column_container vc_col-sm-12\"><div class=\"vc_column-inner\"><div class=\"wpb_wrapper\"><div class=\"boc_spacing\" style=\"height: 20px\"><\/div><\/div><\/div><\/div><\/div><div class=\"vc_row wpb_row vc_row-fluid vc_custom_1690182643283 vc_column-gap-35\"><div class=\"wpb_column vc_column_container vc_col-sm-6\"><div class=\"vc_column-inner\"><div class=\"wpb_wrapper\">\n\t<div class=\"wpb_text_column wpb_content_element\" >\n\t\t<div class=\"wpb_wrapper\">\n\t\t\t<h2 style=\"text-align: justify;\">Noucar tallers: Manteniment i cures per a vehicles<\/h2>\n<p style=\"text-align: justify;\">El manteniment de vehicles industrials \u00e9s essencial per garantir-ne el rendiment \u00f2ptim i perllongar-ne la vida \u00fatil. Aquests vehicles tenen requisits de manteniment espec\u00edfics degut a la seva mida i complexitat, per la qual cosa \u00e9s important seguir un pla de manteniment regular i complet.<\/p>\n\n\t\t<\/div>\n\t<\/div>\n<\/div><\/div><\/div><div class=\"wpb_column vc_column_container vc_col-sm-6\"><div class=\"vc_column-inner\"><div class=\"wpb_wrapper\">\n\t<div  class=\"wpb_single_image wpb_content_element vc_align_left wpb_content_element\">\n\t\t\n\t\t<figure class=\"wpb_wrapper vc_figure\">\n\t\t\t<div class=\"vc_single_image-wrapper   vc_box_border_grey\"><img loading=\"lazy\" decoding=\"async\" width=\"1920\" height=\"1254\" src=\"https:\/\/noucartallers.es\/wp-content\/uploads\/2022\/12\/car-mechanic-6260377_1920.jpg\" class=\"vc_single_image-img attachment-full\" alt=\"\" title=\"reparaci\u00f3 de cotxes a Granollers\" srcset=\"https:\/\/noucartallers.es\/wp-content\/uploads\/2022\/12\/car-mechanic-6260377_1920.jpg 1920w, https:\/\/noucartallers.es\/wp-content\/uploads\/2022\/12\/car-mechanic-6260377_1920-300x196.jpg 300w, https:\/\/noucartallers.es\/wp-content\/uploads\/2022\/12\/car-mechanic-6260377_1920-1024x669.jpg 1024w, https:\/\/noucartallers.es\/wp-content\/uploads\/2022\/12\/car-mechanic-6260377_1920-768x502.jpg 768w, https:\/\/noucartallers.es\/wp-content\/uploads\/2022\/12\/car-mechanic-6260377_1920-1536x1003.jpg 1536w\" sizes=\"auto, (max-width: 1920px) 100vw, 1920px\" \/><\/div>\n\t\t<\/figure>\n\t<\/div>\n<\/div><\/div><\/div><\/div><div class=\"vc_row wpb_row vc_row-fluid\"><div class=\"botones wpb_column vc_column_container vc_col-sm-12\"><div class=\"vc_column-inner\"><div class=\"wpb_wrapper\"><div class=\"boc_spacing\" style=\"height: 1px\"><\/div><h3 class=\"boc_heading  center  boc_subheading\"  style=\"margin-bottom: 20px;margin-top: 0px;color: #333333;\"><span>Confia en nosaltres, tenim <strong>la soluci\u00f3 al teu problema<\/strong><\/span><\/h3><div class=\"boc_spacing\" style=\"height: 30px\"><\/div><div class=\"vc_row wpb_row vc_inner vc_row-fluid vc_column-gap-35\"><div class=\"wpb_column vc_column_container vc_col-sm-6\"><div class=\"vc_column-inner\"><div class=\"wpb_wrapper\">\n\t<div class=\"wpb_text_column wpb_content_element\" >\n\t\t<div class=\"wpb_wrapper\">\n\t\t\t<p style=\"text-align: justify;\">El manteniment de vehicles industrials inclou la revisi\u00f3 i el canvi d&#039;oli i filtres, la revisi\u00f3 de frens, suspensi\u00f3 i direcci\u00f3, la inspecci\u00f3 de pneum\u00e0tics i l&#039;equilibrat de rodes, la revisi\u00f3 de sistemes el\u00e8ctrics i electr\u00f2nics, entre d&#039;altres. \u00c9s important realitzar inspeccions preventives peri\u00f2diques per detectar problemes potencials abans que es converteixin en problemes m\u00e9s grans.<\/p>\n\n\t\t<\/div>\n\t<\/div>\n<\/div><\/div><\/div><div class=\"wpb_column vc_column_container vc_col-sm-6\"><div class=\"vc_column-inner\"><div class=\"wpb_wrapper\">\n\t<div class=\"wpb_text_column wpb_content_element\" >\n\t\t<div class=\"wpb_wrapper\">\n\t\t\t<p style=\"text-align: justify;\">El manteniment adequat dels vehicles industrials no nom\u00e9s ajuda a prevenir falles i augmentar la seguretat a les carreteres i als llocs de treball, sin\u00f3 que tamb\u00e9 pot reduir els costos de reparaci\u00f3 i disminuir el temps d&#039;inactivitat del vehicle.<\/p>\n\n\t\t<\/div>\n\t<\/div>\n<\/div><\/div><\/div><\/div><div class=\"vc_row wpb_row vc_inner vc_row-fluid\"><div class=\"wpb_column vc_column_container vc_col-sm-6\"><div class=\"vc_column-inner\"><div class=\"wpb_wrapper\">\n\t<div class=\"wpb_text_column wpb_content_element\" >\n\t\t<div class=\"wpb_wrapper\">\n\t\t\t<p style=\"text-align: left;\">Altres usuaris ens van trobar per\u2026<\/p>\n<ul class=\"wsp-pages-list\">\n<li class=\"page_item page-item-511 page_item_has_children\" style=\"text-align: left;\"><a href=\"https:\/\/noucartallers.es\/ca\/reparacion-de-coches\/\">Reparaci\u00f3 de cotxes<\/a>\n<ul class=\"children\">\n<li class=\"page_item page-item-524\"><a href=\"https:\/\/noucartallers.es\/ca\/reparacion-de-coches\/reparacion-de-coches-granollers\/\">Reparaci\u00f3 de cotxes Granollers<\/a><\/li>\n<li class=\"page_item page-item-526\"><a href=\"https:\/\/noucartallers.es\/ca\/reparacion-de-coches\/reparacion-de-coches-mollet\/\">Reparaci\u00f3 de cotxes Mollet<\/a><\/li>\n<li class=\"page_item page-item-528\"><a href=\"https:\/\/noucartallers.es\/ca\/reparacion-de-coches\/reparacion-de-coches-parets-del-valles\/\">Reparaci\u00f3 de cotxes Parets del Vall\u00e8s<\/a><\/li>\n<\/ul>\n<\/li>\n<li class=\"page_item page-item-660\" style=\"text-align: left;\"><a href=\"https:\/\/noucartallers.es\/ca\/reparacion-de-coches-roca-del-valles\/\">Reparaci\u00f3 de cotxes Roca del Vall\u00e8s<\/a><\/li>\n<li class=\"page_item page-item-513 page_item_has_children\" style=\"text-align: left;\"><a href=\"https:\/\/noucartallers.es\/ca\/revision-itv\/\">Revisi\u00f3 ITV<\/a>\n<ul class=\"children\">\n<li class=\"page_item page-item-642\"><a href=\"https:\/\/noucartallers.es\/ca\/revision-itv\/revision-itv-granollers\/\">Revisi\u00f3 ITV Granollers<\/a><\/li>\n<li class=\"page_item page-item-644\"><a href=\"https:\/\/noucartallers.es\/ca\/revision-itv\/revision-itv-mollet\/\">Revisi\u00f3 ITV Mollet<\/a><\/li>\n<li class=\"page_item page-item-646\"><a href=\"https:\/\/noucartallers.es\/ca\/revision-itv\/revision-itv-parets-del-valles\/\">Revisi\u00f3 ITV Parets del Vall\u00e8s<\/a><\/li>\n<li class=\"page_item page-item-650\"><a href=\"https:\/\/noucartallers.es\/ca\/revision-itv\/revision-itv-roca-del-valles\/\">Revisi\u00f3 ITV Roca del Vall\u00e8s<\/a><\/li>\n<\/ul>\n<\/li>\n<li class=\"page_item page-item-63\" style=\"text-align: left;\"><a href=\"https:\/\/noucartallers.es\/ca\/servicios\/\">SERVEIS<\/a><\/li>\n<li class=\"page_item page-item-678\" style=\"text-align: left;\"><a href=\"https:\/\/noucartallers.es\/ca\/taller-de-coche-polinya\/\">Taller de cotxe Poliny\u00e0<\/a><\/li>\n<li class=\"page_item page-item-678\" style=\"text-align: left;\"><a href=\"https:\/\/noucartallers.es\/ca\/el-taller-de-coches\/\">TALLER DE COTXES<\/a><\/li>\n<li class=\"page_item page-item-678\" style=\"text-align: left;\"><a href=\"https:\/\/noucartallers.es\/ca\/taller-de-coches\/\">Taller de cotxes<\/a>\n<ul class=\"wsp-pages-list\">\n<li class=\"page_item page-item-676\" style=\"text-align: left;\"><a href=\"https:\/\/noucartallers.es\/ca\/taller-de-coches\/taller-de-coche-mataro\/\">Taller de cotxe Matar\u00f3<\/a><\/li>\n<li class=\"page_item page-item-666\" style=\"text-align: left;\"><a href=\"https:\/\/noucartallers.es\/ca\/taller-de-coches\/taller-de-coche-palau-solita-i-plegamans\/\">Taller de cotxe Palau Solit\u00e0 i Plegamans<\/a><\/li>\n<li class=\"page_item page-item-519\" style=\"text-align: left;\"><a href=\"https:\/\/noucartallers.es\/ca\/taller-de-coches\/taller-de-coche-parets-del-valles\/\">Taller de cotxe Parets del Vall\u00e8s<\/a><\/li>\n<li class=\"page_item page-item-663\" style=\"text-align: left;\"><a href=\"https:\/\/noucartallers.es\/ca\/taller-de-coches\/taller-de-coche-sentmenat\/\">Taller de cotxe Sentmenat<\/a><\/li>\n<li class=\"page_item page-item-517\" style=\"text-align: left;\"><a href=\"https:\/\/noucartallers.es\/ca\/taller-de-coches\/taller-de-coches-granollers\/\">Taller de cotxes Granollers<\/a><\/li>\n<li class=\"page_item page-item-515\" style=\"text-align: left;\"><a href=\"https:\/\/noucartallers.es\/ca\/taller-de-coches\/taller-de-coches-mollet\/\">Taller de cotxes Mollet<\/a><\/li>\n<li class=\"page_item page-item-522\" style=\"text-align: left;\"><a href=\"https:\/\/noucartallers.es\/ca\/taller-de-coches\/taller-de-coches-roca-del-valles\/\">Taller de cotxes Roca del Vall\u00e8s<\/a><\/li>\n<\/ul>\n<\/li>\n<\/ul>\n\n\t\t<\/div>\n\t<\/div>\n<\/div><\/div><\/div><div class=\"wpb_column vc_column_container vc_col-sm-6\"><div class=\"vc_column-inner\"><div class=\"wpb_wrapper\"><\/div><\/div><\/div><\/div><\/div><\/div><\/div><\/div><div class=\"vc_row wpb_row vc_row-fluid\"><div class=\"wpb_column vc_column_container vc_col-sm-12\"><div class=\"vc_column-inner\"><div class=\"wpb_wrapper\"><div class=\"boc_spacing\" style=\"height: 30px\"><\/div><\/div><\/div><\/div><\/div>\n<\/div>","protected":false},"excerpt":{"rendered":"Manteniment Manteniment Noucar tallers: Manteniment i cures per a vehicles El manteniment de vehicles industrials \u00e9s essencial per garantir-ne el rendiment \u00f2ptim i perllongar la vida \u00fatil. Aquests vehicles tenen requisits de manteniment espec\u00edfics degut a la seva mida i complexitat, per la qual cosa \u00e9s important seguir un pla de manteniment regular i complet. Confia en nosaltres, tenim la soluci\u00f3 a la teva<div class=\"h10\"><\/div><a class=\"more-link1\" href=\"https:\/\/noucartallers.es\/ca\/servicios\/mantenimiento\">Read more<\/a>","protected":false},"author":1,"featured_media":0,"parent":63,"menu_order":0,"comment_status":"closed","ping_status":"closed","template":"","meta":{"footnotes":""},"class_list":["post-799","page","type-page","status-publish","hentry"],"yoast_head":"<!-- This site is optimized with the Yoast SEO plugin v26.7 - https:\/\/yoast.com\/wordpress\/plugins\/seo\/ -->\n<title>Mantenimiento - Nou Car Tallers<\/title>\n<meta name=\"robots\" content=\"index, follow, max-snippet:-1, max-image-preview:large, max-video-preview:-1\" \/>\n<link rel=\"canonical\" href=\"https:\/\/noucartallers.es\/ca\/servicios\/mantenimiento\/\" \/>\n<meta property=\"og:locale\" content=\"ca_ES\" \/>\n<meta property=\"og:type\" content=\"article\" \/>\n<meta property=\"og:title\" content=\"Mantenimiento - Nou Car Tallers\" \/>\n<meta property=\"og:url\" content=\"https:\/\/noucartallers.es\/ca\/servicios\/mantenimiento\/\" \/>\n<meta property=\"og:site_name\" content=\"Nou Car Tallers\" \/>\n<meta property=\"article:modified_time\" content=\"2023-07-24T07:10:45+00:00\" \/>\n<meta name=\"twitter:card\" content=\"summary_large_image\" \/>\n<meta name=\"twitter:label1\" content=\"Temps estimat de lectura\" \/>\n\t<meta name=\"twitter:data1\" content=\"3 minuts\" \/>\n<script type=\"application\/ld+json\" class=\"yoast-schema-graph\">{\"@context\":\"https:\/\/schema.org\",\"@graph\":[{\"@type\":\"WebPage\",\"@id\":\"https:\/\/noucartallers.es\/servicios\/mantenimiento\",\"url\":\"https:\/\/noucartallers.es\/servicios\/mantenimiento\",\"name\":\"Mantenimiento - Nou Car Tallers\",\"isPartOf\":{\"@id\":\"https:\/\/noucartallers.es\/#website\"},\"datePublished\":\"2023-03-27T09:10:41+00:00\",\"dateModified\":\"2023-07-24T07:10:45+00:00\",\"breadcrumb\":{\"@id\":\"https:\/\/noucartallers.es\/servicios\/mantenimiento#breadcrumb\"},\"inLanguage\":\"ca\",\"potentialAction\":[{\"@type\":\"ReadAction\",\"target\":[\"https:\/\/noucartallers.es\/servicios\/mantenimiento\"]}]},{\"@type\":\"BreadcrumbList\",\"@id\":\"https:\/\/noucartallers.es\/servicios\/mantenimiento#breadcrumb\",\"itemListElement\":[{\"@type\":\"ListItem\",\"position\":1,\"name\":\"Portada\",\"item\":\"https:\/\/noucartallers.es\/\"},{\"@type\":\"ListItem\",\"position\":2,\"name\":\"SERVICIOS\",\"item\":\"https:\/\/noucartallers.es\/servicios\"},{\"@type\":\"ListItem\",\"position\":3,\"name\":\"Mantenimiento\"}]},{\"@type\":\"WebSite\",\"@id\":\"https:\/\/noucartallers.es\/#website\",\"url\":\"https:\/\/noucartallers.es\/\",\"name\":\"Nou Car Tallers\",\"description\":\"Servicio de mantenimiento y reparaciones para todo tipo de veh\u00edculos\",\"potentialAction\":[{\"@type\":\"SearchAction\",\"target\":{\"@type\":\"EntryPoint\",\"urlTemplate\":\"https:\/\/noucartallers.es\/?s={search_term_string}\"},\"query-input\":{\"@type\":\"PropertyValueSpecification\",\"valueRequired\":true,\"valueName\":\"search_term_string\"}}],\"inLanguage\":\"ca\"}]}<\/script>\n<!-- \/ Yoast SEO plugin. -->","yoast_head_json":{"title":"Mantenimiento - Nou Car Tallers","robots":{"index":"index","follow":"follow","max-snippet":"max-snippet:-1","max-image-preview":"max-image-preview:large","max-video-preview":"max-video-preview:-1"},"canonical":"https:\/\/noucartallers.es\/ca\/servicios\/mantenimiento\/","og_locale":"ca_ES","og_type":"article","og_title":"Mantenimiento - Nou Car Tallers","og_url":"https:\/\/noucartallers.es\/ca\/servicios\/mantenimiento\/","og_site_name":"Nou Car Tallers","article_modified_time":"2023-07-24T07:10:45+00:00","twitter_card":"summary_large_image","twitter_misc":{"Temps estimat de lectura":"3 minuts"},"schema":{"@context":"https:\/\/schema.org","@graph":[{"@type":"WebPage","@id":"https:\/\/noucartallers.es\/servicios\/mantenimiento","url":"https:\/\/noucartallers.es\/servicios\/mantenimiento","name":"Mantenimiento - Nou Car Tallers","isPartOf":{"@id":"https:\/\/noucartallers.es\/#website"},"datePublished":"2023-03-27T09:10:41+00:00","dateModified":"2023-07-24T07:10:45+00:00","breadcrumb":{"@id":"https:\/\/noucartallers.es\/servicios\/mantenimiento#breadcrumb"},"inLanguage":"ca","potentialAction":[{"@type":"ReadAction","target":["https:\/\/noucartallers.es\/servicios\/mantenimiento"]}]},{"@type":"BreadcrumbList","@id":"https:\/\/noucartallers.es\/servicios\/mantenimiento#breadcrumb","itemListElement":[{"@type":"ListItem","position":1,"name":"Portada","item":"https:\/\/noucartallers.es\/"},{"@type":"ListItem","position":2,"name":"SERVICIOS","item":"https:\/\/noucartallers.es\/servicios"},{"@type":"ListItem","position":3,"name":"Mantenimiento"}]},{"@type":"WebSite","@id":"https:\/\/noucartallers.es\/#website","url":"https:\/\/noucartallers.es\/","name":"Nou Car Tallers","description":"Servicio de mantenimiento y reparaciones para todo tipo de veh\u00edculos","potentialAction":[{"@type":"SearchAction","target":{"@type":"EntryPoint","urlTemplate":"https:\/\/noucartallers.es\/?s={search_term_string}"},"query-input":{"@type":"PropertyValueSpecification","valueRequired":true,"valueName":"search_term_string"}}],"inLanguage":"ca"}]}},"_links":{"self":[{"href":"https:\/\/noucartallers.es\/ca\/wp-json\/wp\/v2\/pages\/799","targetHints":{"allow":["GET"]}}],"collection":[{"href":"https:\/\/noucartallers.es\/ca\/wp-json\/wp\/v2\/pages"}],"about":[{"href":"https:\/\/noucartallers.es\/ca\/wp-json\/wp\/v2\/types\/page"}],"author":[{"embeddable":true,"href":"https:\/\/noucartallers.es\/ca\/wp-json\/wp\/v2\/users\/1"}],"replies":[{"embeddable":true,"href":"https:\/\/noucartallers.es\/ca\/wp-json\/wp\/v2\/comments?post=799"}],"version-history":[{"count":6,"href":"https:\/\/noucartallers.es\/ca\/wp-json\/wp\/v2\/pages\/799\/revisions"}],"predecessor-version":[{"id":1113,"href":"https:\/\/noucartallers.es\/ca\/wp-json\/wp\/v2\/pages\/799\/revisions\/1113"}],"up":[{"embeddable":true,"href":"https:\/\/noucartallers.es\/ca\/wp-json\/wp\/v2\/pages\/63"}],"wp:attachment":[{"href":"https:\/\/noucartallers.es\/ca\/wp-json\/wp\/v2\/media?parent=799"}],"curies":[{"name":"wp","href":"https:\/\/api.w.org\/{rel}","templated":true}]}}