{"id":86,"date":"2022-05-17T10:40:28","date_gmt":"2022-05-17T10:40:28","guid":{"rendered":"https:\/\/noucartallers.desarrollowebsonline.es\/?page_id=86"},"modified":"2022-05-17T10:40:28","modified_gmt":"2022-05-17T10:40:28","slug":"mapa-del-sitio","status":"publish","type":"page","link":"https:\/\/noucartallers.es\/ca\/mapa-del-sitio","title":{"rendered":"Mapa del lloc"},"content":{"rendered":"<div class=\"wpb-content-wrapper\"><div class=\"vc_row wpb_row vc_row-fluid\"><div class=\"wpb_column vc_column_container vc_col-sm-12\"><div class=\"vc_column-inner\"><div class=\"wpb_wrapper\"><div class=\"boc_spacing\" style=\"height: 32px\"><\/div>\n\t<div class=\"wpb_text_column wpb_content_element\" >\n\t\t<div class=\"wpb_wrapper\">\n\t\t\t<div class=\"wsp-container\"><h2 class=\"wsp-pages-title\">P\u00e0gines<\/h2>\n<ul class=\"wsp-pages-list\">\n<li class=\"page_item page-item-83\"><a href=\"https:\/\/noucartallers.es\/ca\/aviso-legal\">Av\u00eds legal<\/a><\/li>\n<li class=\"page_item page-item-1103\"><a href=\"https:\/\/noucartallers.es\/ca\/blog\">BLOG<\/a><\/li>\n<li class=\"page_item page-item-406 current_page_parent\"><a href=\"https:\/\/noucartallers.es\/ca\/blog\">BLOG<\/a><\/li>\n<li class=\"page_item page-item-595\"><a href=\"https:\/\/noucartallers.es\/ca\/col%c2%b7laboradors\">COL\u00b7LABORADORS<\/a><\/li>\n<li class=\"page_item page-item-67\"><a href=\"https:\/\/noucartallers.es\/ca\/colaboradores\">COL\u00b7LABORADORS<\/a><\/li>\n<li class=\"page_item page-item-607\"><a href=\"https:\/\/noucartallers.es\/ca\/contacte\">CONTACTE<\/a><\/li>\n<li class=\"page_item page-item-69\"><a href=\"https:\/\/noucartallers.es\/ca\/contacto\">CONTACTE<\/a><\/li>\n<li class=\"page_item page-item-1128\"><a href=\"https:\/\/noucartallers.es\/ca\/declaracion-de-accesibilidad\">Declaraci\u00f3 d&#039;accessibilitat<\/a><\/li>\n<li class=\"page_item page-item-589\"><a href=\"https:\/\/noucartallers.es\/ca\/el-taller\">EL TALLER<\/a><\/li>\n<li class=\"page_item page-item-9\"><a href=\"https:\/\/noucartallers.es\/ca\/\">HOME<\/a><\/li>\n<li class=\"page_item page-item-564\"><a href=\"https:\/\/noucartallers.es\/ca\/home\">HOME<\/a><\/li>\n<li class=\"page_item page-item-86\"><a href=\"https:\/\/noucartallers.es\/ca\/mapa-del-sitio\">Mapa del lloc<\/a><\/li>\n<li class=\"page_item page-item-78\"><a href=\"https:\/\/noucartallers.es\/ca\/politica-de-privacidad-y-cookies\">Pol\u00edtica de privadesa i cookies<\/a><\/li>\n<li class=\"page_item page-item-1131\"><a href=\"https:\/\/noucartallers.es\/ca\/politica-de-proteccion-de-datos\">Pol\u00edtica de protecci\u00f3 de dades<\/a><\/li>\n<li class=\"page_item page-item-851\"><a href=\"https:\/\/noucartallers.es\/ca\/reparacion-camiones\">Reparaci\u00f3 camions<\/a><\/li>\n<li class=\"page_item page-item-1221\"><a href=\"https:\/\/noucartallers.es\/ca\/reparacion-camiones-sentmenat\">Reparaci\u00f3 camions Sentmenat<\/a><\/li>\n<li class=\"page_item page-item-848\"><a href=\"https:\/\/noucartallers.es\/ca\/reparacion-de-camiones\">Reparaci\u00f3 de camions<\/a><\/li>\n<li class=\"page_item page-item-1172\"><a href=\"https:\/\/noucartallers.es\/ca\/reparacion-de-camiones-granollers\">Reparaci\u00f3 de camions Granollers<\/a><\/li>\n<li class=\"page_item page-item-1211\"><a href=\"https:\/\/noucartallers.es\/ca\/reparacion-de-camiones-mataro\">Reparaci\u00f3 de camions Matar\u00f3<\/a><\/li>\n<li class=\"page_item page-item-511 page_item_has_children\"><a href=\"https:\/\/noucartallers.es\/ca\/reparacion-de-coches\">Reparaci\u00f3 de cotxes<\/a>\n<ul class='children'>\n\t<li class=\"page_item page-item-524\"><a href=\"https:\/\/noucartallers.es\/ca\/reparacion-de-coches\/reparacion-de-coches-granollers\">Reparaci\u00f3 de cotxes Granollers<\/a><\/li>\n\t<li class=\"page_item page-item-526\"><a href=\"https:\/\/noucartallers.es\/ca\/reparacion-de-coches\/reparacion-de-coches-mollet\">Reparaci\u00f3 de cotxes Mollet<\/a><\/li>\n\t<li class=\"page_item page-item-528\"><a href=\"https:\/\/noucartallers.es\/ca\/reparacion-de-coches\/reparacion-de-coches-parets-del-valles\">Reparaci\u00f3 de cotxes Parets del Vall\u00e8s<\/a><\/li>\n<\/ul>\n<\/li>\n<li class=\"page_item page-item-660\"><a href=\"https:\/\/noucartallers.es\/ca\/reparacion-de-coches-roca-del-valles\">Reparaci\u00f3 de cotxes Roca del Vall\u00e8s<\/a><\/li>\n<li class=\"page_item page-item-513 page_item_has_children\"><a href=\"https:\/\/noucartallers.es\/ca\/revision-itv\">Revisi\u00f3 ITV<\/a>\n<ul class='children'>\n\t<li class=\"page_item page-item-642\"><a href=\"https:\/\/noucartallers.es\/ca\/revision-itv\/revision-itv-granollers\">Revisi\u00f3 ITV Granollers<\/a><\/li>\n\t<li class=\"page_item page-item-644\"><a href=\"https:\/\/noucartallers.es\/ca\/revision-itv\/revision-itv-mollet\">Revisi\u00f3 ITV Mollet<\/a><\/li>\n\t<li class=\"page_item page-item-646\"><a href=\"https:\/\/noucartallers.es\/ca\/revision-itv\/revision-itv-parets-del-valles\">Revisi\u00f3 ITV Parets del Vall\u00e8s<\/a><\/li>\n\t<li class=\"page_item page-item-740\"><a href=\"https:\/\/noucartallers.es\/ca\/revision-itv\/revision-itv-polinya\">Revisi\u00f3 ITV Poliny\u00e0<\/a><\/li>\n\t<li class=\"page_item page-item-650\"><a href=\"https:\/\/noucartallers.es\/ca\/revision-itv\/revision-itv-roca-del-valles\">Revisi\u00f3 ITV Roca del Vall\u00e8s<\/a><\/li>\n\t<li class=\"page_item page-item-718\"><a href=\"https:\/\/noucartallers.es\/ca\/revision-itv\/revision-itv-sentmenat\">Revisi\u00f3 ITV Sentmenat<\/a><\/li>\n<\/ul>\n<\/li>\n<li class=\"page_item page-item-720\"><a href=\"https:\/\/noucartallers.es\/ca\/revision-itv-cardedeu\">Revisi\u00f3 ITV Cardedeu<\/a><\/li>\n<li class=\"page_item page-item-577 page_item_has_children\"><a href=\"https:\/\/noucartallers.es\/ca\/serveis\">SERVEIS<\/a>\n<ul class='children'>\n\t<li class=\"page_item page-item-1085\"><a href=\"https:\/\/noucartallers.es\/ca\/serveis\/itv\">ITV<\/a><\/li>\n\t<li class=\"page_item page-item-815\"><a href=\"https:\/\/noucartallers.es\/ca\/serveis\/manteniment\">Manteniment<\/a><\/li>\n\t<li class=\"page_item page-item-806\"><a href=\"https:\/\/noucartallers.es\/ca\/serveis\/mecanica\">Mec\u00e0nica<\/a><\/li>\n\t<li class=\"page_item page-item-1066\"><a href=\"https:\/\/noucartallers.es\/ca\/serveis\/pintura\">Pintura<\/a><\/li>\n\t<li class=\"page_item page-item-809\"><a href=\"https:\/\/noucartallers.es\/ca\/serveis\/planxa\">Planxa<\/a><\/li>\n\t<li class=\"page_item page-item-1091\"><a href=\"https:\/\/noucartallers.es\/ca\/serveis\/pre-compra-venda\">PRE COMPRA-VENDA<\/a><\/li>\n<\/ul>\n<\/li>\n<li class=\"page_item page-item-63 page_item_has_children\"><a href=\"https:\/\/noucartallers.es\/ca\/servicios\">SERVEIS<\/a>\n<ul class='children'>\n\t<li class=\"page_item page-item-911\"><a href=\"https:\/\/noucartallers.es\/ca\/servicios\/itv\">ITV<\/a><\/li>\n\t<li class=\"page_item page-item-799\"><a href=\"https:\/\/noucartallers.es\/ca\/servicios\/mantenimiento\">Manteniment<\/a><\/li>\n\t<li class=\"page_item page-item-784\"><a href=\"https:\/\/noucartallers.es\/ca\/servicios\/mecanica\">Mec\u00e0nica<\/a><\/li>\n\t<li class=\"page_item page-item-899\"><a href=\"https:\/\/noucartallers.es\/ca\/servicios\/pintura\">Pintura<\/a><\/li>\n\t<li class=\"page_item page-item-792\"><a href=\"https:\/\/noucartallers.es\/ca\/servicios\/plancha\">Planxa<\/a><\/li>\n\t<li class=\"page_item page-item-938\"><a href=\"https:\/\/noucartallers.es\/ca\/servicios\/pre-compra-venta\">PRE COMPRA-VENDA<\/a><\/li>\n<\/ul>\n<\/li>\n<li class=\"page_item page-item-750\"><a href=\"https:\/\/noucartallers.es\/ca\/taller-camiones\">Taller camions<\/a><\/li>\n<li class=\"page_item page-item-896\"><a href=\"https:\/\/noucartallers.es\/ca\/taller-de-camiones-granollers\">Taller de camions Granollers<\/a><\/li>\n<li class=\"page_item page-item-678\"><a href=\"https:\/\/noucartallers.es\/ca\/taller-de-coche-polinya\">Taller de cotxe Poliny\u00e0<\/a><\/li>\n<li class=\"page_item page-item-509 page_item_has_children\"><a href=\"https:\/\/noucartallers.es\/ca\/el-taller-de-coches\">Taller de cotxes<\/a>\n<ul class='children'>\n\t<li class=\"page_item page-item-676\"><a href=\"https:\/\/noucartallers.es\/ca\/el-taller-de-coches\/taller-de-coche-mataro\">Taller de cotxe Matar\u00f3<\/a><\/li>\n\t<li class=\"page_item page-item-666\"><a href=\"https:\/\/noucartallers.es\/ca\/el-taller-de-coches\/taller-de-coche-palau-solita-i-plegamans\">Taller de cotxe Palau Solit\u00e0 i Plegamans<\/a><\/li>\n\t<li class=\"page_item page-item-519\"><a href=\"https:\/\/noucartallers.es\/ca\/el-taller-de-coches\/taller-de-coche-parets-del-valles\">Taller de cotxe Parets del Vall\u00e8s<\/a><\/li>\n\t<li class=\"page_item page-item-663\"><a href=\"https:\/\/noucartallers.es\/ca\/el-taller-de-coches\/taller-de-coche-sentmenat\">Taller de cotxe Sentmenat<\/a><\/li>\n\t<li class=\"page_item page-item-517\"><a href=\"https:\/\/noucartallers.es\/ca\/el-taller-de-coches\/taller-de-coches-granollers\">Taller de cotxes Granollers<\/a><\/li>\n\t<li class=\"page_item page-item-515\"><a href=\"https:\/\/noucartallers.es\/ca\/el-taller-de-coches\/taller-de-coches-mollet\">Taller de cotxes Mollet<\/a><\/li>\n\t<li class=\"page_item page-item-522\"><a href=\"https:\/\/noucartallers.es\/ca\/el-taller-de-coches\/taller-de-coches-roca-del-valles\">Taller de cotxes Roca del Vall\u00e8s<\/a><\/li>\n<\/ul>\n<\/li>\n<li class=\"page_item page-item-65\"><a href=\"https:\/\/noucartallers.es\/ca\/taller-mecanico\">TALLER MEC\u00c0NIC<\/a><\/li>\n<li class=\"page_item page-item-495\"><a href=\"https:\/\/noucartallers.es\/ca\/el-taller-mecanico\">Taller mec\u00e0nic<\/a><\/li>\n<li class=\"page_item page-item-832 page_item_has_children\"><a href=\"https:\/\/noucartallers.es\/ca\/taller-mecanico-camiones\">Taller mec\u00e0nic camions<\/a>\n<ul class='children'>\n\t<li class=\"page_item page-item-1182\"><a href=\"https:\/\/noucartallers.es\/ca\/taller-mecanico-camiones\/taller-mecanico-camiones-barcelona\">Taller mec\u00e0nic camions Barcelona<\/a><\/li>\n<\/ul>\n<\/li>\n<li class=\"page_item page-item-890\"><a href=\"https:\/\/noucartallers.es\/ca\/trabaja-con-nosotros\">TREBALLA AMB NOSALTRES<\/a><\/li>\n<li class=\"page_item page-item-1096\"><a href=\"https:\/\/noucartallers.es\/ca\/treballa-amb-nosaltres\">TREBALLA AMB NOSALTRES<\/a><\/li>\n<\/ul>\n<\/div>\n\n\t\t<\/div>\n\t<\/div>\n<\/div><\/div><\/div><\/div>\n<\/div>","protected":false},"excerpt":{"rendered":"P\u00e0gines Aviso legal BLOG BLOG COL\u00b7LABORADORS COLABORADORES CONTACTE CONTACTO Declaraci\u00f3n de accesibilidad EL TALLER HOME HOME Mapa del sitio Pol\u00edtica de privacidad y cookies Pol\u00edtica de protecci\u00f3n de datos Reparaci\u00f3n camiones Reparaci\u00f3n camiones Sentmenat Reparaci\u00f3n de camiones Reparaci\u00f3n de camiones Granollers Reparaci\u00f3n de camiones Matar\u00f3 Reparaci\u00f3n de coches Reparaci\u00f3n de coches Granollers Reparaci\u00f3n de coches Mollet Reparaci\u00f3n de coches Parets<div class=\"h10\"><\/div><a class=\"more-link1\" href=\"https:\/\/noucartallers.es\/ca\/mapa-del-sitio\">Read more<\/a>","protected":false},"author":1,"featured_media":0,"parent":0,"menu_order":0,"comment_status":"closed","ping_status":"closed","template":"","meta":{"footnotes":""},"class_list":["post-86","page","type-page","status-publish","hentry"],"yoast_head":"<!-- This site is optimized with the Yoast SEO plugin v26.7 - https:\/\/yoast.com\/wordpress\/plugins\/seo\/ -->\n<title>Mapa del sitio - Nou Car Tallers<\/title>\n<meta name=\"robots\" content=\"index, follow, max-snippet:-1, max-image-preview:large, max-video-preview:-1\" \/>\n<link rel=\"canonical\" href=\"https:\/\/noucartallers.es\/ca\/mapa-del-sitio\/\" \/>\n<meta property=\"og:locale\" content=\"ca_ES\" \/>\n<meta property=\"og:type\" content=\"article\" \/>\n<meta property=\"og:title\" content=\"Mapa del sitio - Nou Car Tallers\" \/>\n<meta property=\"og:url\" content=\"https:\/\/noucartallers.es\/ca\/mapa-del-sitio\/\" \/>\n<meta property=\"og:site_name\" content=\"Nou Car Tallers\" \/>\n<meta name=\"twitter:card\" content=\"summary_large_image\" \/>\n<script type=\"application\/ld+json\" class=\"yoast-schema-graph\">{\"@context\":\"https:\/\/schema.org\",\"@graph\":[{\"@type\":\"WebPage\",\"@id\":\"https:\/\/noucartallers.es\/mapa-del-sitio\",\"url\":\"https:\/\/noucartallers.es\/mapa-del-sitio\",\"name\":\"Mapa del sitio - Nou Car Tallers\",\"isPartOf\":{\"@id\":\"https:\/\/noucartallers.es\/#website\"},\"datePublished\":\"2022-05-17T10:40:28+00:00\",\"breadcrumb\":{\"@id\":\"https:\/\/noucartallers.es\/mapa-del-sitio#breadcrumb\"},\"inLanguage\":\"ca\",\"potentialAction\":[{\"@type\":\"ReadAction\",\"target\":[\"https:\/\/noucartallers.es\/mapa-del-sitio\"]}]},{\"@type\":\"BreadcrumbList\",\"@id\":\"https:\/\/noucartallers.es\/mapa-del-sitio#breadcrumb\",\"itemListElement\":[{\"@type\":\"ListItem\",\"position\":1,\"name\":\"Portada\",\"item\":\"https:\/\/noucartallers.es\/\"},{\"@type\":\"ListItem\",\"position\":2,\"name\":\"Mapa del sitio\"}]},{\"@type\":\"WebSite\",\"@id\":\"https:\/\/noucartallers.es\/#website\",\"url\":\"https:\/\/noucartallers.es\/\",\"name\":\"Nou Car Tallers\",\"description\":\"Servicio de mantenimiento y reparaciones para todo tipo de veh\u00edculos\",\"potentialAction\":[{\"@type\":\"SearchAction\",\"target\":{\"@type\":\"EntryPoint\",\"urlTemplate\":\"https:\/\/noucartallers.es\/?s={search_term_string}\"},\"query-input\":{\"@type\":\"PropertyValueSpecification\",\"valueRequired\":true,\"valueName\":\"search_term_string\"}}],\"inLanguage\":\"ca\"}]}<\/script>\n<!-- \/ Yoast SEO plugin. -->","yoast_head_json":{"title":"Mapa del sitio - Nou Car Tallers","robots":{"index":"index","follow":"follow","max-snippet":"max-snippet:-1","max-image-preview":"max-image-preview:large","max-video-preview":"max-video-preview:-1"},"canonical":"https:\/\/noucartallers.es\/ca\/mapa-del-sitio\/","og_locale":"ca_ES","og_type":"article","og_title":"Mapa del sitio - Nou Car Tallers","og_url":"https:\/\/noucartallers.es\/ca\/mapa-del-sitio\/","og_site_name":"Nou Car Tallers","twitter_card":"summary_large_image","schema":{"@context":"https:\/\/schema.org","@graph":[{"@type":"WebPage","@id":"https:\/\/noucartallers.es\/mapa-del-sitio","url":"https:\/\/noucartallers.es\/mapa-del-sitio","name":"Mapa del sitio - Nou Car Tallers","isPartOf":{"@id":"https:\/\/noucartallers.es\/#website"},"datePublished":"2022-05-17T10:40:28+00:00","breadcrumb":{"@id":"https:\/\/noucartallers.es\/mapa-del-sitio#breadcrumb"},"inLanguage":"ca","potentialAction":[{"@type":"ReadAction","target":["https:\/\/noucartallers.es\/mapa-del-sitio"]}]},{"@type":"BreadcrumbList","@id":"https:\/\/noucartallers.es\/mapa-del-sitio#breadcrumb","itemListElement":[{"@type":"ListItem","position":1,"name":"Portada","item":"https:\/\/noucartallers.es\/"},{"@type":"ListItem","position":2,"name":"Mapa del sitio"}]},{"@type":"WebSite","@id":"https:\/\/noucartallers.es\/#website","url":"https:\/\/noucartallers.es\/","name":"Nou Car Tallers","description":"Servicio de mantenimiento y reparaciones para todo tipo de veh\u00edculos","potentialAction":[{"@type":"SearchAction","target":{"@type":"EntryPoint","urlTemplate":"https:\/\/noucartallers.es\/?s={search_term_string}"},"query-input":{"@type":"PropertyValueSpecification","valueRequired":true,"valueName":"search_term_string"}}],"inLanguage":"ca"}]}},"_links":{"self":[{"href":"https:\/\/noucartallers.es\/ca\/wp-json\/wp\/v2\/pages\/86","targetHints":{"allow":["GET"]}}],"collection":[{"href":"https:\/\/noucartallers.es\/ca\/wp-json\/wp\/v2\/pages"}],"about":[{"href":"https:\/\/noucartallers.es\/ca\/wp-json\/wp\/v2\/types\/page"}],"author":[{"embeddable":true,"href":"https:\/\/noucartallers.es\/ca\/wp-json\/wp\/v2\/users\/1"}],"replies":[{"embeddable":true,"href":"https:\/\/noucartallers.es\/ca\/wp-json\/wp\/v2\/comments?post=86"}],"version-history":[{"count":1,"href":"https:\/\/noucartallers.es\/ca\/wp-json\/wp\/v2\/pages\/86\/revisions"}],"predecessor-version":[{"id":87,"href":"https:\/\/noucartallers.es\/ca\/wp-json\/wp\/v2\/pages\/86\/revisions\/87"}],"wp:attachment":[{"href":"https:\/\/noucartallers.es\/ca\/wp-json\/wp\/v2\/media?parent=86"}],"curies":[{"name":"wp","href":"https:\/\/api.w.org\/{rel}","templated":true}]}}