{"id":899,"date":"2023-07-17T12:25:54","date_gmt":"2023-07-17T12:25:54","guid":{"rendered":"https:\/\/noucartallers.es\/?page_id=899"},"modified":"2023-07-21T09:35:18","modified_gmt":"2023-07-21T09:35:18","slug":"pintura","status":"publish","type":"page","link":"https:\/\/noucartallers.es\/ca\/servicios\/pintura","title":{"rendered":"Pintura"},"content":{"rendered":"<div class=\"wpb-content-wrapper\"><div data-vc-full-width=\"true\" data-vc-full-width-temp=\"true\" data-vc-full-width-init=\"false\" data-vc-stretch-content=\"true\" class=\"vc_row wpb_row vc_row-fluid vc_custom_1689932110607 vc_row-has-fill vc_row-no-padding\"><div class=\"wpb_column vc_column_container vc_col-sm-12 vc_hidden-md vc_hidden-sm vc_hidden-xs vc_col-has-fill\"><div class=\"vc_column-inner vc_custom_1679907036601\"><div class=\"wpb_wrapper\"><div class=\"boc_spacing\" style=\"height: 350px\"><\/div>\n\t<div class=\"wpb_text_column wpb_content_element\" >\n\t\t<div class=\"wpb_wrapper\">\n\t\t\t<h1 style=\"font-weight: bold; text-align: center;\"><span style=\"color: #ffffff;\">Pintura<\/span><\/h1>\n\n\t\t<\/div>\n\t<\/div>\n<div class=\"boc_spacing\" style=\"height: 20px\"><\/div><\/div><\/div><\/div><\/div><div class=\"vc_row-full-width vc_clearfix\"><\/div><div data-vc-full-width=\"true\" data-vc-full-width-temp=\"true\" data-vc-full-width-init=\"false\" data-vc-stretch-content=\"true\" class=\"vc_row wpb_row vc_row-fluid vc_custom_1689932116105 vc_row-has-fill vc_row-no-padding\"><div class=\"wpb_column vc_column_container vc_col-sm-12 vc_hidden-lg vc_col-has-fill\"><div class=\"vc_column-inner vc_custom_1679907065703\"><div class=\"wpb_wrapper\"><div class=\"boc_spacing\" style=\"height: 150px\"><\/div>\n\t<div class=\"wpb_text_column wpb_content_element\" >\n\t\t<div class=\"wpb_wrapper\">\n\t\t\t<h1 style=\"font-weight: bold; text-align: center;\"><span style=\"color: #ffffff;\">Pintura<\/span><\/h1>\n\n\t\t<\/div>\n\t<\/div>\n<div class=\"boc_spacing\" style=\"height: 20px\"><\/div><\/div><\/div><\/div><\/div><div class=\"vc_row-full-width vc_clearfix\"><\/div><div class=\"vc_row wpb_row vc_row-fluid\"><div class=\"wpb_column vc_column_container vc_col-sm-12\"><div class=\"vc_column-inner\"><div class=\"wpb_wrapper\"><div class=\"boc_spacing\" style=\"height: 20px\"><\/div><\/div><\/div><\/div><\/div><div class=\"vc_row wpb_row vc_row-fluid vc_custom_1657104679870 vc_column-gap-35\"><div class=\"wpb_column vc_column_container vc_col-sm-6\"><div class=\"vc_column-inner\"><div class=\"wpb_wrapper\">\n\t<div class=\"wpb_text_column wpb_content_element\" >\n\t\t<div class=\"wpb_wrapper\">\n\t\t\t<h2>NOUCAR TALLERS: Pintura per a turismes i vehicles industrials.<\/h2>\n<p style=\"text-align: justify;\">La pintura per a vehicles industrials \u00e9s un servei crucial per mantenir l&#039;aparen\u00e7a dels equips de transport i de construcci\u00f3. Els vehicles industrials estan exposats a condicions extremes en el seu \u00fas diari, cosa que pot causar danys a la carrosseria i la pintura.<\/p>\n<p>Un taller especialitzat en pintura per a vehicles industrials i turismes est\u00e0 equipat amb les eines i els coneixements necessaris per reparar i repintar aquests vehicles de manera efectiva. Els t\u00e8cnics capacitats poden aplicar pintura d&#039;alta qualitat per restaurar l&#039;aparen\u00e7a original del vehicle i protegir-lo de la corrosi\u00f3 i el desgast.<br \/>\nLa pintura per a vehicles industrials i turismes no nom\u00e9s millora l&#039;aparen\u00e7a de l&#039;equip, sin\u00f3 que tamb\u00e9 en pot augmentar el valor. Els compradors d&#039;equips pesants sovint consideren l&#039;aparen\u00e7a com un factor important en prendre decisions de compra.<\/p>\n\n\t\t<\/div>\n\t<\/div>\n<\/div><\/div><\/div><div class=\"wpb_column vc_column_container vc_col-sm-6\"><div class=\"vc_column-inner\"><div class=\"wpb_wrapper\">\n\t\t\t\t\t<!-- Image Slider -->\n\t\t\t\t\t<script type=\"text\/javascript\">\n\n\t\t\t\t\t\tjQuery(document).ready(function($) {\n\t\t\t\t\t\t\t\n\t\t\t\t\t\t\t\/\/ Load carousel after its images are loaded\n\t\t\t\t\t\t\tpreloadImages($(\"#img_slider_128def92006adafc806ed1dc21a92bc3 img\"), function () {\n\t\t\t\t\t\t\t\t\n\t\t\t\t\t\t\t\tvar carousel = $(\"#img_slider_128def92006adafc806ed1dc21a92bc3\");\n\t\t\t\t\t\t\t\t\n\t\t\t\t\t\t\t\tvar args = {\n\t\t\t\t\t\t\t\t\titems: \t\t\t1,\n\t\t\t\t\t\t\t\t\tmouseDrag:\t\ttrue,\n\t\t\t\t\t\t\t\t\tautoplay:\t\tfalse,\n\t\t\t\t\t\t\t\t\tautoplayTimeout:6000,\n\t\t\t\t\t\t\t\t\tnav: \t\t\ttrue,\n\t\t\t\t\t\t\t\t\tdots: \t\t\tfalse,\n\t\t\t\t\t\t\t\t\tloop: \t\t\tfalse,\n\t\t\t\t\t\t\t\t\tautoHeight: \tfalse,\n\t\t\t\t\t\t\t\t\tsmartSpeed:\t\t250,\n\t\t\t\t\t\t\tnavText:\t\t\t[\"<span class='icon icon-arrow-left8'><\/span>\",\"<span class='icon icon-uniE708'><\/span>\"],\n\t\t\t\t\t\t\t\t\tslideBy: \t\t1,\n\t\t\t\t\t\t\t\t\tnavRewind: \t\tfalse,\n\t\t\t\t\t\t\t\t\trtl: \t\t\tfalse,\n\t\t\t\t\t\t\t\t\tonInitialized:  \tshowCarousel_128def92006adafc806ed1dc21a92bc3,\n\t\t\t\t\t\t\t\t\t\n\t\t\t\t\t\t\t\t};\n\t\t\t\t\t\t\t\t\n\t\t\t\t\t\t\t\tcarousel.owlCarousel(args);\n\n\t\t\t\t\t\t\t\tvar initital_width = carousel.css(\"width\");\t\t\n\t\t\t\t\t\t\t\t\n\t\t\t\t\t\t\t\t\/* Refresh it for full width rows *\/\n\t\t\t\t\t\t\t\t$(window).load(function(){\n\t\t\t\t\t\t\t\t\tif(carousel.css(\"width\") != initital_width) {\n\t\t\t\t\t\t\t\t\t\tcarousel.trigger(\"destroy.owl.carousel\").removeClass(\"owl-carousel owl-loaded\");\n\t\t\t\t\t\t\t\t\t\tcarousel.find(\".owl-stage-outer\").children().unwrap();\n\t\t\t\t\t\t\t\t\t\tcarousel.owlCarousel(args);\n\t\t\t\t\t\t\t\t\t}\n\t\t\t\t\t\t\t\t});\n\t\t\t\t\t\t\t});\n\t\t\t\t\t\t\t\n\t\t\t\t\t\t\t\n\t\t\t\t\t\t\t\/* Show after initialized *\/\n\t\t\t\t\t\t\tfunction showCarousel_128def92006adafc806ed1dc21a92bc3() {\n\t\t\t\t\t\t\t\t$(\"#img_slider_128def92006adafc806ed1dc21a92bc3\").fadeTo(0,1);\n\t\t\t\t\t\t\t\t$(\"#img_slider_128def92006adafc806ed1dc21a92bc3 .owl-item .boc_owl_lazy\").css(\"opacity\",\"1\");\n\t\t\t\t\t\t\t}\t\t\t\t\t\t\t\n\t\t\t\t\t\t\t\n\t\t\t\t\t\t\t\n\t\t\t\t\t\t});\n\n\t\t\t\t\t<\/script>\n\t\t\t\t\t<!-- Image Slider :: END --><div class=\"img_slider mfp_gallery\" id=\"img_slider_128def92006adafc806ed1dc21a92bc3\" style=\"opacity:0;\"><div class=\"img_slider_item boc_owl_lazy\"><img decoding=\"async\" src=\"https:\/\/noucartallers.es\/wp-content\/uploads\/2023\/07\/pintura.jpg\" alt=\"\" title=\"\"\/><\/div><div class=\"img_slider_item boc_owl_lazy\"><img decoding=\"async\" src=\"https:\/\/noucartallers.es\/wp-content\/uploads\/2023\/07\/reparacion-chapa-y-pintura.jpg\" alt=\"\" title=\"\"\/><\/div><div class=\"img_slider_item boc_owl_lazy\"><img decoding=\"async\" src=\"https:\/\/noucartallers.es\/wp-content\/uploads\/2023\/07\/pintura-2.jpg\" alt=\"\" title=\"\"\/><\/div><div class=\"img_slider_item boc_owl_lazy\"><img decoding=\"async\" src=\"https:\/\/noucartallers.es\/wp-content\/uploads\/2023\/07\/pintura-3.jpg\" alt=\"\" title=\"\"\/><\/div><\/div><\/div><\/div><\/div><\/div><div class=\"vc_row wpb_row vc_row-fluid\"><div class=\"wpb_column vc_column_container vc_col-sm-12\"><div class=\"vc_column-inner\"><div class=\"wpb_wrapper\"><div class=\"boc_spacing\" style=\"height: 20px\"><\/div><\/div><\/div><\/div><\/div><div class=\"vc_row wpb_row vc_row-fluid vc_custom_1657104679870 vc_column-gap-35\"><div class=\"wpb_column vc_column_container vc_col-sm-3\"><div class=\"vc_column-inner\"><div class=\"wpb_wrapper\"><div id=\"top_icon_box_67428\" class=\"top_icon_box type1\"><div class=\"icon_holder\"><div class=\"icon_bgr\"><\/div><div class=\"icon_center\"><i class=\"icon icon-cycle\"><\/i><\/div><\/div><h3>Restauraci\u00f3 i millora est\u00e8tica<\/h3><p>El servei de pintura professional per a turismes i vehicles industrials permet restaurar i millorar l&#039;aparen\u00e7a del vehicle. Eliminem imperfeccions, esgarrapades, desgast i decoloraci\u00f3, tornant-li la seva brillantor i aspecte original. Aix\u00f2 augmenta l&#039;atractiu visual del vehicle i el valor de revenda, generant una impressi\u00f3 positiva en potencials compradors.<\/p><\/div><\/div><\/div><\/div><div class=\"wpb_column vc_column_container vc_col-sm-3\"><div class=\"vc_column-inner\"><div class=\"wpb_wrapper\"><div id=\"top_icon_box_64556\" class=\"top_icon_box type1\"><div class=\"icon_holder\"><div class=\"icon_bgr\"><\/div><div class=\"icon_center\"><i class=\"icon icon-timer\"><\/i><\/div><\/div><h3>Protecci\u00f3 duradora<\/h3><p>La pintura d&#039;alta qualitat utilitzada al nostre servei protegeix la carrosseria del vehicle contra els elements ambientals, com els raigs UV, la pluja, l&#039;\u00f2xid i la corrosi\u00f3. Aix\u00f2 ajuda a mantenir la integritat estructural del vehicle, perllongant la seva vida \u00fatil i evitant danys costosos a llarg termini.<\/p><\/div><\/div><\/div><\/div><div class=\"wpb_column vc_column_container vc_col-sm-3\"><div class=\"vc_column-inner\"><div class=\"wpb_wrapper\"><div id=\"top_icon_box_83699\" class=\"top_icon_box type1\"><div class=\"icon_holder\"><div class=\"icon_bgr\"><\/div><div class=\"icon_center\"><i class=\"icon icon-magic\"><\/i><\/div><\/div><h3>Personalitzaci\u00f3 i estil<\/h3><p>La pintura tamb\u00e9 ofereix l&#039;oportunitat de personalitzar el vehicle segons els gustos i les prefer\u00e8ncies del client. Oferim una \u00e0mplia gamma de colors i acabats perqu\u00e8 puguis triar l&#039;opci\u00f3 que reflecteixi el teu estil \u00fanic. Ja sigui que vulguis un aspecte cl\u00e0ssic, modern o esportiu, el nostre servei de pintura pot transformar el teu vehicle segons els teus desitjos.<\/p><\/div><\/div><\/div><\/div><div class=\"wpb_column vc_column_container vc_col-sm-3\"><div class=\"vc_column-inner\"><div class=\"wpb_wrapper\"><div id=\"top_icon_box_33698\" class=\"top_icon_box type1\"><div class=\"icon_holder\"><div class=\"icon_bgr\"><\/div><div class=\"icon_center\"><i class=\"icon icon-star-half-empty\"><\/i><\/div><\/div><h3>Valoritzaci\u00f3 i diferenciaci\u00f3<\/h3><p>Un vehicle amb una pintura impecable i atractiva destaca entre la multitud. Si cerques vendre el teu vehicle, una pintura de qualitat pot marcar la difer\u00e8ncia i ajudar a obtenir un millor preu i una venda m\u00e9s r\u00e0pida. La pintura ben cuidada tamb\u00e9 mostra el nivell d&#039;atenci\u00f3 i manteniment que has dedicat al teu vehicle i genera confian\u00e7a en potencials compradors.<\/p><\/div><\/div><\/div><\/div><\/div><div class=\"vc_row wpb_row vc_row-fluid\"><div class=\"botones wpb_column vc_column_container vc_col-sm-12\"><div class=\"vc_column-inner\"><div class=\"wpb_wrapper\"><div class=\"boc_spacing\" style=\"height: 1px\"><\/div><h3 class=\"boc_heading  center  boc_subheading\"  style=\"margin-bottom: 20px;margin-top: 0px;color: #333333;\"><span>Confia en nosaltres, tenim <strong>la soluci\u00f3 al teu problema<\/strong><\/span><\/h3><div class=\"boc_spacing\" style=\"height: 30px\"><\/div><div class=\"vc_row wpb_row vc_inner vc_row-fluid vc_column-gap-35\"><div class=\"wpb_column vc_column_container vc_col-sm-6\"><div class=\"vc_column-inner\"><div class=\"wpb_wrapper\">\n\t<div class=\"wpb_text_column wpb_content_element\" >\n\t\t<div class=\"wpb_wrapper\">\n\t\t\t<p>Els t\u00e8cnics capacitats poden aplicar pintura d&#039;alta qualitat per restaurar l&#039;aparen\u00e7a original del vehicle i protegir-lo de la corrosi\u00f3 i el desgast.<\/p>\n<p>La pintura per a vehicles industrials i turismes no nom\u00e9s millora l&#039;aparen\u00e7a de l&#039;equip, sin\u00f3 que tamb\u00e9 en pot augmentar el valor.<\/p>\n\n\t\t<\/div>\n\t<\/div>\n<\/div><\/div><\/div><div class=\"wpb_column vc_column_container vc_col-sm-6\"><div class=\"vc_column-inner\"><div class=\"wpb_wrapper\">\n\t<div class=\"wpb_text_column wpb_content_element\" >\n\t\t<div class=\"wpb_wrapper\">\n\t\t\t<p style=\"text-align: justify;\">Els compradors d&#039;equips pesants sovint consideren l&#039;aparen\u00e7a com un factor important en prendre decisions de compra.<\/p>\n\n\t\t<\/div>\n\t<\/div>\n<\/div><\/div><\/div><\/div><div class=\"vc_row wpb_row vc_inner vc_row-fluid\"><div class=\"wpb_column vc_column_container vc_col-sm-6\"><div class=\"vc_column-inner\"><div class=\"wpb_wrapper\">\n\t<div class=\"wpb_text_column wpb_content_element\" >\n\t\t<div class=\"wpb_wrapper\">\n\t\t\t<p style=\"text-align: left;\">Altres usuaris ens van trobar per\u2026<\/p>\n<ul class=\"wsp-pages-list\">\n<li class=\"page_item page-item-511 page_item_has_children\" style=\"text-align: left;\"><a href=\"https:\/\/noucartallers.es\/ca\/reparacion-de-coches\/\">Reparaci\u00f3 de cotxes<\/a>\n<ul class=\"children\">\n<li class=\"page_item page-item-524\"><a href=\"https:\/\/noucartallers.es\/ca\/reparacion-de-coches\/reparacion-de-coches-granollers\/\">Reparaci\u00f3 de cotxes Granollers<\/a><\/li>\n<li class=\"page_item page-item-526\"><a href=\"https:\/\/noucartallers.es\/ca\/reparacion-de-coches\/reparacion-de-coches-mollet\/\">Reparaci\u00f3 de cotxes Mollet<\/a><\/li>\n<li class=\"page_item page-item-528\"><a href=\"https:\/\/noucartallers.es\/ca\/reparacion-de-coches\/reparacion-de-coches-parets-del-valles\/\">Reparaci\u00f3 de cotxes Parets del Vall\u00e8s<\/a><\/li>\n<\/ul>\n<\/li>\n<li class=\"page_item page-item-660\" style=\"text-align: left;\"><a href=\"https:\/\/noucartallers.es\/ca\/reparacion-de-coches-roca-del-valles\/\">Reparaci\u00f3 de cotxes Roca del Vall\u00e8s<\/a><\/li>\n<li class=\"page_item page-item-513 page_item_has_children\" style=\"text-align: left;\"><a href=\"https:\/\/noucartallers.es\/ca\/revision-itv\/\">Revisi\u00f3 ITV<\/a>\n<ul class=\"children\">\n<li class=\"page_item page-item-642\"><a href=\"https:\/\/noucartallers.es\/ca\/revision-itv\/revision-itv-granollers\/\">Revisi\u00f3 ITV Granollers<\/a><\/li>\n<li class=\"page_item page-item-644\"><a href=\"https:\/\/noucartallers.es\/ca\/revision-itv\/revision-itv-mollet\/\">Revisi\u00f3 ITV Mollet<\/a><\/li>\n<li class=\"page_item page-item-646\"><a href=\"https:\/\/noucartallers.es\/ca\/revision-itv\/revision-itv-parets-del-valles\/\">Revisi\u00f3 ITV Parets del Vall\u00e8s<\/a><\/li>\n<li class=\"page_item page-item-650\"><a href=\"https:\/\/noucartallers.es\/ca\/revision-itv\/revision-itv-roca-del-valles\/\">Revisi\u00f3 ITV Roca del Vall\u00e8s<\/a><\/li>\n<\/ul>\n<\/li>\n<li class=\"page_item page-item-63\" style=\"text-align: left;\"><a href=\"https:\/\/noucartallers.es\/ca\/servicios\/\">SERVEIS<\/a><\/li>\n<li class=\"page_item page-item-678\" style=\"text-align: left;\"><a href=\"https:\/\/noucartallers.es\/ca\/taller-de-coche-polinya\/\">Taller de cotxe Poliny\u00e0<\/a><\/li>\n<li class=\"page_item page-item-678\" style=\"text-align: left;\"><a href=\"https:\/\/noucartallers.es\/ca\/el-taller-de-coches\/\">TALLER DE COTXES<\/a><\/li>\n<li class=\"page_item page-item-678\" style=\"text-align: left;\"><a href=\"https:\/\/noucartallers.es\/ca\/taller-de-coches\/\">Taller de cotxes<\/a>\n<ul class=\"wsp-pages-list\">\n<li class=\"page_item page-item-676\" style=\"text-align: left;\"><a href=\"https:\/\/noucartallers.es\/ca\/taller-de-coches\/taller-de-coche-mataro\/\">Taller de cotxe Matar\u00f3<\/a><\/li>\n<li class=\"page_item page-item-666\" style=\"text-align: left;\"><a href=\"https:\/\/noucartallers.es\/ca\/taller-de-coches\/taller-de-coche-palau-solita-i-plegamans\/\">Taller de cotxe Palau Solit\u00e0 i Plegamans<\/a><\/li>\n<li class=\"page_item page-item-519\" style=\"text-align: left;\"><a href=\"https:\/\/noucartallers.es\/ca\/taller-de-coches\/taller-de-coche-parets-del-valles\/\">Taller de cotxe Parets del Vall\u00e8s<\/a><\/li>\n<li class=\"page_item page-item-663\" style=\"text-align: left;\"><a href=\"https:\/\/noucartallers.es\/ca\/taller-de-coches\/taller-de-coche-sentmenat\/\">Taller de cotxe Sentmenat<\/a><\/li>\n<li class=\"page_item page-item-517\" style=\"text-align: left;\"><a href=\"https:\/\/noucartallers.es\/ca\/taller-de-coches\/taller-de-coches-granollers\/\">Taller de cotxes Granollers<\/a><\/li>\n<li class=\"page_item page-item-515\" style=\"text-align: left;\"><a href=\"https:\/\/noucartallers.es\/ca\/taller-de-coches\/taller-de-coches-mollet\/\">Taller de cotxes Mollet<\/a><\/li>\n<li class=\"page_item page-item-522\" style=\"text-align: left;\"><a href=\"https:\/\/noucartallers.es\/ca\/taller-de-coches\/taller-de-coches-roca-del-valles\/\">Taller de cotxes Roca del Vall\u00e8s<\/a><\/li>\n<\/ul>\n<\/li>\n<\/ul>\n\n\t\t<\/div>\n\t<\/div>\n<\/div><\/div><\/div><div class=\"wpb_column vc_column_container vc_col-sm-6\"><div class=\"vc_column-inner\"><div class=\"wpb_wrapper\"><\/div><\/div><\/div><\/div><\/div><\/div><\/div><\/div><div class=\"vc_row wpb_row vc_row-fluid\"><div class=\"wpb_column vc_column_container vc_col-sm-12\"><div class=\"vc_column-inner\"><div class=\"wpb_wrapper\"><div class=\"boc_spacing\" style=\"height: 30px\"><\/div><\/div><\/div><\/div><\/div>\n<\/div>","protected":false},"excerpt":{"rendered":"Pintura Pintura NOUCAR TALLERS: Pintura para turismos y veh\u00edculos industriales. La pintura para veh\u00edculos industriales es un servicio crucial para mantener la apariencia de los equipos de transporte y construcci\u00f3n. Los veh\u00edculos industriales est\u00e1n expuestos a condiciones extremas en su uso diario, lo que puede causar da\u00f1os en la carrocer\u00eda y la pintura. Un taller especializado en pintura para veh\u00edculos<div class=\"h10\"><\/div><a class=\"more-link1\" href=\"https:\/\/noucartallers.es\/ca\/servicios\/pintura\">Read more<\/a>","protected":false},"author":1,"featured_media":0,"parent":63,"menu_order":0,"comment_status":"closed","ping_status":"closed","template":"","meta":{"footnotes":""},"class_list":["post-899","page","type-page","status-publish","hentry"],"yoast_head":"<!-- This site is optimized with the Yoast SEO plugin v26.7 - https:\/\/yoast.com\/wordpress\/plugins\/seo\/ -->\n<title>Pintura - Nou Car Tallers<\/title>\n<meta name=\"robots\" content=\"index, follow, max-snippet:-1, max-image-preview:large, max-video-preview:-1\" \/>\n<link rel=\"canonical\" href=\"https:\/\/noucartallers.es\/ca\/servicios\/pintura\/\" \/>\n<meta property=\"og:locale\" content=\"ca_ES\" \/>\n<meta property=\"og:type\" content=\"article\" \/>\n<meta property=\"og:title\" content=\"Pintura - Nou Car Tallers\" \/>\n<meta property=\"og:url\" content=\"https:\/\/noucartallers.es\/ca\/servicios\/pintura\/\" \/>\n<meta property=\"og:site_name\" content=\"Nou Car Tallers\" \/>\n<meta property=\"article:modified_time\" content=\"2023-07-21T09:35:18+00:00\" \/>\n<meta name=\"twitter:card\" content=\"summary_large_image\" \/>\n<meta name=\"twitter:label1\" content=\"Temps estimat de lectura\" \/>\n\t<meta name=\"twitter:data1\" content=\"5 minuts\" \/>\n<script type=\"application\/ld+json\" class=\"yoast-schema-graph\">{\"@context\":\"https:\/\/schema.org\",\"@graph\":[{\"@type\":\"WebPage\",\"@id\":\"https:\/\/noucartallers.es\/servicios\/pintura\",\"url\":\"https:\/\/noucartallers.es\/servicios\/pintura\",\"name\":\"Pintura - Nou Car Tallers\",\"isPartOf\":{\"@id\":\"https:\/\/noucartallers.es\/#website\"},\"datePublished\":\"2023-07-17T12:25:54+00:00\",\"dateModified\":\"2023-07-21T09:35:18+00:00\",\"breadcrumb\":{\"@id\":\"https:\/\/noucartallers.es\/servicios\/pintura#breadcrumb\"},\"inLanguage\":\"ca\",\"potentialAction\":[{\"@type\":\"ReadAction\",\"target\":[\"https:\/\/noucartallers.es\/servicios\/pintura\"]}]},{\"@type\":\"BreadcrumbList\",\"@id\":\"https:\/\/noucartallers.es\/servicios\/pintura#breadcrumb\",\"itemListElement\":[{\"@type\":\"ListItem\",\"position\":1,\"name\":\"Portada\",\"item\":\"https:\/\/noucartallers.es\/\"},{\"@type\":\"ListItem\",\"position\":2,\"name\":\"SERVICIOS\",\"item\":\"https:\/\/noucartallers.es\/servicios\"},{\"@type\":\"ListItem\",\"position\":3,\"name\":\"Pintura\"}]},{\"@type\":\"WebSite\",\"@id\":\"https:\/\/noucartallers.es\/#website\",\"url\":\"https:\/\/noucartallers.es\/\",\"name\":\"Nou Car Tallers\",\"description\":\"Servicio de mantenimiento y reparaciones para todo tipo de veh\u00edculos\",\"potentialAction\":[{\"@type\":\"SearchAction\",\"target\":{\"@type\":\"EntryPoint\",\"urlTemplate\":\"https:\/\/noucartallers.es\/?s={search_term_string}\"},\"query-input\":{\"@type\":\"PropertyValueSpecification\",\"valueRequired\":true,\"valueName\":\"search_term_string\"}}],\"inLanguage\":\"ca\"}]}<\/script>\n<!-- \/ Yoast SEO plugin. -->","yoast_head_json":{"title":"Pintura - Nou Car Tallers","robots":{"index":"index","follow":"follow","max-snippet":"max-snippet:-1","max-image-preview":"max-image-preview:large","max-video-preview":"max-video-preview:-1"},"canonical":"https:\/\/noucartallers.es\/ca\/servicios\/pintura\/","og_locale":"ca_ES","og_type":"article","og_title":"Pintura - Nou Car Tallers","og_url":"https:\/\/noucartallers.es\/ca\/servicios\/pintura\/","og_site_name":"Nou Car Tallers","article_modified_time":"2023-07-21T09:35:18+00:00","twitter_card":"summary_large_image","twitter_misc":{"Temps estimat de lectura":"5 minuts"},"schema":{"@context":"https:\/\/schema.org","@graph":[{"@type":"WebPage","@id":"https:\/\/noucartallers.es\/servicios\/pintura","url":"https:\/\/noucartallers.es\/servicios\/pintura","name":"Pintura - Nou Car Tallers","isPartOf":{"@id":"https:\/\/noucartallers.es\/#website"},"datePublished":"2023-07-17T12:25:54+00:00","dateModified":"2023-07-21T09:35:18+00:00","breadcrumb":{"@id":"https:\/\/noucartallers.es\/servicios\/pintura#breadcrumb"},"inLanguage":"ca","potentialAction":[{"@type":"ReadAction","target":["https:\/\/noucartallers.es\/servicios\/pintura"]}]},{"@type":"BreadcrumbList","@id":"https:\/\/noucartallers.es\/servicios\/pintura#breadcrumb","itemListElement":[{"@type":"ListItem","position":1,"name":"Portada","item":"https:\/\/noucartallers.es\/"},{"@type":"ListItem","position":2,"name":"SERVICIOS","item":"https:\/\/noucartallers.es\/servicios"},{"@type":"ListItem","position":3,"name":"Pintura"}]},{"@type":"WebSite","@id":"https:\/\/noucartallers.es\/#website","url":"https:\/\/noucartallers.es\/","name":"Nou Car Tallers","description":"Servicio de mantenimiento y reparaciones para todo tipo de veh\u00edculos","potentialAction":[{"@type":"SearchAction","target":{"@type":"EntryPoint","urlTemplate":"https:\/\/noucartallers.es\/?s={search_term_string}"},"query-input":{"@type":"PropertyValueSpecification","valueRequired":true,"valueName":"search_term_string"}}],"inLanguage":"ca"}]}},"_links":{"self":[{"href":"https:\/\/noucartallers.es\/ca\/wp-json\/wp\/v2\/pages\/899","targetHints":{"allow":["GET"]}}],"collection":[{"href":"https:\/\/noucartallers.es\/ca\/wp-json\/wp\/v2\/pages"}],"about":[{"href":"https:\/\/noucartallers.es\/ca\/wp-json\/wp\/v2\/types\/page"}],"author":[{"embeddable":true,"href":"https:\/\/noucartallers.es\/ca\/wp-json\/wp\/v2\/users\/1"}],"replies":[{"embeddable":true,"href":"https:\/\/noucartallers.es\/ca\/wp-json\/wp\/v2\/comments?post=899"}],"version-history":[{"count":9,"href":"https:\/\/noucartallers.es\/ca\/wp-json\/wp\/v2\/pages\/899\/revisions"}],"predecessor-version":[{"id":1080,"href":"https:\/\/noucartallers.es\/ca\/wp-json\/wp\/v2\/pages\/899\/revisions\/1080"}],"up":[{"embeddable":true,"href":"https:\/\/noucartallers.es\/ca\/wp-json\/wp\/v2\/pages\/63"}],"wp:attachment":[{"href":"https:\/\/noucartallers.es\/ca\/wp-json\/wp\/v2\/media?parent=899"}],"curies":[{"name":"wp","href":"https:\/\/api.w.org\/{rel}","templated":true}]}}