{"id":938,"date":"2023-07-18T09:10:49","date_gmt":"2023-07-18T09:10:49","guid":{"rendered":"https:\/\/noucartallers.es\/itv-copy"},"modified":"2023-07-21T09:50:33","modified_gmt":"2023-07-21T09:50:33","slug":"pre-compra-venta","status":"publish","type":"page","link":"https:\/\/noucartallers.es\/ca\/servicios\/pre-compra-venta","title":{"rendered":"PRE COMPRA-VENDA"},"content":{"rendered":"<div class=\"wpb-content-wrapper\"><div data-vc-full-width=\"true\" data-vc-full-width-temp=\"true\" data-vc-full-width-init=\"false\" data-vc-stretch-content=\"true\" class=\"vc_row wpb_row vc_row-fluid vc_row-no-padding\"><div class=\"wpb_column vc_column_container vc_col-sm-12 vc_hidden-md vc_hidden-sm vc_hidden-xs vc_col-has-fill\"><div class=\"vc_column-inner vc_custom_1689672049364\"><div class=\"wpb_wrapper\"><div class=\"boc_spacing\" style=\"height: 350px\"><\/div>\n\t<div class=\"wpb_text_column wpb_content_element\" >\n\t\t<div class=\"wpb_wrapper\">\n\t\t\t<h1 style=\"font-weight: bold; text-align: center;\"><span style=\"color: #ffffff;\">PRE COMPRA-VENDA<\/span><\/h1>\n\n\t\t<\/div>\n\t<\/div>\n<div class=\"boc_spacing\" style=\"height: 20px\"><\/div><\/div><\/div><\/div><\/div><div class=\"vc_row-full-width vc_clearfix\"><\/div><div data-vc-full-width=\"true\" data-vc-full-width-temp=\"true\" data-vc-full-width-init=\"false\" data-vc-stretch-content=\"true\" class=\"vc_row wpb_row vc_row-fluid vc_custom_1656325280887 vc_row-no-padding\"><div class=\"wpb_column vc_column_container vc_col-sm-12 vc_hidden-lg vc_col-has-fill\"><div class=\"vc_column-inner vc_custom_1689672077659\"><div class=\"wpb_wrapper\"><div class=\"boc_spacing\" style=\"height: 150px\"><\/div>\n\t<div class=\"wpb_text_column wpb_content_element\" >\n\t\t<div class=\"wpb_wrapper\">\n\t\t\t<h1 style=\"font-weight: bold; text-align: center;\"><span style=\"color: #ffffff;\">PRE COMPRA-VENDA<\/span><\/h1>\n\n\t\t<\/div>\n\t<\/div>\n<div class=\"boc_spacing\" style=\"height: 20px\"><\/div><\/div><\/div><\/div><\/div><div class=\"vc_row-full-width vc_clearfix\"><\/div><div class=\"vc_row wpb_row vc_row-fluid\"><div class=\"wpb_column vc_column_container vc_col-sm-12\"><div class=\"vc_column-inner\"><div class=\"wpb_wrapper\"><div class=\"boc_spacing\" style=\"height: 20px\"><\/div><\/div><\/div><\/div><\/div><div class=\"vc_row wpb_row vc_row-fluid vc_custom_1657104679870 vc_column-gap-35\"><div class=\"wpb_column vc_column_container vc_col-sm-6\"><div class=\"vc_column-inner\"><div class=\"wpb_wrapper\">\n\t<div class=\"wpb_text_column wpb_content_element\" >\n\t\t<div class=\"wpb_wrapper\">\n\t\t\t<h2>NOU CAR TALLERS, servei de Pre Compra-Venda: Garanteix la confian\u00e7a en la teva compra i maximitza el valor de la teva venda<\/h2>\n<p>Al nostre taller, oferim un servei especialitzat de Pre Compra-Venda que et brinda tranquil\u00b7litat i confian\u00e7a en adquirir o vendre un vehicle. Sabem que en comprar, no sempre pots avaluar adequadament la part mec\u00e0nica de l&#039;autom\u00f2bil, cosa que pot generar incertesa. I en vendre, una carrosseria impecable pot marcar la difer\u00e8ncia en el valor i la rapidesa de venda.<\/p>\n<p>Amb el nostre servei, podr\u00e0s estar segur que est\u00e0s fent una compra informada i que maximitzar\u00e0s el potencial de venda del teu vehicle.<\/p>\n\n\t\t<\/div>\n\t<\/div>\n<\/div><\/div><\/div><div class=\"wpb_column vc_column_container vc_col-sm-6\"><div class=\"vc_column-inner\"><div class=\"wpb_wrapper\">\n\t<div  class=\"wpb_single_image wpb_content_element vc_align_left wpb_content_element\">\n\t\t\n\t\t<figure class=\"wpb_wrapper vc_figure\">\n\t\t\t<div class=\"vc_single_image-wrapper   vc_box_border_grey\"><img loading=\"lazy\" decoding=\"async\" width=\"1920\" height=\"1080\" src=\"https:\/\/noucartallers.es\/wp-content\/uploads\/2023\/07\/taller-mecanico-2.jpg\" class=\"vc_single_image-img attachment-full\" alt=\"\" title=\"taller mec\u00e1nico (2)\" srcset=\"https:\/\/noucartallers.es\/wp-content\/uploads\/2023\/07\/taller-mecanico-2.jpg 1920w, https:\/\/noucartallers.es\/wp-content\/uploads\/2023\/07\/taller-mecanico-2-300x169.jpg 300w, https:\/\/noucartallers.es\/wp-content\/uploads\/2023\/07\/taller-mecanico-2-1024x576.jpg 1024w, https:\/\/noucartallers.es\/wp-content\/uploads\/2023\/07\/taller-mecanico-2-768x432.jpg 768w, https:\/\/noucartallers.es\/wp-content\/uploads\/2023\/07\/taller-mecanico-2-1536x864.jpg 1536w\" sizes=\"auto, (max-width: 1920px) 100vw, 1920px\" \/><\/div>\n\t\t<\/figure>\n\t<\/div>\n<\/div><\/div><\/div><\/div><div class=\"vc_row wpb_row vc_row-fluid vc_custom_1657104679870 vc_column-gap-35\"><div class=\"wpb_column vc_column_container vc_col-sm-12\"><div class=\"vc_column-inner\"><div class=\"wpb_wrapper\"><div class=\"boc_spacing\" style=\"height: 20px\"><\/div><\/div><\/div><\/div><\/div><div class=\"vc_row wpb_row vc_row-fluid\"><div class=\"botones wpb_column vc_column_container vc_col-sm-12\"><div class=\"vc_column-inner\"><div class=\"wpb_wrapper\"><div class=\"boc_spacing\" style=\"height: 1px\"><\/div><h3 class=\"boc_heading  center  boc_subheading\"  style=\"margin-bottom: 20px;margin-top: 0px;color: #333333;\"><span>Confia en nosaltres, tenim <strong>la soluci\u00f3 al teu problema<\/strong><\/span><\/h3><div class=\"boc_spacing\" style=\"height: 30px\"><\/div><\/div><\/div><\/div><\/div><div class=\"vc_row wpb_row vc_row-fluid vc_custom_1657104679870 vc_column-gap-35\"><div class=\"wpb_column vc_column_container vc_col-sm-12\"><div class=\"vc_column-inner\"><div class=\"wpb_wrapper\">\n\t<div class=\"wpb_text_column wpb_content_element\" >\n\t\t<div class=\"wpb_wrapper\">\n\t\t\t<p style=\"text-align: center;\"><strong>BENEFICIS DE REVISAR EL TEU VEHICLE AMB NOSALTRES<\/strong><\/p>\n\n\t\t<\/div>\n\t<\/div>\n<\/div><\/div><\/div><\/div><div class=\"vc_row wpb_row vc_row-fluid vc_custom_1657104679870 vc_column-gap-35\"><div class=\"wpb_column vc_column_container vc_col-sm-4\"><div class=\"vc_column-inner\"><div class=\"wpb_wrapper\"><div id=\"top_icon_box_47398\" class=\"top_icon_box type1\"><div class=\"icon_holder\"><div class=\"icon_bgr\"><\/div><div class=\"icon_center\"><i class=\"icon icon-dollar\"><\/i><\/div><\/div><h3>Avaluaci\u00f3 completa del vehicle<\/h3><p>El nostre servei de Pre Compra-Venda inclou una minuciosa inspecci\u00f3 de la part mec\u00e0nica i estructural del vehicle. Identifiquem possibles problemes ocults i et proporcionem un informe detallat, cosa que et permetr\u00e0 prendre decisions de compra informades i evitar futures despeses inesperades.<\/p><\/div><\/div><\/div><\/div><div class=\"wpb_column vc_column_container vc_col-sm-4\"><div class=\"vc_column-inner\"><div class=\"wpb_wrapper\"><div id=\"top_icon_box_27957\" class=\"top_icon_box type1\"><div class=\"icon_holder\"><div class=\"icon_bgr\"><\/div><div class=\"icon_center\"><i class=\"icon icon-star-half-empty\"><\/i><\/div><\/div><h3>Valoraci\u00f3 est\u00e8tica<\/h3><p>En vendre el vehicle, l&#039;aparen\u00e7a exterior \u00e9s crucial. Realitzem una avaluaci\u00f3 exhaustiva de la carrosseria, polint i reparant qualsevol imperfecci\u00f3 perqu\u00e8 el teu vehicle llueixi impecable. Aix\u00f2 no nom\u00e9s incrementa el valor de venda, sin\u00f3 que tamb\u00e9 augmenta les possibilitats d&#039;una venda r\u00e0pida i amb \u00e8xit.<\/p><\/div><\/div><\/div><\/div><div class=\"wpb_column vc_column_container vc_col-sm-4\"><div class=\"vc_column-inner\"><div class=\"wpb_wrapper\"><div id=\"top_icon_box_1765\" class=\"top_icon_box type1\"><div class=\"icon_holder\"><div class=\"icon_bgr\"><\/div><div class=\"icon_center\"><i class=\"icon icon-users2\"><\/i><\/div><\/div><h3>Assessorament expert<\/h3><p>El nostre equip de professionals altament capacitats us brindar\u00e0 assessorament personalitzat en tot el proc\u00e9s de compra o venda. Responem a totes les teves preguntes i t&#039;oferim recomanacions basades en la nostra experi\u00e8ncia i coneixements t\u00e8cnics, assegurant-te una experi\u00e8ncia fiable i satisfact\u00f2ria<\/p><\/div><\/div><\/div><\/div><\/div><div class=\"vc_row wpb_row vc_row-fluid\"><div class=\"wpb_column vc_column_container vc_col-sm-12\"><div class=\"vc_column-inner\"><div class=\"wpb_wrapper\">\n\t<div class=\"wpb_text_column wpb_content_element\" >\n\t\t<div class=\"wpb_wrapper\">\n\t\t\t<p><strong>Punt de control realitzats: <\/strong><\/p>\n<p><strong>\u00a0<\/strong><\/p>\n<p>-Diagnosi del sistema del vehicle<\/p>\n<p>-Punt de control realitzats:<\/p>\n<p>-Motor<\/p>\n<p>-Rodes i frens<\/p>\n<p>-Estat carrosseria <\/p>\n\n\t\t<\/div>\n\t<\/div>\n<\/div><\/div><\/div><\/div><div class=\"vc_row wpb_row vc_row-fluid\"><div class=\"wpb_column vc_column_container vc_col-sm-12\"><div class=\"vc_column-inner\"><div class=\"wpb_wrapper\"><div class=\"boc_spacing\" style=\"height: 30px\"><\/div><\/div><\/div><\/div><\/div>\n<\/div>","protected":false},"excerpt":{"rendered":"PRE COMPRA-VENTA PRE COMPRA-VENTA NOU CAR TALLERS, servicio de Pre Compra-Venta: Garantiza la confianza en tu compra y maximiza el valor de tu venta En nuestro taller, ofrecemos un servicio especializado de Pre Compra-Venta que te brinda tranquilidad y confianza al adquirir o vender un veh\u00edculo. Sabemos que al comprar, no siempre puedes evaluar adecuadamente la parte mec\u00e1nica del autom\u00f3vil,<div class=\"h10\"><\/div><a class=\"more-link1\" href=\"https:\/\/noucartallers.es\/ca\/servicios\/pre-compra-venta\">Read more<\/a>","protected":false},"author":1,"featured_media":0,"parent":63,"menu_order":0,"comment_status":"closed","ping_status":"closed","template":"","meta":{"footnotes":""},"class_list":["post-938","page","type-page","status-publish","hentry"],"yoast_head":"<!-- This site is optimized with the Yoast SEO plugin v26.7 - https:\/\/yoast.com\/wordpress\/plugins\/seo\/ -->\n<title>PRE COMPRA-VENTA - Nou Car Tallers<\/title>\n<meta name=\"robots\" content=\"index, follow, max-snippet:-1, max-image-preview:large, max-video-preview:-1\" \/>\n<link rel=\"canonical\" href=\"https:\/\/noucartallers.es\/ca\/servicios\/pre-compra-venta\/\" \/>\n<meta property=\"og:locale\" content=\"ca_ES\" \/>\n<meta property=\"og:type\" content=\"article\" \/>\n<meta property=\"og:title\" content=\"PRE COMPRA-VENTA - Nou Car Tallers\" \/>\n<meta property=\"og:url\" content=\"https:\/\/noucartallers.es\/ca\/servicios\/pre-compra-venta\/\" \/>\n<meta property=\"og:site_name\" content=\"Nou Car Tallers\" \/>\n<meta property=\"article:modified_time\" content=\"2023-07-21T09:50:33+00:00\" \/>\n<meta name=\"twitter:card\" content=\"summary_large_image\" \/>\n<meta name=\"twitter:label1\" content=\"Temps estimat de lectura\" \/>\n\t<meta name=\"twitter:data1\" content=\"3 minuts\" \/>\n<script type=\"application\/ld+json\" class=\"yoast-schema-graph\">{\"@context\":\"https:\/\/schema.org\",\"@graph\":[{\"@type\":\"WebPage\",\"@id\":\"https:\/\/noucartallers.es\/servicios\/pre-compra-venta\",\"url\":\"https:\/\/noucartallers.es\/servicios\/pre-compra-venta\",\"name\":\"PRE COMPRA-VENTA - Nou Car Tallers\",\"isPartOf\":{\"@id\":\"https:\/\/noucartallers.es\/#website\"},\"datePublished\":\"2023-07-18T09:10:49+00:00\",\"dateModified\":\"2023-07-21T09:50:33+00:00\",\"breadcrumb\":{\"@id\":\"https:\/\/noucartallers.es\/servicios\/pre-compra-venta#breadcrumb\"},\"inLanguage\":\"ca\",\"potentialAction\":[{\"@type\":\"ReadAction\",\"target\":[\"https:\/\/noucartallers.es\/servicios\/pre-compra-venta\"]}]},{\"@type\":\"BreadcrumbList\",\"@id\":\"https:\/\/noucartallers.es\/servicios\/pre-compra-venta#breadcrumb\",\"itemListElement\":[{\"@type\":\"ListItem\",\"position\":1,\"name\":\"Portada\",\"item\":\"https:\/\/noucartallers.es\/\"},{\"@type\":\"ListItem\",\"position\":2,\"name\":\"SERVICIOS\",\"item\":\"https:\/\/noucartallers.es\/servicios\"},{\"@type\":\"ListItem\",\"position\":3,\"name\":\"PRE COMPRA-VENTA\"}]},{\"@type\":\"WebSite\",\"@id\":\"https:\/\/noucartallers.es\/#website\",\"url\":\"https:\/\/noucartallers.es\/\",\"name\":\"Nou Car Tallers\",\"description\":\"Servicio de mantenimiento y reparaciones para todo tipo de veh\u00edculos\",\"potentialAction\":[{\"@type\":\"SearchAction\",\"target\":{\"@type\":\"EntryPoint\",\"urlTemplate\":\"https:\/\/noucartallers.es\/?s={search_term_string}\"},\"query-input\":{\"@type\":\"PropertyValueSpecification\",\"valueRequired\":true,\"valueName\":\"search_term_string\"}}],\"inLanguage\":\"ca\"}]}<\/script>\n<!-- \/ Yoast SEO plugin. -->","yoast_head_json":{"title":"PRE COMPRA-VENTA - Nou Car Tallers","robots":{"index":"index","follow":"follow","max-snippet":"max-snippet:-1","max-image-preview":"max-image-preview:large","max-video-preview":"max-video-preview:-1"},"canonical":"https:\/\/noucartallers.es\/ca\/servicios\/pre-compra-venta\/","og_locale":"ca_ES","og_type":"article","og_title":"PRE COMPRA-VENTA - Nou Car Tallers","og_url":"https:\/\/noucartallers.es\/ca\/servicios\/pre-compra-venta\/","og_site_name":"Nou Car Tallers","article_modified_time":"2023-07-21T09:50:33+00:00","twitter_card":"summary_large_image","twitter_misc":{"Temps estimat de lectura":"3 minuts"},"schema":{"@context":"https:\/\/schema.org","@graph":[{"@type":"WebPage","@id":"https:\/\/noucartallers.es\/servicios\/pre-compra-venta","url":"https:\/\/noucartallers.es\/servicios\/pre-compra-venta","name":"PRE COMPRA-VENTA - Nou Car Tallers","isPartOf":{"@id":"https:\/\/noucartallers.es\/#website"},"datePublished":"2023-07-18T09:10:49+00:00","dateModified":"2023-07-21T09:50:33+00:00","breadcrumb":{"@id":"https:\/\/noucartallers.es\/servicios\/pre-compra-venta#breadcrumb"},"inLanguage":"ca","potentialAction":[{"@type":"ReadAction","target":["https:\/\/noucartallers.es\/servicios\/pre-compra-venta"]}]},{"@type":"BreadcrumbList","@id":"https:\/\/noucartallers.es\/servicios\/pre-compra-venta#breadcrumb","itemListElement":[{"@type":"ListItem","position":1,"name":"Portada","item":"https:\/\/noucartallers.es\/"},{"@type":"ListItem","position":2,"name":"SERVICIOS","item":"https:\/\/noucartallers.es\/servicios"},{"@type":"ListItem","position":3,"name":"PRE COMPRA-VENTA"}]},{"@type":"WebSite","@id":"https:\/\/noucartallers.es\/#website","url":"https:\/\/noucartallers.es\/","name":"Nou Car Tallers","description":"Servicio de mantenimiento y reparaciones para todo tipo de veh\u00edculos","potentialAction":[{"@type":"SearchAction","target":{"@type":"EntryPoint","urlTemplate":"https:\/\/noucartallers.es\/?s={search_term_string}"},"query-input":{"@type":"PropertyValueSpecification","valueRequired":true,"valueName":"search_term_string"}}],"inLanguage":"ca"}]}},"_links":{"self":[{"href":"https:\/\/noucartallers.es\/ca\/wp-json\/wp\/v2\/pages\/938","targetHints":{"allow":["GET"]}}],"collection":[{"href":"https:\/\/noucartallers.es\/ca\/wp-json\/wp\/v2\/pages"}],"about":[{"href":"https:\/\/noucartallers.es\/ca\/wp-json\/wp\/v2\/types\/page"}],"author":[{"embeddable":true,"href":"https:\/\/noucartallers.es\/ca\/wp-json\/wp\/v2\/users\/1"}],"replies":[{"embeddable":true,"href":"https:\/\/noucartallers.es\/ca\/wp-json\/wp\/v2\/comments?post=938"}],"version-history":[{"count":6,"href":"https:\/\/noucartallers.es\/ca\/wp-json\/wp\/v2\/pages\/938\/revisions"}],"predecessor-version":[{"id":1041,"href":"https:\/\/noucartallers.es\/ca\/wp-json\/wp\/v2\/pages\/938\/revisions\/1041"}],"up":[{"embeddable":true,"href":"https:\/\/noucartallers.es\/ca\/wp-json\/wp\/v2\/pages\/63"}],"wp:attachment":[{"href":"https:\/\/noucartallers.es\/ca\/wp-json\/wp\/v2\/media?parent=938"}],"curies":[{"name":"wp","href":"https:\/\/api.w.org\/{rel}","templated":true}]}}